{"id":648,"date":"2026-02-07T22:00:30","date_gmt":"2026-02-07T22:00:30","guid":{"rendered":"https:\/\/wayratrip.mohamedmokhtar.net\/?page_id=648"},"modified":"2026-03-08T16:35:34","modified_gmt":"2026-03-08T16:35:34","slug":"trips","status":"publish","type":"page","link":"https:\/\/russian.deserthorsetrips.com\/ro\/trips\/","title":{"rendered":"droma"},"content":{"rendered":"<div data-elementor-type=\"wp-page\" data-elementor-id=\"648\" class=\"elementor elementor-648\" data-elementor-post-type=\"page\">\n\t\t\t\t\t\t<section class=\"elementor-section elementor-top-section elementor-element elementor-element-33b3f2a4 ct-section-stretched elementor-section-boxed elementor-section-height-default elementor-section-height-default\" data-id=\"33b3f2a4\" data-element_type=\"section\" data-e-type=\"section\" data-settings=\"{&quot;background_background&quot;:&quot;classic&quot;}\">\n\t\t\t\t\t\t\t<div class=\"elementor-background-overlay\"><\/div>\n\t\t\t\t\t\t\t<div class=\"elementor-container elementor-column-gap-default\">\n\t\t\t\t\t<div class=\"elementor-column elementor-col-100 elementor-top-column elementor-element elementor-element-1fbdba45\" data-id=\"1fbdba45\" data-element_type=\"column\" data-e-type=\"column\">\n\t\t\t<div class=\"elementor-widget-wrap elementor-element-populated\">\n\t\t\t\t\t\t<div class=\"elementor-element elementor-element-28a7cbb0 elementor-widget elementor-widget-heading\" data-id=\"28a7cbb0\" data-element_type=\"widget\" data-e-type=\"widget\" data-widget_type=\"heading.default\">\n\t\t\t\t\t<h2 class=\"elementor-heading-title elementor-size-default\">Amare droma<\/h2>\t\t\t\t<\/div>\n\t\t\t\t\t<\/div>\n\t\t<\/div>\n\t\t\t\t\t<\/div>\n\t\t<\/section>\n\t\t<div class=\"elementor-element elementor-element-75b0012a e-con-full e-flex e-con e-parent\" data-id=\"75b0012a\" data-element_type=\"container\" data-e-type=\"container\">\n\t\t<div class=\"elementor-element elementor-element-70bbc771 e-con-full e-flex e-con e-child\" data-id=\"70bbc771\" data-element_type=\"container\" data-e-type=\"container\">\n\t\t<div class=\"elementor-element elementor-element-4f85cb34 e-con-full e-flex e-con e-child\" data-id=\"4f85cb34\" data-element_type=\"container\" data-e-type=\"container\">\n\t\t\t\t<div class=\"elementor-element elementor-element-457b3ff7 elementor-widget elementor-widget-image\" data-id=\"457b3ff7\" data-element_type=\"widget\" data-e-type=\"widget\" data-widget_type=\"image.default\">\n\t\t\t\t\t\t\t\t\t\t\t\t\t\t\t<img fetchpriority=\"high\" decoding=\"async\" width=\"1500\" height=\"1000\" src=\"https:\/\/russian.deserthorsetrips.com\/wp-content\/uploads\/2026\/03\/2151456244.jpg\" class=\"attachment-full size-full wp-image-1583\" alt=\"\" srcset=\"https:\/\/russian.deserthorsetrips.com\/wp-content\/uploads\/2026\/03\/2151456244.jpg 1500w, https:\/\/russian.deserthorsetrips.com\/wp-content\/uploads\/2026\/03\/2151456244-300x200.jpg 300w, https:\/\/russian.deserthorsetrips.com\/wp-content\/uploads\/2026\/03\/2151456244-1024x683.jpg 1024w, https:\/\/russian.deserthorsetrips.com\/wp-content\/uploads\/2026\/03\/2151456244-768x512.jpg 768w\" sizes=\"(max-width: 1500px) 100vw, 1500px\" \/>\t\t\t\t\t\t\t\t\t\t\t\t\t\t\t<\/div>\n\t\t\t\t<div class=\"elementor-element elementor-element-614bcc93 elementor-invisible elementor-widget elementor-widget-image-box\" data-id=\"614bcc93\" data-element_type=\"widget\" data-e-type=\"widget\" data-settings=\"{&quot;_animation&quot;:&quot;fadeInDown&quot;}\" data-widget_type=\"image-box.default\">\n\t\t\t\t\t<div class=\"elementor-image-box-wrapper\"><div class=\"elementor-image-box-content\"><h4 class=\"elementor-image-box-title\"><a href=\"\/ro\/\u0434\u0430\u0439\u0432\u0438\u043d\u0433\/\">\u0107hivipen<\/a><\/h4><p class=\"elementor-image-box-description\">4 divesa\/3 racia\n\nDives 1: (Areslipe ki Hurghada - te pind\u017eares o foro)\n\nAreslipe thaj registracia: Areslipe ko Hurghada Ma\u0161karthemutno Aeroporto thaj transferipe ko hoteli. Amen rekomendisaras te be\u015ben an\u03b8-i rig e Sahl Hasheesh vaj an\u03b8-i Al Mamsha sosqe von si pa\u015be e thana va\u015b o \u0107hivipen thaj e aktivit\u00e8tur\u0103.\n\nAktiviteto e ra\u0107ako: Kana si \u0107hivdo, keren jekh bipokinipeski turneja ko Hurghadako pani vaj ko Dahar purano bazari. Tu \u015baj te prin\u0292ares i atmosfera e foroski thaj te xas xamasko an\u03b8-e jekh an\u03b8ar e restorantur\u0103 save dikhen o moro.<\/p><\/div><\/div>\t\t\t\t<\/div>\n\t\t\t\t<\/div>\n\t\t<div class=\"elementor-element elementor-element-d3db78f e-con-full e-flex e-con e-child\" data-id=\"d3db78f\" data-element_type=\"container\" data-e-type=\"container\">\n\t\t\t\t<div class=\"elementor-element elementor-element-2d32fa54 elementor-widget elementor-widget-image\" data-id=\"2d32fa54\" data-element_type=\"widget\" data-e-type=\"widget\" data-widget_type=\"image.default\">\n\t\t\t\t\t\t\t\t\t\t\t\t\t\t\t<img decoding=\"async\" width=\"626\" height=\"417\" src=\"https:\/\/russian.deserthorsetrips.com\/wp-content\/uploads\/2026\/03\/man-riding-motorcycle-sand_157912-12508.avif\" class=\"attachment-full size-full wp-image-1596\" alt=\"\" srcset=\"https:\/\/russian.deserthorsetrips.com\/wp-content\/uploads\/2026\/03\/man-riding-motorcycle-sand_157912-12508.avif 626w, https:\/\/russian.deserthorsetrips.com\/wp-content\/uploads\/2026\/03\/man-riding-motorcycle-sand_157912-12508-300x200.avif 300w\" sizes=\"(max-width: 626px) 100vw, 626px\" \/>\t\t\t\t\t\t\t\t\t\t\t\t\t\t\t<\/div>\n\t\t\t\t<div class=\"elementor-element elementor-element-1c8820dc elementor-invisible elementor-widget elementor-widget-image-box\" data-id=\"1c8820dc\" data-element_type=\"widget\" data-e-type=\"widget\" data-settings=\"{&quot;_animation&quot;:&quot;fadeInDown&quot;}\" data-widget_type=\"image-box.default\">\n\t\t\t\t\t<div class=\"elementor-image-box-wrapper\"><div class=\"elementor-image-box-content\"><h4 class=\"elementor-image-box-title\"><a href=\"\/ro\/\u0441\u0430\u0444\u0430\u0440\u0438\/\">Safari<\/a><\/h4><p class=\"elementor-image-box-description\">4 divesa\/3 racia\n\nDives 1: (Areslipe ki Hurghada \u2013 registracia thaj gatisaripe)\n\nAreslipe thaj check-in: Areslipe ko Hurghada aeroporto thaj transferipe ko hoteli ja ko turisticko kampo. Amen rekomendisaras te be\u015bes an\u03b8-i jekh rig savi si an\u03b8-o agor e \u0107ororesko, sar so si i Safaga vaj an\u03b8-e thana pa\u015be e Lole Moreske Bre\u015ba.\n\nIntrodukciaqo phiripen: Palal o be\u015bipen, malaven tumen e \u015berutnesa e dromesqo te prin\u0292aren tumen e safari programosa, e instrukcienqe pal-i sekuritato thaj e gatisaripe e la\u0107he gadaqo thaj e aparaturaqo.\n\nRat: Bahtalo xamasko ano hoteli e milajeske sesiasa te shaj te hatjares e pustinjaki atmosfera.<\/p><\/div><\/div>\t\t\t\t<\/div>\n\t\t\t\t<\/div>\n\t\t\t\t<\/div>\n\t\t\t\t<\/div>\n\t\t<div class=\"elementor-element elementor-element-dedc743 e-con-full e-flex e-con e-parent\" data-id=\"dedc743\" data-element_type=\"container\" data-e-type=\"container\">\n\t\t<div class=\"elementor-element elementor-element-2f23bb3 e-con-full e-flex e-con e-child\" data-id=\"2f23bb3\" data-element_type=\"container\" data-e-type=\"container\">\n\t\t<div class=\"elementor-element elementor-element-2b3656c e-con-full e-flex e-con e-child\" data-id=\"2b3656c\" data-element_type=\"container\" data-e-type=\"container\">\n\t\t\t\t<div class=\"elementor-element elementor-element-24ae924 elementor-widget elementor-widget-image\" data-id=\"24ae924\" data-element_type=\"widget\" data-e-type=\"widget\" data-widget_type=\"image.default\">\n\t\t\t\t\t\t\t\t\t\t\t\t\t\t\t<img decoding=\"async\" width=\"680\" height=\"510\" src=\"https:\/\/russian.deserthorsetrips.com\/wp-content\/uploads\/2026\/02\/unnamed-13.webp\" class=\"attachment-full size-full wp-image-1355\" alt=\"\" srcset=\"https:\/\/russian.deserthorsetrips.com\/wp-content\/uploads\/2026\/02\/unnamed-13.webp 680w, https:\/\/russian.deserthorsetrips.com\/wp-content\/uploads\/2026\/02\/unnamed-13-300x225.webp 300w\" sizes=\"(max-width: 680px) 100vw, 680px\" \/>\t\t\t\t\t\t\t\t\t\t\t\t\t\t\t<\/div>\n\t\t\t\t<div class=\"elementor-element elementor-element-e2b118b elementor-invisible elementor-widget elementor-widget-image-box\" data-id=\"e2b118b\" data-element_type=\"widget\" data-e-type=\"widget\" data-settings=\"{&quot;_animation&quot;:&quot;fadeInDown&quot;}\" data-widget_type=\"image-box.default\">\n\t\t\t\t\t<div class=\"elementor-image-box-wrapper\"><div class=\"elementor-image-box-content\"><h4 class=\"elementor-image-box-title\"><a href=\"\/ro\/siwa\/\">Siva<\/a><\/h4><p class=\"elementor-image-box-description\">3 divesa\/2 racia Dives 1: Areslipe Ratyi: Iklipe katar o than e malavipnasko e ma\u0161inasa (o drom lel aproksimativno 8-9 chasura). Areslipe thaj odmor: Aresen ki Siwa palo dive, \u017aan ko hoteli, \u017aan ko sobe thaj odmor. Asr: Sigo tele te dikhes o kham te perel katar o Fatnas Island, o maj shukar than te dikhes o kham te perel. Rat: Iriv tut ko hoteli, xas thaj lo\u015bar tut e \u0107hivdi beduinsko atmosfera.<\/p><\/div><\/div>\t\t\t\t<\/div>\n\t\t\t\t<\/div>\n\t\t<div class=\"elementor-element elementor-element-066eb26 e-con-full e-flex e-con e-child\" data-id=\"066eb26\" data-element_type=\"container\" data-e-type=\"container\">\n\t\t\t\t<div class=\"elementor-element elementor-element-6dbe319 elementor-widget elementor-widget-image\" data-id=\"6dbe319\" data-element_type=\"widget\" data-e-type=\"widget\" data-widget_type=\"image.default\">\n\t\t\t\t\t\t\t\t\t\t\t\t\t\t\t<img loading=\"lazy\" decoding=\"async\" width=\"1230\" height=\"834\" src=\"https:\/\/russian.deserthorsetrips.com\/wp-content\/uploads\/2026\/02\/post-1_image0-28.webp\" class=\"attachment-full size-full wp-image-1353\" alt=\"\" srcset=\"https:\/\/russian.deserthorsetrips.com\/wp-content\/uploads\/2026\/02\/post-1_image0-28.webp 1230w, https:\/\/russian.deserthorsetrips.com\/wp-content\/uploads\/2026\/02\/post-1_image0-28-300x203.webp 300w, https:\/\/russian.deserthorsetrips.com\/wp-content\/uploads\/2026\/02\/post-1_image0-28-1024x694.webp 1024w, https:\/\/russian.deserthorsetrips.com\/wp-content\/uploads\/2026\/02\/post-1_image0-28-768x521.webp 768w\" sizes=\"(max-width: 1230px) 100vw, 1230px\" \/>\t\t\t\t\t\t\t\t\t\t\t\t\t\t\t<\/div>\n\t\t\t\t<div class=\"elementor-element elementor-element-e8b2ff0 elementor-invisible elementor-widget elementor-widget-image-box\" data-id=\"e8b2ff0\" data-element_type=\"widget\" data-e-type=\"widget\" data-settings=\"{&quot;_animation&quot;:&quot;fadeInDown&quot;}\" data-widget_type=\"image-box.default\">\n\t\t\t\t\t<div class=\"elementor-image-box-wrapper\"><div class=\"elementor-image-box-content\"><h4 class=\"elementor-image-box-title\"><a href=\"\/ro\/\u044d\u043a\u0441\u043a\u0443\u0440\u0441\u0438\u0438-\u0432-\u0445\u0443\u0440\u0433\u0430\u0434\u0443\/\">Hurghada<\/a><\/h4><p class=\"elementor-image-box-description\">3 divesa\/2 ra\u0107a 1 dives: Areslipe thaj kidipe ki moro Areslipe thaj check-in: Areslipe ki Hurghada, check-in ko hoteli, te lel pes soba, luncho thaj sigo \u017aanglipe ko moro ja ko basein vash relaksiribe. Rat: Palal jekh pauza, \u017aan tele ki Turistikani Promenada vaj ki Marina e Hurghadaki, phiren pa\u015bal late, pijen jekh pipe an\u03b8-e jekh an\u03b8ar e kafeteria thaj g\u00eendin e atmosfera e ratvale morosqi.<\/p><\/div><\/div>\t\t\t\t<\/div>\n\t\t\t\t<\/div>\n\t\t\t\t<\/div>\n\t\t\t\t<\/div>\n\t\t<div class=\"elementor-element elementor-element-85e6b3a e-con-full e-flex e-con e-parent\" data-id=\"85e6b3a\" data-element_type=\"container\" data-e-type=\"container\">\n\t\t<div class=\"elementor-element elementor-element-9053078 e-con-full e-flex e-con e-child\" data-id=\"9053078\" data-element_type=\"container\" data-e-type=\"container\">\n\t\t<div class=\"elementor-element elementor-element-a9a62d8 e-con-full e-flex e-con e-child\" data-id=\"a9a62d8\" data-element_type=\"container\" data-e-type=\"container\">\n\t\t\t\t<div class=\"elementor-element elementor-element-d563e02 elementor-widget elementor-widget-image\" data-id=\"d563e02\" data-element_type=\"widget\" data-e-type=\"widget\" data-widget_type=\"image.default\">\n\t\t\t\t\t\t\t\t\t\t\t\t\t\t\t<img loading=\"lazy\" decoding=\"async\" width=\"680\" height=\"510\" src=\"https:\/\/russian.deserthorsetrips.com\/wp-content\/uploads\/2026\/02\/unnamed-12.webp\" class=\"attachment-full size-full wp-image-1354\" alt=\"\" srcset=\"https:\/\/russian.deserthorsetrips.com\/wp-content\/uploads\/2026\/02\/unnamed-12.webp 680w, https:\/\/russian.deserthorsetrips.com\/wp-content\/uploads\/2026\/02\/unnamed-12-300x225.webp 300w\" sizes=\"(max-width: 680px) 100vw, 680px\" \/>\t\t\t\t\t\t\t\t\t\t\t\t\t\t\t<\/div>\n\t\t\t\t<div class=\"elementor-element elementor-element-c41871d elementor-invisible elementor-widget elementor-widget-image-box\" data-id=\"c41871d\" data-element_type=\"widget\" data-e-type=\"widget\" data-settings=\"{&quot;_animation&quot;:&quot;fadeInDown&quot;}\" data-widget_type=\"image-box.default\">\n\t\t\t\t\t<div class=\"elementor-image-box-wrapper\"><div class=\"elementor-image-box-content\"><h4 class=\"elementor-image-box-title\"><a href=\"\/ro\/aswan\/\">Aswan<\/a><\/h4><p class=\"elementor-image-box-description\">4 divesa\/3 ra\u0107a Dives 1 (Areslipe Luxor - East Bank): Aresen Luxor thaj astaren o phiripen katar o estutno them. Vizitin o Luxor Temple thaj o Drom le Rams. Vizitin o Karnakesko Templo (o maj baro templo ki lumia) thaj dikhen o Baro Hypostyle Hall. Akomodacia ko hoteli Luxor. Rat: Bipokinipesko phiripe ko Luxor Market ja opcionalno vizita ko Karnak lumiako thaj zvukosko \u0161ou.<\/p><\/div><\/div>\t\t\t\t<\/div>\n\t\t\t\t<\/div>\n\t\t<div class=\"elementor-element elementor-element-9bda144 e-con-full e-flex e-con e-child\" data-id=\"9bda144\" data-element_type=\"container\" data-e-type=\"container\">\n\t\t\t\t<div class=\"elementor-element elementor-element-ffc7d54 elementor-widget elementor-widget-image\" data-id=\"ffc7d54\" data-element_type=\"widget\" data-e-type=\"widget\" data-widget_type=\"image.default\">\n\t\t\t\t\t\t\t\t\t\t\t\t\t\t\t<img loading=\"lazy\" decoding=\"async\" width=\"677\" height=\"510\" src=\"https:\/\/russian.deserthorsetrips.com\/wp-content\/uploads\/2026\/02\/unnamed-14.webp\" class=\"attachment-full size-full wp-image-1356\" alt=\"\" srcset=\"https:\/\/russian.deserthorsetrips.com\/wp-content\/uploads\/2026\/02\/unnamed-14.webp 677w, https:\/\/russian.deserthorsetrips.com\/wp-content\/uploads\/2026\/02\/unnamed-14-300x226.webp 300w\" sizes=\"(max-width: 677px) 100vw, 677px\" \/>\t\t\t\t\t\t\t\t\t\t\t\t\t\t\t<\/div>\n\t\t\t\t<div class=\"elementor-element elementor-element-bff8cd4 elementor-invisible elementor-widget elementor-widget-image-box\" data-id=\"bff8cd4\" data-element_type=\"widget\" data-e-type=\"widget\" data-settings=\"{&quot;_animation&quot;:&quot;fadeInDown&quot;}\" data-widget_type=\"image-box.default\">\n\t\t\t\t\t<div class=\"elementor-image-box-wrapper\"><div class=\"elementor-image-box-content\"><h4 class=\"elementor-image-box-title\"><a href=\"\/ro\/alex\/\">Alexandria<\/a><\/h4><p class=\"elementor-image-box-description\">3 divesa \/ 2 ra\u0107a Angluno dives (transfero thaj \u017aanglipe) 5 am: Kidipe ko Abdel Moneim Riad Square (Kairo) thaj drom ko Assiut (3.5 \u0107\u00e0sura). \u2022 Areslipe: vizita ki citadela Qaitbay (maj anglal, anglal te sikaven pes e manu\u0161a). \u2022 Palal: Vizita ki Grekikani Katedrala ki Mansha (bi te avel tut dozvole). \u2022 Palal o mizmeri: vizita ki Biblioteka ki Alexandria (turnea + soba va\u015b ginavipen + Muzeumo Sadat + planetariumo). \u2022 Rat: Be\u015ben an\u03b8-o Cleopatra Hotel (3 \u0107\u00e0sur\u01ce) kaj dikhen o moro thaj o kham te perel. \u2022 Palal o xamasko: \u017aan ko jekh ceremonia e \u015bu\u017ae thaj e \u015bukaripnaski ki Qaitbay Citadel.<\/p><\/div><\/div>\t\t\t\t<\/div>\n\t\t\t\t<\/div>\n\t\t\t\t<\/div>\n\t\t\t\t<\/div>\n\t\t<div class=\"elementor-element elementor-element-9898094 e-con-full e-flex e-con e-parent\" data-id=\"9898094\" data-element_type=\"container\" data-e-type=\"container\">\n\t\t<div class=\"elementor-element elementor-element-cecf2d5 e-con-full e-flex e-con e-child\" data-id=\"cecf2d5\" data-element_type=\"container\" data-e-type=\"container\">\n\t\t<div class=\"elementor-element elementor-element-10c0075 e-con-full e-flex e-con e-child\" data-id=\"10c0075\" data-element_type=\"container\" data-e-type=\"container\">\n\t\t\t\t<div class=\"elementor-element elementor-element-51efb82 elementor-widget elementor-widget-image\" data-id=\"51efb82\" data-element_type=\"widget\" data-e-type=\"widget\" data-widget_type=\"image.default\">\n\t\t\t\t\t\t\t\t\t\t\t\t\t\t\t<img loading=\"lazy\" decoding=\"async\" width=\"1600\" height=\"1067\" src=\"https:\/\/russian.deserthorsetrips.com\/wp-content\/uploads\/2026\/02\/WhatsApp-Image-2026-02-09-at-20.36.50-1.jpeg\" class=\"attachment-full size-full wp-image-987\" alt=\"\" srcset=\"https:\/\/russian.deserthorsetrips.com\/wp-content\/uploads\/2026\/02\/WhatsApp-Image-2026-02-09-at-20.36.50-1.jpeg 1600w, https:\/\/russian.deserthorsetrips.com\/wp-content\/uploads\/2026\/02\/WhatsApp-Image-2026-02-09-at-20.36.50-1-300x200.jpeg 300w, https:\/\/russian.deserthorsetrips.com\/wp-content\/uploads\/2026\/02\/WhatsApp-Image-2026-02-09-at-20.36.50-1-1024x683.jpeg 1024w, https:\/\/russian.deserthorsetrips.com\/wp-content\/uploads\/2026\/02\/WhatsApp-Image-2026-02-09-at-20.36.50-1-768x512.jpeg 768w, https:\/\/russian.deserthorsetrips.com\/wp-content\/uploads\/2026\/02\/WhatsApp-Image-2026-02-09-at-20.36.50-1-1536x1024.jpeg 1536w\" sizes=\"(max-width: 1600px) 100vw, 1600px\" \/>\t\t\t\t\t\t\t\t\t\t\t\t\t\t\t<\/div>\n\t\t\t\t<div class=\"elementor-element elementor-element-fbc399d elementor-invisible elementor-widget elementor-widget-image-box\" data-id=\"fbc399d\" data-element_type=\"widget\" data-e-type=\"widget\" data-settings=\"{&quot;_animation&quot;:&quot;fadeInDown&quot;}\" data-widget_type=\"image-box.default\">\n\t\t\t\t\t<div class=\"elementor-image-box-wrapper\"><div class=\"elementor-image-box-content\"><h4 class=\"elementor-image-box-title\"><a href=\"\/ro\/luxor\/\">Luxor<\/a><\/h4><p class=\"elementor-image-box-description\">4 divesa\/3 ra\u0107a Dives 1 (Areslipe - East Bank): Areslipe ki Luxor, astarindoj katar o East Bank. Vizitin o Luxor Temple thaj o Drom le Rams. Vizitin o Karnakesko Templo (o maj baro templo ki lumia) thaj dikhen o Baro Hypostyle Hall. Akomodacia ko Al Sainte hoteli (vaj lesko ekvivalento). Rat: Bipokinipesko phiripe ko Luxor Market, opcionalno ekskursia ko Banana Island, ja opcionalno vizita ko zvuko thaj lumijako \u0161ou ko Karnak.<\/p><\/div><\/div>\t\t\t\t<\/div>\n\t\t\t\t<\/div>\n\t\t<div class=\"elementor-element elementor-element-8d34e0c e-con-full e-flex e-con e-child\" data-id=\"8d34e0c\" data-element_type=\"container\" data-e-type=\"container\">\n\t\t\t\t<div class=\"elementor-element elementor-element-6ecb023 elementor-widget elementor-widget-image\" data-id=\"6ecb023\" data-element_type=\"widget\" data-e-type=\"widget\" data-widget_type=\"image.default\">\n\t\t\t\t\t\t\t\t\t\t\t\t\t\t\t<img loading=\"lazy\" decoding=\"async\" width=\"680\" height=\"382\" src=\"https:\/\/russian.deserthorsetrips.com\/wp-content\/uploads\/2026\/02\/unnamed-15.webp\" class=\"attachment-full size-full wp-image-1357\" alt=\"\" srcset=\"https:\/\/russian.deserthorsetrips.com\/wp-content\/uploads\/2026\/02\/unnamed-15.webp 680w, https:\/\/russian.deserthorsetrips.com\/wp-content\/uploads\/2026\/02\/unnamed-15-300x169.webp 300w\" sizes=\"(max-width: 680px) 100vw, 680px\" \/>\t\t\t\t\t\t\t\t\t\t\t\t\t\t\t<\/div>\n\t\t\t\t<div class=\"elementor-element elementor-element-7ce1a90 elementor-invisible elementor-widget elementor-widget-image-box\" data-id=\"7ce1a90\" data-element_type=\"widget\" data-e-type=\"widget\" data-settings=\"{&quot;_animation&quot;:&quot;fadeInDown&quot;}\" data-widget_type=\"image-box.default\">\n\t\t\t\t\t<div class=\"elementor-image-box-wrapper\"><div class=\"elementor-image-box-content\"><h4 class=\"elementor-image-box-title\"><a href=\"\/ro\/ain\/\">Ain Sokhna<\/a><\/h4><p class=\"elementor-image-box-description\">3 divesa\/2 ra\u0107a Dives 1 (areslipe thaj odmor): Areslipe ko Ain Sokhna ko dive ja palo dive. Registracia ko hoteli (o vaxt e registraciako si 14:00). D\u017ea ki privatno plaja ja ko hotelesko basein. U\u017eivinen ko sumnakuno pesko thaj turkuzno pani. Rat: Xabe ko hoteli thaj \u0107hivdi ra\u0107i ekskursia.<\/p><\/div><\/div>\t\t\t\t<\/div>\n\t\t\t\t<\/div>\n\t\t\t\t<\/div>\n\t\t\t\t<\/div>\n\t\t\t\t<\/div>","protected":false},"excerpt":{"rendered":"<p>\u041d\u0430\u0448\u0438 \u043f\u043e\u0435\u0437\u0434\u043a\u0438 \u0434\u0430\u0439\u0432\u0438\u043d\u0433\u0430 4 \u0434\u043d\u044f\/3 \u043d\u043e\u0447\u0438 \u0414\u0435\u043d\u044c 1: (\u041f\u0440\u0438\u0431\u044b\u0442\u0438\u0435 \u0432 \u0425\u0443\u0440\u0433\u0430\u0434\u0443 \u2013 \u0437\u043d\u0430\u043a\u043e\u043c\u0441\u0442\u0432\u043e \u0441 \u0433\u043e\u0440\u043e\u0434\u043e\u043c) \u041f\u0440\u0438\u0431\u044b\u0442\u0438\u0435 \u0438 \u0440\u0435\u0433\u0438\u0441\u0442\u0440\u0430\u0446\u0438\u044f: \u041f\u0440\u0438\u0431\u044b\u0442\u0438\u0435 \u0432 \u043c\u0435\u0436\u0434\u0443\u043d\u0430\u0440\u043e\u0434\u043d\u044b\u0439 \u0430\u044d\u0440\u043e\u043f\u043e\u0440\u0442 \u0425\u0443\u0440\u0433\u0430\u0434\u044b \u0438 \u0442\u0440\u0430\u043d\u0441\u0444\u0435\u0440 \u0432 \u043e\u0442\u0435\u043b\u044c. \u041c\u044b \u0440\u0435\u043a\u043e\u043c\u0435\u043d\u0434\u0443\u0435\u043c \u043e\u0441\u0442\u0430\u043d\u043e\u0432\u0438\u0442\u044c\u0441\u044f \u0432 \u0440\u0430\u0439\u043e\u043d\u0435 \u0421\u0430\u0445\u043b \u0425\u0430\u0448\u0438\u0448 \u0438\u043b\u0438 \u0410\u043b\u044c-\u041c\u0430\u043c\u0448\u0430, \u0442\u0430\u043a \u043a\u0430\u043a \u043e\u043d\u0438 \u043d\u0430\u0445\u043e\u0434\u044f\u0442\u0441\u044f \u043d\u0435\u0434\u0430\u043b\u0435\u043a\u043e \u043e\u0442 \u0434\u0430\u0439\u0432\u0438\u043d\u0433-\u0446\u0435\u043d\u0442\u0440\u043e\u0432 \u0438 \u0440\u0430\u0437\u0432\u043b\u0435\u0447\u0435\u043d\u0438\u0439. \u0412\u0435\u0447\u0435\u0440\u043d\u0435\u0435 \u0437\u0430\u043d\u044f\u0442\u0438\u0435: \u041f\u043e\u0441\u043b\u0435 \u0440\u0430\u0437\u043c\u0435\u0449\u0435\u043d\u0438\u044f \u0441\u043e\u0432\u0435\u0440\u0448\u0438\u0442\u0435 \u0431\u0435\u0441\u043f\u043b\u0430\u0442\u043d\u0443\u044e \u044d\u043a\u0441\u043a\u0443\u0440\u0441\u0438\u044e \u043f\u043e \u043d\u0430\u0431\u0435\u0440\u0435\u0436\u043d\u043e\u0439 \u0425\u0443\u0440\u0433\u0430\u0434\u044b [&hellip;]<\/p>\n","protected":false},"author":1,"featured_media":0,"parent":0,"menu_order":0,"comment_status":"closed","ping_status":"closed","template":"elementor_header_footer","meta":{"footnotes":""},"class_list":["post-648","page","type-page","status-publish","hentry"],"blocksy_meta":[],"_links":{"self":[{"href":"https:\/\/russian.deserthorsetrips.com\/ro\/wp-json\/wp\/v2\/pages\/648","targetHints":{"allow":["GET"]}}],"collection":[{"href":"https:\/\/russian.deserthorsetrips.com\/ro\/wp-json\/wp\/v2\/pages"}],"about":[{"href":"https:\/\/russian.deserthorsetrips.com\/ro\/wp-json\/wp\/v2\/types\/page"}],"author":[{"embeddable":true,"href":"https:\/\/russian.deserthorsetrips.com\/ro\/wp-json\/wp\/v2\/users\/1"}],"replies":[{"embeddable":true,"href":"https:\/\/russian.deserthorsetrips.com\/ro\/wp-json\/wp\/v2\/comments?post=648"}],"version-history":[{"count":72,"href":"https:\/\/russian.deserthorsetrips.com\/ro\/wp-json\/wp\/v2\/pages\/648\/revisions"}],"predecessor-version":[{"id":1662,"href":"https:\/\/russian.deserthorsetrips.com\/ro\/wp-json\/wp\/v2\/pages\/648\/revisions\/1662"}],"wp:attachment":[{"href":"https:\/\/russian.deserthorsetrips.com\/ro\/wp-json\/wp\/v2\/media?parent=648"}],"curies":[{"name":"wp","href":"https:\/\/api.w.org\/{rel}","templated":true}]}}