{"id":1787,"date":"2026-03-30T19:56:35","date_gmt":"2026-03-30T19:56:35","guid":{"rendered":"https:\/\/russian.deserthorsetrips.com\/?page_id=1787"},"modified":"2026-04-20T20:42:28","modified_gmt":"2026-04-20T20:42:28","slug":"%d0%bc%d0%be%d1%80%d0%b5","status":"publish","type":"page","link":"https:\/\/russian.deserthorsetrips.com\/ro\/%d0%bc%d0%be%d1%80%d0%b5\/","title":{"rendered":"Mare"},"content":{"rendered":"<div data-elementor-type=\"wp-page\" data-elementor-id=\"1787\" class=\"elementor elementor-1787\" data-elementor-post-type=\"page\">\n\t\t\t\t\t\t<section class=\"elementor-section elementor-top-section elementor-element elementor-element-33b3f2a4 ct-section-stretched elementor-section-boxed elementor-section-height-default elementor-section-height-default\" data-id=\"33b3f2a4\" data-element_type=\"section\" data-e-type=\"section\" data-settings=\"{&quot;background_background&quot;:&quot;classic&quot;}\">\n\t\t\t\t\t\t\t<div class=\"elementor-background-overlay\"><\/div>\n\t\t\t\t\t\t\t<div class=\"elementor-container elementor-column-gap-default\">\n\t\t\t\t\t<div class=\"elementor-column elementor-col-100 elementor-top-column elementor-element elementor-element-1fbdba45\" data-id=\"1fbdba45\" data-element_type=\"column\" data-e-type=\"column\">\n\t\t\t<div class=\"elementor-widget-wrap elementor-element-populated\">\n\t\t\t\t\t\t<div class=\"elementor-element elementor-element-28a7cbb0 elementor-widget elementor-widget-heading\" data-id=\"28a7cbb0\" data-element_type=\"widget\" data-e-type=\"widget\" data-widget_type=\"heading.default\">\n\t\t\t\t\t<h2 class=\"elementor-heading-title elementor-size-default\">Mare<\/h2>\t\t\t\t<\/div>\n\t\t\t\t\t<\/div>\n\t\t<\/div>\n\t\t\t\t\t<\/div>\n\t\t<\/section>\n\t\t<div class=\"elementor-element elementor-element-75b0012a e-con-full e-flex e-con e-parent\" data-id=\"75b0012a\" data-element_type=\"container\" data-e-type=\"container\">\n\t\t<div class=\"elementor-element elementor-element-70bbc771 e-con-full e-flex e-con e-child\" data-id=\"70bbc771\" data-element_type=\"container\" data-e-type=\"container\">\n\t\t<div class=\"elementor-element elementor-element-4f85cb34 e-con-full e-flex e-con e-child\" data-id=\"4f85cb34\" data-element_type=\"container\" data-e-type=\"container\">\n\t\t\t\t<div class=\"elementor-element elementor-element-457b3ff7 elementor-widget elementor-widget-image\" data-id=\"457b3ff7\" data-element_type=\"widget\" data-e-type=\"widget\" data-widget_type=\"image.default\">\n\t\t\t\t\t\t\t\t\t\t\t\t\t\t\t<img fetchpriority=\"high\" decoding=\"async\" width=\"2560\" height=\"1435\" src=\"https:\/\/russian.deserthorsetrips.com\/wp-content\/uploads\/2026\/03\/scuba-diver-surrounded-by-beautiful-underwater-nature-scaled.jpg\" class=\"attachment-full size-full wp-image-1578\" alt=\"\" srcset=\"https:\/\/russian.deserthorsetrips.com\/wp-content\/uploads\/2026\/03\/scuba-diver-surrounded-by-beautiful-underwater-nature-scaled.jpg 2560w, https:\/\/russian.deserthorsetrips.com\/wp-content\/uploads\/2026\/03\/scuba-diver-surrounded-by-beautiful-underwater-nature-300x168.jpg 300w, https:\/\/russian.deserthorsetrips.com\/wp-content\/uploads\/2026\/03\/scuba-diver-surrounded-by-beautiful-underwater-nature-1024x574.jpg 1024w, https:\/\/russian.deserthorsetrips.com\/wp-content\/uploads\/2026\/03\/scuba-diver-surrounded-by-beautiful-underwater-nature-768x430.jpg 768w, https:\/\/russian.deserthorsetrips.com\/wp-content\/uploads\/2026\/03\/scuba-diver-surrounded-by-beautiful-underwater-nature-1536x861.jpg 1536w, https:\/\/russian.deserthorsetrips.com\/wp-content\/uploads\/2026\/03\/scuba-diver-surrounded-by-beautiful-underwater-nature-2048x1148.jpg 2048w\" sizes=\"(max-width: 2560px) 100vw, 2560px\" \/>\t\t\t\t\t\t\t\t\t\t\t\t\t\t\t<\/div>\n\t\t\t\t<div class=\"elementor-element elementor-element-614bcc93 elementor-invisible elementor-widget elementor-widget-image-box\" data-id=\"614bcc93\" data-element_type=\"widget\" data-e-type=\"widget\" data-settings=\"{&quot;_animation&quot;:&quot;fadeInDown&quot;}\" data-widget_type=\"image-box.default\">\n\t\t\t\t\t<div class=\"elementor-image-box-wrapper\"><div class=\"elementor-image-box-content\"><h4 class=\"elementor-image-box-title\"><a href=\"https:\/\/russian.deserthorsetrips.com\/ro\/%d0%b4%d0%b0%d0%b9%d0%b2%d0%b8%d0%bd%d0%b3\/\">Diving<\/a><\/h4><p class=\"elementor-image-box-description\">\u23f0 Iklipe katar o hotelo 8:00, palal kodoja o bero \u017aal 9:00 va\u015b e thana te \u0107hivel pes an\u03b8-e \u015bukar turkuzno pani an\u03b8-o Lolo Pani.\n\n\ud83e\udd3f Va\u015b e \u015berutne:\nProfesionalno instruktora ka d\u017eanen tumen paso po paso te sigurinen tumen jekh sekurno, lo\u015balo thaj pherdo arakhadimata.<\/p><\/div><\/div>\t\t\t\t<\/div>\n\t\t\t\t<\/div>\n\t\t<div class=\"elementor-element elementor-element-d3db78f e-con-full e-flex e-con e-child\" data-id=\"d3db78f\" data-element_type=\"container\" data-e-type=\"container\">\n\t\t\t\t<div class=\"elementor-element elementor-element-2d32fa54 elementor-widget elementor-widget-image\" data-id=\"2d32fa54\" data-element_type=\"widget\" data-e-type=\"widget\" data-widget_type=\"image.default\">\n\t\t\t\t\t\t\t\t\t\t\t\t\t\t\t<img decoding=\"async\" width=\"1080\" height=\"718\" src=\"https:\/\/russian.deserthorsetrips.com\/wp-content\/uploads\/2026\/03\/orange-bay-Hurchalla-2_copy-304025.webp\" class=\"attachment-full size-full wp-image-1822\" alt=\"\" srcset=\"https:\/\/russian.deserthorsetrips.com\/wp-content\/uploads\/2026\/03\/orange-bay-Hurchalla-2_copy-304025.webp 1080w, https:\/\/russian.deserthorsetrips.com\/wp-content\/uploads\/2026\/03\/orange-bay-Hurchalla-2_copy-304025-300x199.webp 300w, https:\/\/russian.deserthorsetrips.com\/wp-content\/uploads\/2026\/03\/orange-bay-Hurchalla-2_copy-304025-1024x681.webp 1024w, https:\/\/russian.deserthorsetrips.com\/wp-content\/uploads\/2026\/03\/orange-bay-Hurchalla-2_copy-304025-768x511.webp 768w, https:\/\/russian.deserthorsetrips.com\/wp-content\/uploads\/2026\/03\/orange-bay-Hurchalla-2_copy-304025-18x12.webp 18w\" sizes=\"(max-width: 1080px) 100vw, 1080px\" \/>\t\t\t\t\t\t\t\t\t\t\t\t\t\t\t<\/div>\n\t\t\t\t<div class=\"elementor-element elementor-element-1c8820dc elementor-invisible elementor-widget elementor-widget-image-box\" data-id=\"1c8820dc\" data-element_type=\"widget\" data-e-type=\"widget\" data-settings=\"{&quot;_animation&quot;:&quot;fadeInDown&quot;}\" data-widget_type=\"image-box.default\">\n\t\t\t\t\t<div class=\"elementor-image-box-wrapper\"><div class=\"elementor-image-box-content\"><h4 class=\"elementor-image-box-title\"><a href=\"\/ro\/\u0434\u0430\u0439\u0432\u0438\u043d\u04332\/\">Orange Bay<\/a><\/h4><p class=\"elementor-image-box-description\">\ud83c\udfdd\ufe0f\ud83c\udf0a \u0420\u0435\u0439\u0441 \u0432 \u041e\u0440\u0438\u043d\u0434\u0436 \u0411\u044d\u0439 - \u0420\u0430\u0439 \u041a\u0440\u0430\u0441\u043d\u043e\u0433\u043e \u043c\u043e\u0440\u044f \ud83c\udf0a\ud83c\udfdd\ufe0f\n\n\u041d\u0430\u0441\u043b\u0430\u0436\u0434\u0430\u0439\u0442\u0435\u0441\u044c \u0434\u043d\u0435\u043c, \u043f\u043e\u043b\u043d\u044b\u043c \u0441\u043f\u043e\u043a\u043e\u0439\u0441\u0442\u0432\u0438\u044f \u0438 \u043a\u0440\u0430\u0441\u043e\u0442\u044b \u0432 \u041e\u0440\u0438\u043d\u0434\u0436 \u0411\u044d\u0439, \u0433\u0434\u0435 \u0431\u0438\u0440\u044e\u0437\u043e\u0432\u044b\u0435 \u0432\u043e\u0434\u044b \u0438 \u0436\u0438\u0432\u043e\u043f\u0438\u0441\u043d\u044b\u0435 \u043f\u043b\u044f\u0436\u0438 \u0443\u043d\u0435\u0441\u0443\u0442 \u0432\u0430\u0441 \u0432 \u0434\u0440\u0443\u0433\u043e\u0439 \u043c\u0438\u0440! \ud83c\udf1e\u2728<\/p><\/div><\/div>\t\t\t\t<\/div>\n\t\t\t\t<\/div>\n\t\t\t\t<\/div>\n\t\t\t\t<\/div>\n\t\t<div class=\"elementor-element elementor-element-dedc743 e-con-full e-flex e-con e-parent\" data-id=\"dedc743\" data-element_type=\"container\" data-e-type=\"container\">\n\t\t<div class=\"elementor-element elementor-element-2f23bb3 e-con-full e-flex e-con e-child\" data-id=\"2f23bb3\" data-element_type=\"container\" data-e-type=\"container\">\n\t\t<div class=\"elementor-element elementor-element-2b3656c e-con-full e-flex e-con e-child\" data-id=\"2b3656c\" data-element_type=\"container\" data-e-type=\"container\">\n\t\t\t\t<div class=\"elementor-element elementor-element-24ae924 elementor-widget elementor-widget-image\" data-id=\"24ae924\" data-element_type=\"widget\" data-e-type=\"widget\" data-widget_type=\"image.default\">\n\t\t\t\t\t\t\t\t\t\t\t\t\t\t\t<img decoding=\"async\" width=\"1000\" height=\"667\" src=\"https:\/\/russian.deserthorsetrips.com\/wp-content\/uploads\/2026\/03\/f4dbbb19e7.jpg\" class=\"attachment-full size-full wp-image-1824\" alt=\"\" srcset=\"https:\/\/russian.deserthorsetrips.com\/wp-content\/uploads\/2026\/03\/f4dbbb19e7.jpg 1000w, https:\/\/russian.deserthorsetrips.com\/wp-content\/uploads\/2026\/03\/f4dbbb19e7-300x200.jpg 300w, https:\/\/russian.deserthorsetrips.com\/wp-content\/uploads\/2026\/03\/f4dbbb19e7-768x512.jpg 768w, https:\/\/russian.deserthorsetrips.com\/wp-content\/uploads\/2026\/03\/f4dbbb19e7-18x12.jpg 18w\" sizes=\"(max-width: 1000px) 100vw, 1000px\" \/>\t\t\t\t\t\t\t\t\t\t\t\t\t\t\t<\/div>\n\t\t\t\t<div class=\"elementor-element elementor-element-e2b118b elementor-invisible elementor-widget elementor-widget-image-box\" data-id=\"e2b118b\" data-element_type=\"widget\" data-e-type=\"widget\" data-settings=\"{&quot;_animation&quot;:&quot;fadeInDown&quot;}\" data-widget_type=\"image-box.default\">\n\t\t\t\t\t<div class=\"elementor-image-box-wrapper\"><div class=\"elementor-image-box-content\"><h4 class=\"elementor-image-box-title\"><a href=\"\/ro\/\u0434\u0430\u0439\u0432\u0438\u043d\u04333\/\">Delfinosko kher<\/a><\/h4><p class=\"elementor-image-box-description\">\ud83e\udd3f Va\u015b e \u015berutne:\nProfesionalno instruktora ka d\u017eanen tumen paso po paso te sigurinen tumen jekh sekurno, lo\u015balo thaj pherdo arakhadimata.\n\n\ud83e\udd3f Va\u015b e profesion\u00e0lur\u01ce:\nTe avel tut pherdo slobodia te \u0107hives tut an\u03b8-e thana save alosardan thaj te xramosares i \u015bukar lumja e koralne \u0107orrenqi thaj e diverzitetno maripnasqo \u017aivdipen.\n\n\u2728 Hipnotizirime thana\n\u2728 Barvalo maripnasko \u017aivdipe\n\u2728 Aventura thaj relakso kombininindoj e \u015bukar eksperienciji\nKo agor e divesko, irinen tumen ko tumaro hoteli pherdo shukar memoriencar.<\/p><\/div><\/div>\t\t\t\t<\/div>\n\t\t\t\t<\/div>\n\t\t<div class=\"elementor-element elementor-element-066eb26 e-con-full elementor-hidden-desktop elementor-hidden-tablet elementor-hidden-mobile e-flex e-con e-child\" data-id=\"066eb26\" data-element_type=\"container\" data-e-type=\"container\">\n\t\t\t\t<div class=\"elementor-element elementor-element-6dbe319 elementor-widget elementor-widget-image\" data-id=\"6dbe319\" data-element_type=\"widget\" data-e-type=\"widget\" data-widget_type=\"image.default\">\n\t\t\t\t\t\t\t\t\t\t\t\t\t\t\t<img loading=\"lazy\" decoding=\"async\" width=\"1230\" height=\"834\" src=\"https:\/\/russian.deserthorsetrips.com\/wp-content\/uploads\/2026\/02\/post-1_image0-28.webp\" class=\"attachment-full size-full wp-image-1353\" alt=\"\" srcset=\"https:\/\/russian.deserthorsetrips.com\/wp-content\/uploads\/2026\/02\/post-1_image0-28.webp 1230w, https:\/\/russian.deserthorsetrips.com\/wp-content\/uploads\/2026\/02\/post-1_image0-28-300x203.webp 300w, https:\/\/russian.deserthorsetrips.com\/wp-content\/uploads\/2026\/02\/post-1_image0-28-1024x694.webp 1024w, https:\/\/russian.deserthorsetrips.com\/wp-content\/uploads\/2026\/02\/post-1_image0-28-768x521.webp 768w\" sizes=\"(max-width: 1230px) 100vw, 1230px\" \/>\t\t\t\t\t\t\t\t\t\t\t\t\t\t\t<\/div>\n\t\t\t\t<div class=\"elementor-element elementor-element-e8b2ff0 elementor-invisible elementor-widget elementor-widget-image-box\" data-id=\"e8b2ff0\" data-element_type=\"widget\" data-e-type=\"widget\" data-settings=\"{&quot;_animation&quot;:&quot;fadeInDown&quot;}\" data-widget_type=\"image-box.default\">\n\t\t\t\t\t<div class=\"elementor-image-box-wrapper\"><div class=\"elementor-image-box-content\"><h4 class=\"elementor-image-box-title\"><a href=\"\/ro\/hurghada\/\">Hurghada<\/a><\/h4><p class=\"elementor-image-box-description\">3 divesa\/2 ra\u0107a 1 dives: Areslipe thaj kidipe ki moro Areslipe thaj check-in: Areslipe ki Hurghada, check-in ko hoteli, te lel pes soba, luncho thaj sigo \u017aanglipe ko moro ja ko basein vash relaksiribe. Rat: Palal jekh pauza, \u017aan tele ki Turistikani Promenada vaj ki Marina e Hurghadaki, phiren pa\u015bal late, pijen jekh pipe an\u03b8-e jekh an\u03b8ar e kafeteria thaj g\u00eendin e atmosfera e ratvale morosqi.<\/p><\/div><\/div>\t\t\t\t<\/div>\n\t\t\t\t<\/div>\n\t\t\t\t<\/div>\n\t\t\t\t<\/div>\n\t\t\t\t<\/div>","protected":false},"excerpt":{"rendered":"<p>\u043c\u043e\u0440\u0435 \u0414\u0430\u0439\u0432\u0438\u043d\u0433 \u23f0 \u041e\u0442\u043f\u0440\u0430\u0432\u043b\u0435\u043d\u0438\u0435 \u0438\u0437 \u043e\u0442\u0435\u043b\u044f \u0432 8:00, \u0437\u0430\u0442\u0435\u043c \u0441\u0443\u0434\u043d\u043e \u043e\u0442\u043f\u0440\u0430\u0432\u043b\u044f\u0435\u0442\u0441\u044f \u0432 9:00 \u043a \u043c\u0435\u0441\u0442\u0430\u043c \u0434\u043b\u044f \u0434\u0430\u0439\u0432\u0438\u043d\u0433\u0430 \u0432 \u0447\u0438\u0441\u0442\u044b\u0445 \u0431\u0438\u0440\u044e\u0437\u043e\u0432\u044b\u0445 \u0432\u043e\u0434\u0430\u0445 \u041a\u0440\u0430\u0441\u043d\u043e\u0433\u043e \u043c\u043e\u0440\u044f. \ud83e\udd3f \u0414\u043b\u044f \u043d\u0430\u0447\u0438\u043d\u0430\u044e\u0449\u0438\u0445: \u041f\u0440\u043e\u0444\u0435\u0441\u0441\u0438\u043e\u043d\u0430\u043b\u044c\u043d\u044b\u0435 \u0438\u043d\u0441\u0442\u0440\u0443\u043a\u0442\u043e\u0440\u044b \u0431\u0443\u0434\u0443\u0442 \u0441\u043e\u043f\u0440\u043e\u0432\u043e\u0436\u0434\u0430\u0442\u044c \u0432\u0430\u0441 \u0448\u0430\u0433 \u0437\u0430 \u0448\u0430\u0433\u043e\u043c, \u0447\u0442\u043e\u0431\u044b \u043e\u0431\u0435\u0441\u043f\u0435\u0447\u0438\u0442\u044c \u0431\u0435\u0437\u043e\u043f\u0430\u0441\u043d\u043e\u0435, \u043f\u0440\u0438\u044f\u0442\u043d\u043e\u0435 \u0438 \u043f\u043e\u043b\u043d\u043e\u0435 \u043e\u0442\u043a\u0440\u044b\u0442\u0438\u0439 \u043f\u0443\u0442\u0435\u0448\u0435\u0441\u0442\u0432\u0438\u0435. \u041e\u0440\u0438\u043d\u0434\u0436 \u0411\u044d\u0439 \ud83c\udfdd\ufe0f\ud83c\udf0a \u0420\u0435\u0439\u0441 \u0432 \u041e\u0440\u0438\u043d\u0434\u0436 \u0411\u044d\u0439 &#8211; \u0420\u0430\u0439 \u041a\u0440\u0430\u0441\u043d\u043e\u0433\u043e \u043c\u043e\u0440\u044f \ud83c\udf0a\ud83c\udfdd\ufe0f \u041d\u0430\u0441\u043b\u0430\u0436\u0434\u0430\u0439\u0442\u0435\u0441\u044c [&hellip;]<\/p>\n","protected":false},"author":1,"featured_media":0,"parent":0,"menu_order":0,"comment_status":"closed","ping_status":"closed","template":"elementor_header_footer","meta":{"footnotes":""},"class_list":["post-1787","page","type-page","status-publish","hentry"],"blocksy_meta":[],"_links":{"self":[{"href":"https:\/\/russian.deserthorsetrips.com\/ro\/wp-json\/wp\/v2\/pages\/1787","targetHints":{"allow":["GET"]}}],"collection":[{"href":"https:\/\/russian.deserthorsetrips.com\/ro\/wp-json\/wp\/v2\/pages"}],"about":[{"href":"https:\/\/russian.deserthorsetrips.com\/ro\/wp-json\/wp\/v2\/types\/page"}],"author":[{"embeddable":true,"href":"https:\/\/russian.deserthorsetrips.com\/ro\/wp-json\/wp\/v2\/users\/1"}],"replies":[{"embeddable":true,"href":"https:\/\/russian.deserthorsetrips.com\/ro\/wp-json\/wp\/v2\/comments?post=1787"}],"version-history":[{"count":19,"href":"https:\/\/russian.deserthorsetrips.com\/ro\/wp-json\/wp\/v2\/pages\/1787\/revisions"}],"predecessor-version":[{"id":2246,"href":"https:\/\/russian.deserthorsetrips.com\/ro\/wp-json\/wp\/v2\/pages\/1787\/revisions\/2246"}],"wp:attachment":[{"href":"https:\/\/russian.deserthorsetrips.com\/ro\/wp-json\/wp\/v2\/media?parent=1787"}],"curies":[{"name":"wp","href":"https:\/\/api.w.org\/{rel}","templated":true}]}}