{"id":1750,"date":"2026-03-30T18:48:54","date_gmt":"2026-03-30T18:48:54","guid":{"rendered":"https:\/\/russian.deserthorsetrips.com\/?page_id=1750"},"modified":"2026-04-17T21:09:12","modified_gmt":"2026-04-17T21:09:12","slug":"%d0%be%d1%82%d0%b5%d0%bb%d0%b8-2","status":"publish","type":"page","link":"https:\/\/russian.deserthorsetrips.com\/ro\/%d0%be%d1%82%d0%b5%d0%bb%d0%b8-2\/","title":{"rendered":"Hotelura"},"content":{"rendered":"<div data-elementor-type=\"wp-page\" data-elementor-id=\"1750\" class=\"elementor elementor-1750\" data-elementor-post-type=\"page\">\n\t\t\t\t\t\t<section class=\"elementor-section elementor-top-section elementor-element elementor-element-33b3f2a4 ct-section-stretched elementor-section-boxed elementor-section-height-default elementor-section-height-default\" data-id=\"33b3f2a4\" data-element_type=\"section\" data-e-type=\"section\" data-settings=\"{&quot;background_background&quot;:&quot;classic&quot;}\">\n\t\t\t\t\t\t\t<div class=\"elementor-background-overlay\"><\/div>\n\t\t\t\t\t\t\t<div class=\"elementor-container elementor-column-gap-default\">\n\t\t\t\t\t<div class=\"elementor-column elementor-col-100 elementor-top-column elementor-element elementor-element-1fbdba45\" data-id=\"1fbdba45\" data-element_type=\"column\" data-e-type=\"column\">\n\t\t\t<div class=\"elementor-widget-wrap elementor-element-populated\">\n\t\t\t\t\t\t<div class=\"elementor-element elementor-element-28a7cbb0 elementor-widget elementor-widget-heading\" data-id=\"28a7cbb0\" data-element_type=\"widget\" data-e-type=\"widget\" data-widget_type=\"heading.default\">\n\t\t\t\t\t<h2 class=\"elementor-heading-title elementor-size-default\">Hotelura<\/h2>\t\t\t\t<\/div>\n\t\t\t\t\t<\/div>\n\t\t<\/div>\n\t\t\t\t\t<\/div>\n\t\t<\/section>\n\t\t<div class=\"elementor-element elementor-element-75b0012a e-con-full e-flex e-con e-parent\" data-id=\"75b0012a\" data-element_type=\"container\" data-e-type=\"container\">\n\t\t<div class=\"elementor-element elementor-element-70bbc771 e-con-full e-flex e-con e-child\" data-id=\"70bbc771\" data-element_type=\"container\" data-e-type=\"container\">\n\t\t<div class=\"elementor-element elementor-element-d3db78f e-con-full e-flex e-con e-child\" data-id=\"d3db78f\" data-element_type=\"container\" data-e-type=\"container\">\n\t\t\t\t<div class=\"elementor-element elementor-element-2d32fa54 elementor-widget elementor-widget-image\" data-id=\"2d32fa54\" data-element_type=\"widget\" data-e-type=\"widget\" data-widget_type=\"image.default\">\n\t\t\t\t\t\t\t\t\t\t\t\t\t\t\t<img fetchpriority=\"high\" decoding=\"async\" width=\"1024\" height=\"717\" src=\"https:\/\/russian.deserthorsetrips.com\/wp-content\/uploads\/2026\/03\/63745513-webp.webp\" class=\"attachment-full size-full wp-image-1828\" alt=\"\" srcset=\"https:\/\/russian.deserthorsetrips.com\/wp-content\/uploads\/2026\/03\/63745513-webp.webp 1024w, https:\/\/russian.deserthorsetrips.com\/wp-content\/uploads\/2026\/03\/63745513-webp-300x210.webp 300w, https:\/\/russian.deserthorsetrips.com\/wp-content\/uploads\/2026\/03\/63745513-webp-768x538.webp 768w, https:\/\/russian.deserthorsetrips.com\/wp-content\/uploads\/2026\/03\/63745513-webp-18x12.webp 18w\" sizes=\"(max-width: 1024px) 100vw, 1024px\" \/>\t\t\t\t\t\t\t\t\t\t\t\t\t\t\t<\/div>\n\t\t\t\t<div class=\"elementor-element elementor-element-1c8820dc elementor-invisible elementor-widget elementor-widget-image-box\" data-id=\"1c8820dc\" data-element_type=\"widget\" data-e-type=\"widget\" data-settings=\"{&quot;_animation&quot;:&quot;fadeInDown&quot;}\" data-widget_type=\"image-box.default\">\n\t\t\t\t\t<div class=\"elementor-image-box-wrapper\"><div class=\"elementor-image-box-content\"><h4 class=\"elementor-image-box-title\"><a href=\"\/ro\/\u0430\u043b\u044c\u0431\u0430\u0442\u0440\u043e\u0441\/\">Vacan\u021b\u0103 \u00een Makadi Bay<\/a><\/h4><p class=\"elementor-image-box-description\">\ud83c\udf34 Makadi Bay \u2013 lini\u0219tea m\u0103rii \u0219i farmecul naturii\n\u00cen mijlocul clarit\u0103\u021bii M\u0103rii Ro\u0219ii \u0219i al naturii neatinse, Makadi Bay se remarc\u0103 drept una dintre cele mai frumoase \u0219i lini\u0219tite destina\u021bii turistice din apropierea Hurghadei \u2013 locul unde \u00eencepe relaxarea adev\u0103rat\u0103.\n\n\u2728 Loca\u021bie ideal\u0103:\nLa doar 30 km de Aeroportul Interna\u021bional Hurghada (aprox. 30 de minute)\n\n\u2728 O experien\u021b\u0103 de neuitat \u00een hotelurile din Makadi:\n\u2714 Plaje lini\u0219tite cu nisip fin \u0219i ap\u0103 turcoaz cristalin\u0103\n\u2714 Cazare de lux \u00een hoteluri de 4\u2605 \u0219i 5\u2605 cu all inclusive\n\u2714 Recifuri de corali spectaculoase pentru scufund\u0103ri \u0219i snorkeling\n\u2714 Atmosfer\u0103 perfect\u0103 pentru relaxare departe de agita\u021bia ora\u0219ului\n\u2714 Destina\u021bie ideal\u0103 pentru familii \u0219i cupluri\n\n\ud83c\udfdd \u00cen Makadi, lini\u0219tea cap\u0103t\u0103 un nou sens\n\n\ud83d\udce9 Rezerv\u0103 acum \u0219i bucur\u0103-te de o experien\u021b\u0103 premium la Marea Ro\u0219ie<\/p><\/div><\/div>\t\t\t\t<\/div>\n\t\t\t\t<div class=\"elementor-element elementor-element-50a3592 elementor-widget elementor-widget-button\" data-id=\"50a3592\" data-element_type=\"widget\" data-e-type=\"widget\" data-widget_type=\"button.default\">\n\t\t\t\t\t\t\t\t\t\t<a class=\"elementor-button elementor-button-link elementor-size-sm\" href=\"https:\/\/russian.deserthorsetrips.com\/ro\/%D0%B0%D0%BB%D1%8C%D0%B1%D0%B0%D1%82%D1%80%D0%BE%D1%81\/\">\n\t\t\t\t\t\t<span class=\"elementor-button-content-wrapper\">\n\t\t\t\t\t\t\t\t\t<span class=\"elementor-button-text\">mai mult<\/span>\n\t\t\t\t\t<\/span>\n\t\t\t\t\t<\/a>\n\t\t\t\t\t\t\t\t<\/div>\n\t\t\t\t<\/div>\n\t\t<div class=\"elementor-element elementor-element-e7e1d74 e-con-full e-flex e-con e-child\" data-id=\"e7e1d74\" data-element_type=\"container\" data-e-type=\"container\">\n\t\t\t\t<div class=\"elementor-element elementor-element-3e2d6a8 elementor-widget elementor-widget-image\" data-id=\"3e2d6a8\" data-element_type=\"widget\" data-e-type=\"widget\" data-widget_type=\"image.default\">\n\t\t\t\t\t\t\t\t\t\t\t\t\t\t\t<img decoding=\"async\" width=\"1024\" height=\"626\" src=\"https:\/\/russian.deserthorsetrips.com\/wp-content\/uploads\/2026\/03\/149740662.jpg\" class=\"attachment-full size-full wp-image-1830\" alt=\"\" srcset=\"https:\/\/russian.deserthorsetrips.com\/wp-content\/uploads\/2026\/03\/149740662.jpg 1024w, https:\/\/russian.deserthorsetrips.com\/wp-content\/uploads\/2026\/03\/149740662-300x183.jpg 300w, https:\/\/russian.deserthorsetrips.com\/wp-content\/uploads\/2026\/03\/149740662-768x470.jpg 768w, https:\/\/russian.deserthorsetrips.com\/wp-content\/uploads\/2026\/03\/149740662-18x12.jpg 18w\" sizes=\"(max-width: 1024px) 100vw, 1024px\" \/>\t\t\t\t\t\t\t\t\t\t\t\t\t\t\t<\/div>\n\t\t\t\t<div class=\"elementor-element elementor-element-be2e6e3 elementor-invisible elementor-widget elementor-widget-image-box\" data-id=\"be2e6e3\" data-element_type=\"widget\" data-e-type=\"widget\" data-settings=\"{&quot;_animation&quot;:&quot;fadeInDown&quot;}\" data-widget_type=\"image-box.default\">\n\t\t\t\t\t<div class=\"elementor-image-box-wrapper\"><div class=\"elementor-image-box-content\"><h4 class=\"elementor-image-box-title\"><a href=\"\/ro\/\u0432\u043e\u0441\u0445\u043e\u0434\/\"> \ud83c\udfd9 Hoteluri \u00een centrul ora\u0219ului Hurghada<\/a><\/h4><p class=\"elementor-image-box-description\">\ud83c\udfd9 Hoteluri \u00een centrul Hurghadei \u2013 loca\u021bie excelent\u0103 \u0219i aproape de tot\nBucur\u0103-te de un sejur confortabil \u00een hotelurile din centrul Hurghadei, unde ai o loca\u021bie animat\u0103 \u0219i acces u\u0219or la toate atrac\u021biile turistice.\n\n\u2728 Loca\u021bie \u0219i distan\u021b\u0103:\nHotelurile din centrul Hurghadei sunt situate la aproximativ 10\u201315 km de Aeroportul Interna\u021bional Hurghada\n(aprox. 15\u201325 de minute cu ma\u0219ina)\n\n\u2728 Avantajele hotelurilor din centrul Hurghadei:\n\u2714 Loca\u021bie central\u0103 aproape de pie\u021be \u0219i restaurante\n\u2714 Acces facil la plaje publice \u0219i private\n\u2714 Hoteluri potrivite pentru toate bugetele\n\u2714 Via\u021b\u0103 de noapte activ\u0103 \u00een apropiere\n\u2714 Ideal pentru turism economic \u0219i de nivel mediu\n\n\ud83c\udfdd Centrul Hurghadei = confort + loca\u021bie excelent\u0103 + pre\u021b avantajos\n\n\ud83d\udce9 Rezerv\u0103 acum \u0219i bucur\u0103-te de un sejur special \u00een inima ora\u0219ului<\/p><\/div><\/div>\t\t\t\t<\/div>\n\t\t\t\t<div class=\"elementor-element elementor-element-3b20cb8 elementor-widget elementor-widget-button\" data-id=\"3b20cb8\" data-element_type=\"widget\" data-e-type=\"widget\" data-widget_type=\"button.default\">\n\t\t\t\t\t\t\t\t\t\t<a class=\"elementor-button elementor-button-link elementor-size-sm\" href=\"https:\/\/russian.deserthorsetrips.com\/ro\/%D0%B2%D0%BE%D1%81%D1%85%D0%BE%D0%B4\/\">\n\t\t\t\t\t\t<span class=\"elementor-button-content-wrapper\">\n\t\t\t\t\t\t\t\t\t<span class=\"elementor-button-text\">mai mult<\/span>\n\t\t\t\t\t<\/span>\n\t\t\t\t\t<\/a>\n\t\t\t\t\t\t\t\t<\/div>\n\t\t\t\t<\/div>\n\t\t\t\t<\/div>\n\t\t\t\t<\/div>\n\t\t<div class=\"elementor-element elementor-element-dedc743 e-con-full e-flex e-con e-parent\" data-id=\"dedc743\" data-element_type=\"container\" data-e-type=\"container\">\n\t\t<div class=\"elementor-element elementor-element-2f23bb3 e-con-full e-flex e-con e-child\" data-id=\"2f23bb3\" data-element_type=\"container\" data-e-type=\"container\">\n\t\t<div class=\"elementor-element elementor-element-000295d e-con-full e-flex e-con e-child\" data-id=\"000295d\" data-element_type=\"container\" data-e-type=\"container\">\n\t\t\t\t<div class=\"elementor-element elementor-element-8005df7 elementor-widget elementor-widget-image\" data-id=\"8005df7\" data-element_type=\"widget\" data-e-type=\"widget\" data-widget_type=\"image.default\">\n\t\t\t\t\t\t\t\t\t\t\t\t\t\t\t<img decoding=\"async\" width=\"1024\" height=\"767\" src=\"https:\/\/russian.deserthorsetrips.com\/wp-content\/uploads\/2026\/03\/461499277.webp\" class=\"attachment-full size-full wp-image-1833\" alt=\"\" srcset=\"https:\/\/russian.deserthorsetrips.com\/wp-content\/uploads\/2026\/03\/461499277.webp 1024w, https:\/\/russian.deserthorsetrips.com\/wp-content\/uploads\/2026\/03\/461499277-300x225.webp 300w, https:\/\/russian.deserthorsetrips.com\/wp-content\/uploads\/2026\/03\/461499277-768x575.webp 768w, https:\/\/russian.deserthorsetrips.com\/wp-content\/uploads\/2026\/03\/461499277-16x12.webp 16w\" sizes=\"(max-width: 1024px) 100vw, 1024px\" \/>\t\t\t\t\t\t\t\t\t\t\t\t\t\t\t<\/div>\n\t\t\t\t<div class=\"elementor-element elementor-element-65cb943 elementor-invisible elementor-widget elementor-widget-image-box\" data-id=\"65cb943\" data-element_type=\"widget\" data-e-type=\"widget\" data-settings=\"{&quot;_animation&quot;:&quot;fadeInDown&quot;}\" data-widget_type=\"image-box.default\">\n\t\t\t\t\t<div class=\"elementor-image-box-wrapper\"><div class=\"elementor-image-box-content\"><h4 class=\"elementor-image-box-title\"><a href=\"\/ro\/\u044d\u043b\u044c-\u0433\u0443\u043d\u0430\/\">El Gouna <\/a><\/h4><p class=\"elementor-image-box-description\">\ud83c\udf34 \u042d\u043b\u044c-\u0413\u0443\u043d\u0430 \u2013 \u0440\u0430\u0439 \u043d\u0430 \u041a\u0440\u0430\u0441\u043d\u043e\u043c \u043c\u043e\u0440\u0435 \u0440\u044f\u0434\u043e\u043c \u0441 \u0432\u0430\u043c\u0438 \u041e\u0442\u043a\u0440\u043e\u0439\u0442\u0435 \u0434\u043b\u044f \u0441\u0435\u0431\u044f \u042d\u043b\u044c-\u0413\u0443\u043d\u0443 \u2014 \u043e\u0434\u0438\u043d \u0438\u0437 \u0441\u0430\u043c\u044b\u0445 \u043f\u0440\u0435\u0441\u0442\u0438\u0436\u043d\u044b\u0445 \u0438 \u043a\u0440\u0430\u0441\u0438\u0432\u044b\u0445 \u043a\u0443\u0440\u043e\u0440\u0442\u043e\u0432 \u0432 \u0425\u0443\u0440\u0433\u0430\u0434\u0435. \u0423\u043d\u0438\u043a\u0430\u043b\u044c\u043d\u044b\u0439 \u0433\u043e\u0440\u043e\u0434, \u043f\u043e\u0441\u0442\u0440\u043e\u0435\u043d\u043d\u044b\u0439 \u0441\u0440\u0435\u0434\u0438 \u043b\u0430\u0433\u0443\u043d \u0438 \u043e\u0441\u0442\u0440\u043e\u0432\u043e\u0432, \u0433\u0434\u0435 \u0441\u043e\u0447\u0435\u0442\u0430\u044e\u0442\u0441\u044f \u043a\u043e\u043c\u0444\u043e\u0440\u0442, \u0440\u043e\u0441\u043a\u043e\u0448\u044c \u0438 \u043f\u0440\u0438\u0440\u043e\u0434\u0430. \u2728 \u0418\u0434\u0435\u0430\u043b\u044c\u043d\u043e\u0435 \u0440\u0430\u0441\u043f\u043e\u043b\u043e\u0436\u0435\u043d\u0438\u0435: \u0412\u0441\u0435\u0433\u043e 25 \u043a\u043c \u043e\u0442 \u041c\u0435\u0436\u0434\u0443\u043d\u0430\u0440\u043e\u0434\u043d\u043e\u0433\u043e \u0430\u044d\u0440\u043e\u043f\u043e\u0440\u0442\u0430 \u0425\u0443\u0440\u0433\u0430\u0434\u044b (\u043e\u043a\u043e\u043b\u043e 20 \u043c\u0438\u043d\u0443\u0442 \u043d\u0430 \u0430\u0432\u0442\u043e\u043c\u043e\u0431\u0438\u043b\u0435) \u2728 \u041f\u0440\u0435\u0438\u043c\u0443\u0449\u0435\u0441\u0442\u0432\u0430 \u042d\u043b\u044c-\u0413\u0443\u043d\u044b: \u2714 \u0427\u0430\u0441\u0442\u043d\u044b\u0435 \u043f\u043b\u044f\u0436\u0438 \u0438 \u043a\u0440\u0438\u0441\u0442\u0430\u043b\u044c\u043d\u043e \u0447\u0438\u0441\u0442\u043e\u0435 \u043c\u043e\u0440\u0435 \u2714 \u041e\u0442\u0435\u043b\u0438 \u0438 \u0440\u0435\u0437\u043e\u0440\u0442\u044b \u043c\u0438\u0440\u043e\u0432\u043e\u0433\u043e \u0443\u0440\u043e\u0432\u043d\u044f \u2714 \u042d\u043b\u0438\u0442\u043d\u0430\u044f \u043c\u0430\u0440\u0438\u043d\u0430, \u0440\u0435\u0441\u0442\u043e\u0440\u0430\u043d\u044b \u0438 \u043a\u0430\u0444\u0435 \u2714 \u041c\u043e\u0440\u0441\u043a\u0438\u0435 \u0440\u0430\u0437\u0432\u043b\u0435\u0447\u0435\u043d\u0438\u044f: \u0434\u0430\u0439\u0432\u0438\u043d\u0433, \u0441\u043d\u043e\u0440\u043a\u043b\u0438\u043d\u0433, \u044f\u0445\u0442\u044b \u2714 \u0422\u0438\u0445\u0430\u044f, \u0431\u0435\u0437\u043e\u043f\u0430\u0441\u043d\u0430\u044f \u0438 \u0443\u044e\u0442\u043d\u0430\u044f \u0430\u0442\u043c\u043e\u0441\u0444\u0435\u0440\u0430 \ud83c\udfdd \u042d\u043b\u044c-\u0413\u0443\u043d\u0430 \u2014 \u0438\u0434\u0435\u0430\u043b\u044c\u043d\u043e\u0435 \u043c\u0435\u0441\u0442\u043e \u0434\u043b\u044f \u043e\u0442\u0434\u044b\u0445\u0430, \u0440\u0435\u043b\u0430\u043a\u0441\u0430 \u0438 \u043d\u0435\u0437\u0430\u0431\u044b\u0432\u0430\u0435\u043c\u044b\u0445 \u0432\u043f\u0435\u0447\u0430\u0442\u043b\u0435\u043d\u0438\u0439 \ud83d\udce9 \u0411\u0440\u043e\u043d\u0438\u0440\u0443\u0439\u0442\u0435 \u0441\u0435\u0439\u0447\u0430\u0441! \u041c\u044b \u043f\u0440\u0435\u0434\u043b\u0430\u0433\u0430\u0435\u043c \u043b\u0443\u0447\u0448\u0438\u0435 \u0432\u0430\u0440\u0438\u0430\u043d\u0442\u044b \u043f\u0440\u043e\u0436\u0438\u0432\u0430\u043d\u0438\u044f \u0438 \u043f\u043e\u043b\u043d\u044b\u0439 \u0442\u0443\u0440\u0438\u0441\u0442\u0438\u0447\u0435\u0441\u043a\u0438\u0439 \u0441\u0435\u0440\u0432\u0438\u0441<\/p><\/div><\/div>\t\t\t\t<\/div>\n\t\t\t\t<div class=\"elementor-element elementor-element-a93cf33 elementor-widget elementor-widget-button\" data-id=\"a93cf33\" data-element_type=\"widget\" data-e-type=\"widget\" data-widget_type=\"button.default\">\n\t\t\t\t\t\t\t\t\t\t<a class=\"elementor-button elementor-button-link elementor-size-sm\" href=\"https:\/\/russian.deserthorsetrips.com\/ro\/%D1%8D%D0%BB%D1%8C-%D0%B3%D1%83%D0%BD%D0%B0\/\">\n\t\t\t\t\t\t<span class=\"elementor-button-content-wrapper\">\n\t\t\t\t\t\t\t\t\t<span class=\"elementor-button-text\">mai mult<\/span>\n\t\t\t\t\t<\/span>\n\t\t\t\t\t<\/a>\n\t\t\t\t\t\t\t\t<\/div>\n\t\t\t\t<\/div>\n\t\t<div class=\"elementor-element elementor-element-066eb26 e-con-full e-flex e-con e-child\" data-id=\"066eb26\" data-element_type=\"container\" data-e-type=\"container\">\n\t\t\t\t<div class=\"elementor-element elementor-element-6dbe319 elementor-widget elementor-widget-image\" data-id=\"6dbe319\" data-element_type=\"widget\" data-e-type=\"widget\" data-widget_type=\"image.default\">\n\t\t\t\t\t\t\t\t\t\t\t\t\t\t\t<img loading=\"lazy\" decoding=\"async\" width=\"800\" height=\"439\" src=\"https:\/\/russian.deserthorsetrips.com\/wp-content\/uploads\/2026\/03\/765563896-\u0641\u0646\u062f\u0642-\u0647\u064a\u0644\u062a\u0648\u0646-\u0644\u0648\u0646\u062c-\u0628\u064a\u062a\u0634-\u0627\u0644\u063a\u0631\u062f\u0642\u0629-.jpg\" class=\"attachment-full size-full wp-image-1832\" alt=\"\" srcset=\"https:\/\/russian.deserthorsetrips.com\/wp-content\/uploads\/2026\/03\/765563896-\u0641\u0646\u062f\u0642-\u0647\u064a\u0644\u062a\u0648\u0646-\u0644\u0648\u0646\u062c-\u0628\u064a\u062a\u0634-\u0627\u0644\u063a\u0631\u062f\u0642\u0629-.jpg 800w, https:\/\/russian.deserthorsetrips.com\/wp-content\/uploads\/2026\/03\/765563896-\u0641\u0646\u062f\u0642-\u0647\u064a\u0644\u062a\u0648\u0646-\u0644\u0648\u0646\u062c-\u0628\u064a\u062a\u0634-\u0627\u0644\u063a\u0631\u062f\u0642\u0629--300x165.jpg 300w, https:\/\/russian.deserthorsetrips.com\/wp-content\/uploads\/2026\/03\/765563896-\u0641\u0646\u062f\u0642-\u0647\u064a\u0644\u062a\u0648\u0646-\u0644\u0648\u0646\u062c-\u0628\u064a\u062a\u0634-\u0627\u0644\u063a\u0631\u062f\u0642\u0629--768x421.jpg 768w, https:\/\/russian.deserthorsetrips.com\/wp-content\/uploads\/2026\/03\/765563896-\u0641\u0646\u062f\u0642-\u0647\u064a\u0644\u062a\u0648\u0646-\u0644\u0648\u0646\u062c-\u0628\u064a\u062a\u0634-\u0627\u0644\u063a\u0631\u062f\u0642\u0629--18x10.jpg 18w\" sizes=\"(max-width: 800px) 100vw, 800px\" \/>\t\t\t\t\t\t\t\t\t\t\t\t\t\t\t<\/div>\n\t\t\t\t<div class=\"elementor-element elementor-element-e8b2ff0 elementor-invisible elementor-widget elementor-widget-image-box\" data-id=\"e8b2ff0\" data-element_type=\"widget\" data-e-type=\"widget\" data-settings=\"{&quot;_animation&quot;:&quot;fadeInDown&quot;}\" data-widget_type=\"image-box.default\">\n\t\t\t\t\t<div class=\"elementor-image-box-wrapper\"><div class=\"elementor-image-box-content\"><h4 class=\"elementor-image-box-title\"><a href=\"\/ro\/\u043b\u043e\u043d\u0433-\u0431\u0438\u0447\/\">Sta\u021biunea Sahl Hasheesh<\/a><\/h4><p class=\"elementor-image-box-description\">\ud83c\udfdd Sahl Hasheesh \u2013 o lume a lini\u0219tii luxoase la Marea Ro\u0219ie\nBucur\u0103-te de un sejur unic \u00een Sahl Hasheesh \u2013 una dintre cele mai elegante \u0219i bine planificate sta\u021biuni de pe litoralul M\u0103rii Ro\u0219ii, unde designul modern se \u00eembin\u0103 cu lini\u0219tea \u0219i intimitatea.\n\n\u2728 Loca\u021bie \u0219i distan\u021b\u0103:\nSahl Hasheesh se afl\u0103 la aproximativ 18\u201320 km de Aeroportul Interna\u021bional Hurghada\n(aprox. 20 de minute cu ma\u0219ina)\n\n\u2728 De ce este Sahl Hasheesh special?\n\u2714 Sta\u021biune modern\u0103 \u0219i foarte bine planificat\u0103\n\u2714 Promenad\u0103 elegant\u0103 cu vedere la mare\n\u2714 Atmosfer\u0103 foarte lini\u0219tit\u0103 \u0219i relaxant\u0103\n\u2714 Nivel ridicat de intimitate \u0219i confort\n\u2714 Hoteluri de lux cu servicii premium\n\u2714 Un adev\u0103rat concept \u201eLuxury Escape\u201d\n\n\ud83c\udfdd Sahl Hasheesh = lini\u0219te elegant\u0103 + lux + experien\u021b\u0103 unic\u0103\n\n\ud83d\udce9 Rezerv\u0103 acum \u0219i bucur\u0103-te de un sejur premium la Marea Ro\u0219ie<\/p><\/div><\/div>\t\t\t\t<\/div>\n\t\t\t\t<div class=\"elementor-element elementor-element-509dc0b elementor-widget elementor-widget-button\" data-id=\"509dc0b\" data-element_type=\"widget\" data-e-type=\"widget\" data-widget_type=\"button.default\">\n\t\t\t\t\t\t\t\t\t\t<a class=\"elementor-button elementor-button-link elementor-size-sm\" href=\"https:\/\/russian.deserthorsetrips.com\/ro\/%D0%BB%D0%BE%D0%BD%D0%B3-%D0%B1%D0%B8%D1%87\/\">\n\t\t\t\t\t\t<span class=\"elementor-button-content-wrapper\">\n\t\t\t\t\t\t\t\t\t<span class=\"elementor-button-text\">mai mult<\/span>\n\t\t\t\t\t<\/span>\n\t\t\t\t\t<\/a>\n\t\t\t\t\t\t\t\t<\/div>\n\t\t\t\t<\/div>\n\t\t\t\t<\/div>\n\t\t\t\t<\/div>\n\t\t\t\t<\/div>","protected":false},"excerpt":{"rendered":"<p>\u041e\u0442\u0435\u043b\u0438 \u043e\u0442\u0434\u044b\u0445 \u0432 \u041c\u0430\u043a\u0430\u0434\u0438 \u0411\u044d\u0439 \ud83c\udf34 \u041c\u0430\u043a\u0430\u0434\u0438 \u0411\u044d\u0439 \u2013 \u0442\u0438\u0448\u0438\u043d\u0430 \u043c\u043e\u0440\u044f \u0438 \u043e\u0447\u0430\u0440\u043e\u0432\u0430\u043d\u0438\u0435 \u043f\u0440\u0438\u0440\u043e\u0434\u044b \u0421\u0440\u0435\u0434\u0438 \u0447\u0438\u0441\u0442\u043e\u0442\u044b \u041a\u0440\u0430\u0441\u043d\u043e\u0433\u043e \u043c\u043e\u0440\u044f \u0438 \u043f\u0435\u0440\u0432\u043e\u0437\u0434\u0430\u043d\u043d\u043e\u0439 \u043f\u0440\u0438\u0440\u043e\u0434\u044b \u041c\u0430\u043a\u0430\u0434\u0438 \u0411\u044d\u0439 \u0432\u044b\u0434\u0435\u043b\u044f\u0435\u0442\u0441\u044f \u043a\u0430\u043a \u043e\u0434\u043d\u043e \u0438\u0437 \u0441\u0430\u043c\u044b\u0445 \u043a\u0440\u0430\u0441\u0438\u0432\u044b\u0445 \u0438 \u0441\u043f\u043e\u043a\u043e\u0439\u043d\u044b\u0445 \u0442\u0443\u0440\u0438\u0441\u0442\u0438\u0447\u0435\u0441\u043a\u0438\u0445 \u043d\u0430\u043f\u0440\u0430\u0432\u043b\u0435\u043d\u0438\u0439 \u0440\u044f\u0434\u043e\u043c \u0441 \u0425\u0443\u0440\u0433\u0430\u0434\u043e\u0439 \u2014 \u043c\u0435\u0441\u0442\u043e, \u0433\u0434\u0435 \u043d\u0430\u0447\u0438\u043d\u0430\u0435\u0442\u0441\u044f \u043d\u0430\u0441\u0442\u043e\u044f\u0449\u0435\u0435 \u0440\u0430\u0441\u0441\u043b\u0430\u0431\u043b\u0435\u043d\u0438\u0435. \u2728 \u0418\u0434\u0435\u0430\u043b\u044c\u043d\u043e\u0435 \u0440\u0430\u0441\u043f\u043e\u043b\u043e\u0436\u0435\u043d\u0438\u0435: \u0412\u0441\u0435\u0433\u043e \u0432 30 \u043a\u043c \u043e\u0442 \u043c\u0435\u0436\u0434\u0443\u043d\u0430\u0440\u043e\u0434\u043d\u043e\u0433\u043e \u0430\u044d\u0440\u043e\u043f\u043e\u0440\u0442\u0430 \u0425\u0443\u0440\u0433\u0430\u0434\u044b (\u043e\u043a\u043e\u043b\u043e 30 [&hellip;]<\/p>\n","protected":false},"author":1,"featured_media":0,"parent":0,"menu_order":0,"comment_status":"closed","ping_status":"closed","template":"elementor_header_footer","meta":{"footnotes":""},"class_list":["post-1750","page","type-page","status-publish","hentry"],"blocksy_meta":[],"_links":{"self":[{"href":"https:\/\/russian.deserthorsetrips.com\/ro\/wp-json\/wp\/v2\/pages\/1750","targetHints":{"allow":["GET"]}}],"collection":[{"href":"https:\/\/russian.deserthorsetrips.com\/ro\/wp-json\/wp\/v2\/pages"}],"about":[{"href":"https:\/\/russian.deserthorsetrips.com\/ro\/wp-json\/wp\/v2\/types\/page"}],"author":[{"embeddable":true,"href":"https:\/\/russian.deserthorsetrips.com\/ro\/wp-json\/wp\/v2\/users\/1"}],"replies":[{"embeddable":true,"href":"https:\/\/russian.deserthorsetrips.com\/ro\/wp-json\/wp\/v2\/comments?post=1750"}],"version-history":[{"count":40,"href":"https:\/\/russian.deserthorsetrips.com\/ro\/wp-json\/wp\/v2\/pages\/1750\/revisions"}],"predecessor-version":[{"id":2181,"href":"https:\/\/russian.deserthorsetrips.com\/ro\/wp-json\/wp\/v2\/pages\/1750\/revisions\/2181"}],"wp:attachment":[{"href":"https:\/\/russian.deserthorsetrips.com\/ro\/wp-json\/wp\/v2\/media?parent=1750"}],"curies":[{"name":"wp","href":"https:\/\/api.w.org\/{rel}","templated":true}]}}