{"id":1642,"date":"2026-03-08T15:26:25","date_gmt":"2026-03-08T15:26:25","guid":{"rendered":"https:\/\/russian.deserthorsetrips.com\/?page_id=1642"},"modified":"2026-04-17T20:53:47","modified_gmt":"2026-04-17T20:53:47","slug":"%d1%8d%d0%ba%d1%81%d0%ba%d1%83%d1%80%d1%81%d0%b8%d0%b8-%d0%b2-%d1%85%d1%83%d1%80%d0%b3%d0%b0%d0%b4%d1%83","status":"publish","type":"page","link":"https:\/\/russian.deserthorsetrips.com\/ro\/%d1%8d%d0%ba%d1%81%d0%ba%d1%83%d1%80%d1%81%d0%b8%d0%b8-%d0%b2-%d1%85%d1%83%d1%80%d0%b3%d0%b0%d0%b4%d1%83\/","title":{"rendered":"Ekskurzie ki Hurghada"},"content":{"rendered":"<div data-elementor-type=\"wp-page\" data-elementor-id=\"1642\" class=\"elementor elementor-1642\" data-elementor-post-type=\"page\">\n\t\t\t\t\t\t<section class=\"elementor-section elementor-top-section elementor-element elementor-element-33b3f2a4 ct-section-stretched elementor-section-boxed elementor-section-height-default elementor-section-height-default\" data-id=\"33b3f2a4\" data-element_type=\"section\" data-e-type=\"section\" data-settings=\"{&quot;background_background&quot;:&quot;classic&quot;}\">\n\t\t\t\t\t\t\t<div class=\"elementor-background-overlay\"><\/div>\n\t\t\t\t\t\t\t<div class=\"elementor-container elementor-column-gap-default\">\n\t\t\t\t\t<div class=\"elementor-column elementor-col-100 elementor-top-column elementor-element elementor-element-1fbdba45\" data-id=\"1fbdba45\" data-element_type=\"column\" data-e-type=\"column\">\n\t\t\t<div class=\"elementor-widget-wrap elementor-element-populated\">\n\t\t\t\t\t\t<div class=\"elementor-element elementor-element-28a7cbb0 elementor-widget elementor-widget-heading\" data-id=\"28a7cbb0\" data-element_type=\"widget\" data-e-type=\"widget\" data-widget_type=\"heading.default\">\n\t\t\t\t\t<h2 class=\"elementor-heading-title elementor-size-default\">\u0422\u0443\u0440\u0438\u0441\u0442\u0438\u0447\u0435\u0441\u043a\u0438\u0435 \u0443\u0441\u043b\u0443\u0433\u0438<\/h2>\t\t\t\t<\/div>\n\t\t\t\t\t<\/div>\n\t\t<\/div>\n\t\t\t\t\t<\/div>\n\t\t<\/section>\n\t\t<div class=\"elementor-element elementor-element-75b0012a e-con-full e-flex e-con e-parent\" data-id=\"75b0012a\" data-element_type=\"container\" data-e-type=\"container\">\n\t\t<div class=\"elementor-element elementor-element-70bbc771 e-con-full e-flex e-con e-child\" data-id=\"70bbc771\" data-element_type=\"container\" data-e-type=\"container\">\n\t\t<div class=\"elementor-element elementor-element-4f85cb34 e-con-full e-flex e-con e-child\" data-id=\"4f85cb34\" data-element_type=\"container\" data-e-type=\"container\">\n\t\t\t\t<div class=\"elementor-element elementor-element-457b3ff7 elementor-widget elementor-widget-image\" data-id=\"457b3ff7\" data-element_type=\"widget\" data-e-type=\"widget\" data-widget_type=\"image.default\">\n\t\t\t\t\t\t\t\t\t\t\t\t\t\t\t<img fetchpriority=\"high\" decoding=\"async\" width=\"2560\" height=\"1707\" src=\"https:\/\/russian.deserthorsetrips.com\/wp-content\/uploads\/2026\/03\/beautiful-landscape-with-rainbow-beach-scaled.jpg\" class=\"attachment-full size-full wp-image-1644\" alt=\"\" srcset=\"https:\/\/russian.deserthorsetrips.com\/wp-content\/uploads\/2026\/03\/beautiful-landscape-with-rainbow-beach-scaled.jpg 2560w, https:\/\/russian.deserthorsetrips.com\/wp-content\/uploads\/2026\/03\/beautiful-landscape-with-rainbow-beach-300x200.jpg 300w, https:\/\/russian.deserthorsetrips.com\/wp-content\/uploads\/2026\/03\/beautiful-landscape-with-rainbow-beach-1024x683.jpg 1024w, https:\/\/russian.deserthorsetrips.com\/wp-content\/uploads\/2026\/03\/beautiful-landscape-with-rainbow-beach-768x512.jpg 768w, https:\/\/russian.deserthorsetrips.com\/wp-content\/uploads\/2026\/03\/beautiful-landscape-with-rainbow-beach-1536x1024.jpg 1536w, https:\/\/russian.deserthorsetrips.com\/wp-content\/uploads\/2026\/03\/beautiful-landscape-with-rainbow-beach-2048x1366.jpg 2048w\" sizes=\"(max-width: 2560px) 100vw, 2560px\" \/>\t\t\t\t\t\t\t\t\t\t\t\t\t\t\t<\/div>\n\t\t\t\t<div class=\"elementor-element elementor-element-614bcc93 elementor-invisible elementor-widget elementor-widget-image-box\" data-id=\"614bcc93\" data-element_type=\"widget\" data-e-type=\"widget\" data-settings=\"{&quot;_animation&quot;:&quot;fadeInDown&quot;}\" data-widget_type=\"image-box.default\">\n\t\t\t\t\t<div class=\"elementor-image-box-wrapper\"><div class=\"elementor-image-box-content\"><h4 class=\"elementor-image-box-title\"><a href=\"\/ro\/?page_id=1639&#038;preview=true\">Hurghada Airlines<\/a><\/h4><p class=\"elementor-image-box-description\">\u0417\u0430\u0431\u0440\u043e\u043d\u0438\u0440\u0443\u0439\u0442\u0435 \u0441\u0432\u043e\u0439 \u0440\u0435\u0439\u0441 \u043f\u043e \u043b\u0443\u0447\u0448\u0438\u043c \u0446\u0435\u043d\u0430\u043c \u043d\u0430 \u043d\u0430\u0448\u0435\u043c \u0441\u0430\u0439\u0442\u0435 \u0432 \u0441\u043e\u0442\u0440\u0443\u0434\u043d\u0438\u0447\u0435\u0441\u0442\u0432\u0435 \u0441 \u043d\u0430\u0434\u0435\u0436\u043d\u044b\u043c\u0438 \u043c\u0435\u0436\u0434\u0443\u043d\u0430\u0440\u043e\u0434\u043d\u044b\u043c\u0438 \u043f\u0430\u0440\u0442\u043d\u0435\u0440\u0430\u043c\u0438 \u2708\ufe0f\n\n\u2714\ufe0f \u0421\u0440\u0430\u0432\u043d\u0438\u0442\u0435 \u0446\u0435\u043d\u044b\n\n\u2714\ufe0f \u0411\u044b\u0441\u0442\u0440\u043e\u0435 \u0438 \u0431\u0435\u0437\u043e\u043f\u0430\u0441\u043d\u043e\u0435 \u0431\u0440\u043e\u043d\u0438\u0440\u043e\u0432\u0430\u043d\u0438\u0435\n\n\u2714\ufe0f \u041f\u043e\u0441\u0442\u043e\u044f\u043d\u043d\u0430\u044f \u043f\u043e\u0434\u0434\u0435\u0440\u0436\u043a\u0430<\/p><\/div><\/div>\t\t\t\t<\/div>\n\t\t\t\t<div class=\"elementor-element elementor-element-5594049 elementor-widget elementor-widget-button\" data-id=\"5594049\" data-element_type=\"widget\" data-e-type=\"widget\" data-widget_type=\"button.default\">\n\t\t\t\t\t\t\t\t\t\t<a class=\"elementor-button elementor-button-link elementor-size-sm\" href=\"https:\/\/russian.deserthorsetrips.com\/ro\/%d1%85%d1%83%d1%80%d0%b3%d0%b0%d0%b4%d0%b0-%d1%8d%d0%b9%d1%80%d0%bb%d0%b0%d0%b9%d0%bd%d0%b7\/\">\n\t\t\t\t\t\t<span class=\"elementor-button-content-wrapper\">\n\t\t\t\t\t\t\t\t\t<span class=\"elementor-button-text\">mai mult<\/span>\n\t\t\t\t\t<\/span>\n\t\t\t\t\t<\/a>\n\t\t\t\t\t\t\t\t<\/div>\n\t\t\t\t<\/div>\n\t\t<div class=\"elementor-element elementor-element-d3db78f e-con-full e-flex e-con e-child\" data-id=\"d3db78f\" data-element_type=\"container\" data-e-type=\"container\">\n\t\t\t\t<div class=\"elementor-element elementor-element-2d32fa54 elementor-widget elementor-widget-image\" data-id=\"2d32fa54\" data-element_type=\"widget\" data-e-type=\"widget\" data-widget_type=\"image.default\">\n\t\t\t\t\t\t\t\t\t\t\t\t\t\t\t<img decoding=\"async\" width=\"740\" height=\"415\" src=\"https:\/\/russian.deserthorsetrips.com\/wp-content\/uploads\/2026\/03\/prestigious-wheels-exquisite-collection-highend-cars_153608-69652.avif\" class=\"attachment-full size-full wp-image-1815\" alt=\"\" srcset=\"https:\/\/russian.deserthorsetrips.com\/wp-content\/uploads\/2026\/03\/prestigious-wheels-exquisite-collection-highend-cars_153608-69652.avif 740w, https:\/\/russian.deserthorsetrips.com\/wp-content\/uploads\/2026\/03\/prestigious-wheels-exquisite-collection-highend-cars_153608-69652-300x168.avif 300w, https:\/\/russian.deserthorsetrips.com\/wp-content\/uploads\/2026\/03\/prestigious-wheels-exquisite-collection-highend-cars_153608-69652-18x10.avif 18w\" sizes=\"(max-width: 740px) 100vw, 740px\" \/>\t\t\t\t\t\t\t\t\t\t\t\t\t\t\t<\/div>\n\t\t\t\t<div class=\"elementor-element elementor-element-1c8820dc elementor-invisible elementor-widget elementor-widget-image-box\" data-id=\"1c8820dc\" data-element_type=\"widget\" data-e-type=\"widget\" data-settings=\"{&quot;_animation&quot;:&quot;fadeInDown&quot;}\" data-widget_type=\"image-box.default\">\n\t\t\t\t\t<div class=\"elementor-image-box-wrapper\"><div class=\"elementor-image-box-content\"><h4 class=\"elementor-image-box-title\"><a href=\"\/ro\/?page_id=1638&#038;preview=true\">Servicii de transfer turistic<\/a><\/h4><p class=\"elementor-image-box-description\">\ud83d\ude90 \u041a\u043e\u043c\u0444\u043e\u0440\u0442\u043d\u044b\u0439 \u0442\u0440\u0430\u043d\u0441\u0444\u0435\u0440 \u0432 \u0415\u0433\u0438\u043f\u0442\u0435 \u0431\u0435\u0437 \u0441\u0442\u0440\u0435\u0441\u0441\u0430 \u0438 \u043e\u0436\u0438\u0434\u0430\u043d\u0438\u044f \u0417\u0430\u0431\u0443\u0434\u044c\u0442\u0435 \u043e \u0442\u0430\u043a\u0441\u0438 \u0438 \u043f\u043e\u0438\u0441\u043a\u0435 \u0442\u0440\u0430\u043d\u0441\u043f\u043e\u0440\u0442\u0430! \u041c\u044b \u043e\u0440\u0433\u0430\u043d\u0438\u0437\u0443\u0435\u043c \u0434\u043b\u044f \u0432\u0430\u0441 \u043d\u0430\u0434\u0435\u0436\u043d\u044b\u0439 \u0438 \u043a\u043e\u043c\u0444\u043e\u0440\u0442\u043d\u044b\u0439 \u0442\u0440\u0430\u043d\u0441\u0444\u0435\u0440 \u0438\u0437 \u0430\u044d\u0440\u043e\u043f\u043e\u0440\u0442\u0430 \u0432 \u043e\u0442\u0435\u043b\u044c \u0438 \u043e\u0431\u0440\u0430\u0442\u043d\u043e \u2014 \u0431\u044b\u0441\u0442\u0440\u043e, \u0431\u0435\u0437\u043e\u043f\u0430\u0441\u043d\u043e \u0438 \u043f\u043e \u043b\u0443\u0447\u0448\u0435\u0439 \u0446\u0435\u043d\u0435.<\/p><\/div><\/div>\t\t\t\t<\/div>\n\t\t\t\t<div class=\"elementor-element elementor-element-55e35f4 elementor-widget elementor-widget-button\" data-id=\"55e35f4\" data-element_type=\"widget\" data-e-type=\"widget\" data-widget_type=\"button.default\">\n\t\t\t\t\t\t\t\t\t\t<a class=\"elementor-button elementor-button-link elementor-size-sm\" href=\"https:\/\/russian.deserthorsetrips.com\/ro\/%d0%b0%d0%b2%d1%82%d0%be%d0%bf%d0%b5%d1%80%d0%b5%d0%b2%d0%be%d0%b7%d0%ba%d0%b8-%d0%b2-%d1%85%d1%83%d1%80%d0%b3%d0%b0%d0%b4%d1%83\/\">\n\t\t\t\t\t\t<span class=\"elementor-button-content-wrapper\">\n\t\t\t\t\t\t\t\t\t<span class=\"elementor-button-text\">mai mult<\/span>\n\t\t\t\t\t<\/span>\n\t\t\t\t\t<\/a>\n\t\t\t\t\t\t\t\t<\/div>\n\t\t\t\t<\/div>\n\t\t\t\t<\/div>\n\t\t\t\t<\/div>\n\t\t<div class=\"elementor-element elementor-element-dedc743 e-con-full e-flex e-con e-parent\" data-id=\"dedc743\" data-element_type=\"container\" data-e-type=\"container\">\n\t\t<div class=\"elementor-element elementor-element-2f23bb3 e-con-full e-flex e-con e-child\" data-id=\"2f23bb3\" data-element_type=\"container\" data-e-type=\"container\">\n\t\t<div class=\"elementor-element elementor-element-2b3656c e-con-full e-flex e-con e-child\" data-id=\"2b3656c\" data-element_type=\"container\" data-e-type=\"container\">\n\t\t\t\t<div class=\"elementor-element elementor-element-24ae924 elementor-widget elementor-widget-image\" data-id=\"24ae924\" data-element_type=\"widget\" data-e-type=\"widget\" data-widget_type=\"image.default\">\n\t\t\t\t\t\t\t\t\t\t\t\t\t\t\t<img decoding=\"async\" width=\"524\" height=\"585\" src=\"https:\/\/russian.deserthorsetrips.com\/wp-content\/uploads\/2026\/04\/WhatsApp-Image-2026-04-14-at-6.59.40-PM.jpeg\" class=\"attachment-full size-full wp-image-1930\" alt=\"\" srcset=\"https:\/\/russian.deserthorsetrips.com\/wp-content\/uploads\/2026\/04\/WhatsApp-Image-2026-04-14-at-6.59.40-PM.jpeg 524w, https:\/\/russian.deserthorsetrips.com\/wp-content\/uploads\/2026\/04\/WhatsApp-Image-2026-04-14-at-6.59.40-PM-269x300.jpeg 269w, https:\/\/russian.deserthorsetrips.com\/wp-content\/uploads\/2026\/04\/WhatsApp-Image-2026-04-14-at-6.59.40-PM-11x12.jpeg 11w\" sizes=\"(max-width: 524px) 100vw, 524px\" \/>\t\t\t\t\t\t\t\t\t\t\t\t\t\t\t<\/div>\n\t\t\t\t<div class=\"elementor-element elementor-element-e2b118b elementor-invisible elementor-widget elementor-widget-image-box\" data-id=\"e2b118b\" data-element_type=\"widget\" data-e-type=\"widget\" data-settings=\"{&quot;_animation&quot;:&quot;fadeInDown&quot;}\" data-widget_type=\"image-box.default\">\n\t\t\t\t\t<div class=\"elementor-image-box-wrapper\"><div class=\"elementor-image-box-content\"><h4 class=\"elementor-image-box-title\"><a href=\"\/ro\/hurghada\/\">Hurghada<\/a><\/h4><p class=\"elementor-image-box-description\">Tur ghidat \u00een Hurghada \u2013 Descoper\u0103 via\u021ba local\u0103 \u0219i pie\u021bele populare \ud83c\udf34\nExploreaz\u0103 inima Hurghadei \u2013 Tur al celor mai faimoase obiective turistice \u0219i pie\u021be \ud83d\udecd\ufe0f\nTur ghidat \u00een Hurghada \u2013 Tr\u0103ie\u0219te Egiptul autentic \ud83c\uddea\ud83c\uddec\u2728\nBucur\u0103-te de un tur unic prin Hurghada \u2013 Pie\u021be, promenad\u0103 \u0219i marina \ud83c\udf0a\nC\u0103l\u0103torie \u00een Hurghada \u2013 Shopping, divertisment \u0219i explorare a ora\u0219ului \ud83d\udd25<\/p><\/div><\/div>\t\t\t\t<\/div>\n\t\t\t\t<div class=\"elementor-element elementor-element-76e3804 elementor-widget elementor-widget-button\" data-id=\"76e3804\" data-element_type=\"widget\" data-e-type=\"widget\" data-widget_type=\"button.default\">\n\t\t\t\t\t\t\t\t\t\t<a class=\"elementor-button elementor-button-link elementor-size-sm\" href=\"https:\/\/russian.deserthorsetrips.com\/ro\/hurghada\/\">\n\t\t\t\t\t\t<span class=\"elementor-button-content-wrapper\">\n\t\t\t\t\t\t\t\t\t<span class=\"elementor-button-text\">mai mult<\/span>\n\t\t\t\t\t<\/span>\n\t\t\t\t\t<\/a>\n\t\t\t\t\t\t\t\t<\/div>\n\t\t\t\t<\/div>\n\t\t<div class=\"elementor-element elementor-element-066eb26 e-con-full elementor-hidden-desktop elementor-hidden-tablet elementor-hidden-mobile e-flex e-con e-child\" data-id=\"066eb26\" data-element_type=\"container\" data-e-type=\"container\">\n\t\t\t\t<div class=\"elementor-element elementor-element-6dbe319 elementor-widget elementor-widget-image\" data-id=\"6dbe319\" data-element_type=\"widget\" data-e-type=\"widget\" data-widget_type=\"image.default\">\n\t\t\t\t\t\t\t\t\t\t\t\t\t\t\t<img loading=\"lazy\" decoding=\"async\" width=\"1230\" height=\"834\" src=\"https:\/\/russian.deserthorsetrips.com\/wp-content\/uploads\/2026\/02\/post-1_image0-28.webp\" class=\"attachment-full size-full wp-image-1353\" alt=\"\" srcset=\"https:\/\/russian.deserthorsetrips.com\/wp-content\/uploads\/2026\/02\/post-1_image0-28.webp 1230w, https:\/\/russian.deserthorsetrips.com\/wp-content\/uploads\/2026\/02\/post-1_image0-28-300x203.webp 300w, https:\/\/russian.deserthorsetrips.com\/wp-content\/uploads\/2026\/02\/post-1_image0-28-1024x694.webp 1024w, https:\/\/russian.deserthorsetrips.com\/wp-content\/uploads\/2026\/02\/post-1_image0-28-768x521.webp 768w\" sizes=\"(max-width: 1230px) 100vw, 1230px\" \/>\t\t\t\t\t\t\t\t\t\t\t\t\t\t\t<\/div>\n\t\t\t\t<div class=\"elementor-element elementor-element-e8b2ff0 elementor-invisible elementor-widget elementor-widget-image-box\" data-id=\"e8b2ff0\" data-element_type=\"widget\" data-e-type=\"widget\" data-settings=\"{&quot;_animation&quot;:&quot;fadeInDown&quot;}\" data-widget_type=\"image-box.default\">\n\t\t\t\t\t<div class=\"elementor-image-box-wrapper\"><div class=\"elementor-image-box-content\"><h4 class=\"elementor-image-box-title\"><a href=\"\/ro\/hurghada\/\">Hurghada<\/a><\/h4><p class=\"elementor-image-box-description\">3 divesa\/2 ra\u0107a 1 dives: Areslipe thaj kidipe ki moro Areslipe thaj check-in: Areslipe ki Hurghada, check-in ko hoteli, te lel pes soba, luncho thaj sigo \u017aanglipe ko moro ja ko basein vash relaksiribe. Rat: Palal jekh pauza, \u017aan tele ki Turistikani Promenada vaj ki Marina e Hurghadaki, phiren pa\u015bal late, pijen jekh pipe an\u03b8-e jekh an\u03b8ar e kafeteria thaj g\u00eendin e atmosfera e ratvale morosqi.<\/p><\/div><\/div>\t\t\t\t<\/div>\n\t\t\t\t<\/div>\n\t\t\t\t<\/div>\n\t\t\t\t<\/div>\n\t\t\t\t<\/div>","protected":false},"excerpt":{"rendered":"<p>\u0422\u0443\u0440\u0438\u0441\u0442\u0438\u0447\u0435\u0441\u043a\u0438\u0435 \u0443\u0441\u043b\u0443\u0433\u0438 \u0425\u0443\u0440\u0433\u0430\u0434\u0430 \u042d\u0439\u0440\u043b\u0430\u0439\u043d\u0437 \u0417\u0430\u0431\u0440\u043e\u043d\u0438\u0440\u0443\u0439\u0442\u0435 \u0441\u0432\u043e\u0439 \u0440\u0435\u0439\u0441 \u043f\u043e \u043b\u0443\u0447\u0448\u0438\u043c \u0446\u0435\u043d\u0430\u043c \u043d\u0430 \u043d\u0430\u0448\u0435\u043c \u0441\u0430\u0439\u0442\u0435 \u0432 \u0441\u043e\u0442\u0440\u0443\u0434\u043d\u0438\u0447\u0435\u0441\u0442\u0432\u0435 \u0441 \u043d\u0430\u0434\u0435\u0436\u043d\u044b\u043c\u0438 \u043c\u0435\u0436\u0434\u0443\u043d\u0430\u0440\u043e\u0434\u043d\u044b\u043c\u0438 \u043f\u0430\u0440\u0442\u043d\u0435\u0440\u0430\u043c\u0438 \u2708\ufe0f \u2714\ufe0f \u0421\u0440\u0430\u0432\u043d\u0438\u0442\u0435 \u0446\u0435\u043d\u044b \u2714\ufe0f \u0411\u044b\u0441\u0442\u0440\u043e\u0435 \u0438 \u0431\u0435\u0437\u043e\u043f\u0430\u0441\u043d\u043e\u0435 \u0431\u0440\u043e\u043d\u0438\u0440\u043e\u0432\u0430\u043d\u0438\u0435 \u2714\ufe0f \u041f\u043e\u0441\u0442\u043e\u044f\u043d\u043d\u0430\u044f \u043f\u043e\u0434\u0434\u0435\u0440\u0436\u043a\u0430 \u0431\u043e\u043b\u044c\u0448\u0435 \u0423\u0441\u043b\u0443\u0433\u0438 \u0442\u0443\u0440\u0438\u0441\u0442\u0438\u0447\u0435\u0441\u043a\u043e\u0433\u043e \u0442\u0440\u0430\u043d\u0441\u0444\u0435\u0440\u0430 \ud83d\ude90 \u041a\u043e\u043c\u0444\u043e\u0440\u0442\u043d\u044b\u0439 \u0442\u0440\u0430\u043d\u0441\u0444\u0435\u0440 \u0432 \u0415\u0433\u0438\u043f\u0442\u0435 \u0431\u0435\u0437 \u0441\u0442\u0440\u0435\u0441\u0441\u0430 \u0438 \u043e\u0436\u0438\u0434\u0430\u043d\u0438\u044f \u0417\u0430\u0431\u0443\u0434\u044c\u0442\u0435 \u043e \u0442\u0430\u043a\u0441\u0438 \u0438 \u043f\u043e\u0438\u0441\u043a\u0435 \u0442\u0440\u0430\u043d\u0441\u043f\u043e\u0440\u0442\u0430! \u041c\u044b \u043e\u0440\u0433\u0430\u043d\u0438\u0437\u0443\u0435\u043c \u0434\u043b\u044f \u0432\u0430\u0441 \u043d\u0430\u0434\u0435\u0436\u043d\u044b\u0439 [&hellip;]<\/p>\n","protected":false},"author":1,"featured_media":0,"parent":0,"menu_order":0,"comment_status":"closed","ping_status":"closed","template":"elementor_header_footer","meta":{"footnotes":""},"class_list":["post-1642","page","type-page","status-publish","hentry"],"blocksy_meta":[],"_links":{"self":[{"href":"https:\/\/russian.deserthorsetrips.com\/ro\/wp-json\/wp\/v2\/pages\/1642","targetHints":{"allow":["GET"]}}],"collection":[{"href":"https:\/\/russian.deserthorsetrips.com\/ro\/wp-json\/wp\/v2\/pages"}],"about":[{"href":"https:\/\/russian.deserthorsetrips.com\/ro\/wp-json\/wp\/v2\/types\/page"}],"author":[{"embeddable":true,"href":"https:\/\/russian.deserthorsetrips.com\/ro\/wp-json\/wp\/v2\/users\/1"}],"replies":[{"embeddable":true,"href":"https:\/\/russian.deserthorsetrips.com\/ro\/wp-json\/wp\/v2\/comments?post=1642"}],"version-history":[{"count":44,"href":"https:\/\/russian.deserthorsetrips.com\/ro\/wp-json\/wp\/v2\/pages\/1642\/revisions"}],"predecessor-version":[{"id":2166,"href":"https:\/\/russian.deserthorsetrips.com\/ro\/wp-json\/wp\/v2\/pages\/1642\/revisions\/2166"}],"wp:attachment":[{"href":"https:\/\/russian.deserthorsetrips.com\/ro\/wp-json\/wp\/v2\/media?parent=1642"}],"curies":[{"name":"wp","href":"https:\/\/api.w.org\/{rel}","templated":true}]}}