{"id":648,"date":"2026-02-07T22:00:30","date_gmt":"2026-02-07T22:00:30","guid":{"rendered":"https:\/\/wayratrip.mohamedmokhtar.net\/?page_id=648"},"modified":"2026-03-08T16:35:34","modified_gmt":"2026-03-08T16:35:34","slug":"trips","status":"publish","type":"page","link":"https:\/\/russian.deserthorsetrips.com\/de\/trips\/","title":{"rendered":"Ausfl\u00fcge"},"content":{"rendered":"<div data-elementor-type=\"wp-page\" data-elementor-id=\"648\" class=\"elementor elementor-648\" data-elementor-post-type=\"page\">\n\t\t\t\t\t\t<section class=\"elementor-section elementor-top-section elementor-element elementor-element-33b3f2a4 ct-section-stretched elementor-section-boxed elementor-section-height-default elementor-section-height-default\" data-id=\"33b3f2a4\" data-element_type=\"section\" data-e-type=\"section\" data-settings=\"{&quot;background_background&quot;:&quot;classic&quot;}\">\n\t\t\t\t\t\t\t<div class=\"elementor-background-overlay\"><\/div>\n\t\t\t\t\t\t\t<div class=\"elementor-container elementor-column-gap-default\">\n\t\t\t\t\t<div class=\"elementor-column elementor-col-100 elementor-top-column elementor-element elementor-element-1fbdba45\" data-id=\"1fbdba45\" data-element_type=\"column\" data-e-type=\"column\">\n\t\t\t<div class=\"elementor-widget-wrap elementor-element-populated\">\n\t\t\t\t\t\t<div class=\"elementor-element elementor-element-28a7cbb0 elementor-widget elementor-widget-heading\" data-id=\"28a7cbb0\" data-element_type=\"widget\" data-e-type=\"widget\" data-widget_type=\"heading.default\">\n\t\t\t\t\t<h2 class=\"elementor-heading-title elementor-size-default\">Unsere Reisen<\/h2>\t\t\t\t<\/div>\n\t\t\t\t\t<\/div>\n\t\t<\/div>\n\t\t\t\t\t<\/div>\n\t\t<\/section>\n\t\t<div class=\"elementor-element elementor-element-75b0012a e-con-full e-flex e-con e-parent\" data-id=\"75b0012a\" data-element_type=\"container\" data-e-type=\"container\">\n\t\t<div class=\"elementor-element elementor-element-70bbc771 e-con-full e-flex e-con e-child\" data-id=\"70bbc771\" data-element_type=\"container\" data-e-type=\"container\">\n\t\t<div class=\"elementor-element elementor-element-4f85cb34 e-con-full e-flex e-con e-child\" data-id=\"4f85cb34\" data-element_type=\"container\" data-e-type=\"container\">\n\t\t\t\t<div class=\"elementor-element elementor-element-457b3ff7 elementor-widget elementor-widget-image\" data-id=\"457b3ff7\" data-element_type=\"widget\" data-e-type=\"widget\" data-widget_type=\"image.default\">\n\t\t\t\t\t\t\t\t\t\t\t\t\t\t\t<img fetchpriority=\"high\" decoding=\"async\" width=\"1500\" height=\"1000\" src=\"https:\/\/russian.deserthorsetrips.com\/wp-content\/uploads\/2026\/03\/2151456244.jpg\" class=\"attachment-full size-full wp-image-1583\" alt=\"\" srcset=\"https:\/\/russian.deserthorsetrips.com\/wp-content\/uploads\/2026\/03\/2151456244.jpg 1500w, https:\/\/russian.deserthorsetrips.com\/wp-content\/uploads\/2026\/03\/2151456244-300x200.jpg 300w, https:\/\/russian.deserthorsetrips.com\/wp-content\/uploads\/2026\/03\/2151456244-1024x683.jpg 1024w, https:\/\/russian.deserthorsetrips.com\/wp-content\/uploads\/2026\/03\/2151456244-768x512.jpg 768w\" sizes=\"(max-width: 1500px) 100vw, 1500px\" \/>\t\t\t\t\t\t\t\t\t\t\t\t\t\t\t<\/div>\n\t\t\t\t<div class=\"elementor-element elementor-element-614bcc93 elementor-invisible elementor-widget elementor-widget-image-box\" data-id=\"614bcc93\" data-element_type=\"widget\" data-e-type=\"widget\" data-settings=\"{&quot;_animation&quot;:&quot;fadeInDown&quot;}\" data-widget_type=\"image-box.default\">\n\t\t\t\t\t<div class=\"elementor-image-box-wrapper\"><div class=\"elementor-image-box-content\"><h4 class=\"elementor-image-box-title\"><a href=\"\/de\/\u0434\u0430\u0439\u0432\u0438\u043d\u0433\/\">\u0434\u0430\u0439\u0432\u0438\u043d\u0433\u0430<\/a><\/h4><p class=\"elementor-image-box-description\">4 Tage\/3 N\u00e4chte\n\nTag 1: (Ankunft in Hurghada \u2013 Kennenlernen der Stadt)\n\nAnkunft und Anmeldung: Ankunft am Hurghada International Airport und Transfer zum Hotel. Wir empfehlen einen Aufenthalt in der Gegend von Sahl Hasheesh oder Al Mamsha, da diese in der N\u00e4he von Tauchzentren und Aktivit\u00e4ten liegen.\n\nAbendaktivit\u00e4t: Sobald Sie sich niedergelassen haben, k\u00f6nnen Sie an einer kostenlosen Tour durch die Uferpromenade von Hurghada oder den Alten Markt von Dahar teilnehmen. Sie k\u00f6nnen die Atmosph\u00e4re der Stadt kennenlernen und in einem der Restaurants mit Blick auf das Meer zu Abend essen.<\/p><\/div><\/div>\t\t\t\t<\/div>\n\t\t\t\t<\/div>\n\t\t<div class=\"elementor-element elementor-element-d3db78f e-con-full e-flex e-con e-child\" data-id=\"d3db78f\" data-element_type=\"container\" data-e-type=\"container\">\n\t\t\t\t<div class=\"elementor-element elementor-element-2d32fa54 elementor-widget elementor-widget-image\" data-id=\"2d32fa54\" data-element_type=\"widget\" data-e-type=\"widget\" data-widget_type=\"image.default\">\n\t\t\t\t\t\t\t\t\t\t\t\t\t\t\t<img decoding=\"async\" width=\"626\" height=\"417\" src=\"https:\/\/russian.deserthorsetrips.com\/wp-content\/uploads\/2026\/03\/man-riding-motorcycle-sand_157912-12508.avif\" class=\"attachment-full size-full wp-image-1596\" alt=\"\" srcset=\"https:\/\/russian.deserthorsetrips.com\/wp-content\/uploads\/2026\/03\/man-riding-motorcycle-sand_157912-12508.avif 626w, https:\/\/russian.deserthorsetrips.com\/wp-content\/uploads\/2026\/03\/man-riding-motorcycle-sand_157912-12508-300x200.avif 300w\" sizes=\"(max-width: 626px) 100vw, 626px\" \/>\t\t\t\t\t\t\t\t\t\t\t\t\t\t\t<\/div>\n\t\t\t\t<div class=\"elementor-element elementor-element-1c8820dc elementor-invisible elementor-widget elementor-widget-image-box\" data-id=\"1c8820dc\" data-element_type=\"widget\" data-e-type=\"widget\" data-settings=\"{&quot;_animation&quot;:&quot;fadeInDown&quot;}\" data-widget_type=\"image-box.default\">\n\t\t\t\t\t<div class=\"elementor-image-box-wrapper\"><div class=\"elementor-image-box-content\"><h4 class=\"elementor-image-box-title\"><a href=\"\/de\/\u0441\u0430\u0444\u0430\u0440\u0438\/\">Safari<\/a><\/h4><p class=\"elementor-image-box-description\">4 Tage\/3 N\u00e4chte\n\nTag 1: (Ankunft in Hurghada \u2013 Check-in und Vorbereitung)\n\nAnkunft und Check-in: Ankunft am Flughafen Hurghada und Transfer zum Hotel oder Touristencamp. Wir empfehlen, in einem Gebiet am Rande der W\u00fcste zu \u00fcbernachten, beispielsweise in Safaga oder in Gebieten in der N\u00e4he der Berge des Roten Meeres.\n\nEinf\u00fchrungstour: Nach der Unterkunft treffen Sie sich mit dem Reiseleiter, um sich mit dem Safariprogramm, den Sicherheitsanweisungen und der Vorbereitung geeigneter Kleidung und Ausr\u00fcstung vertraut zu machen.\n\nAbend: Willkommensessen im Hotel mit einer Sommersitzung, um die W\u00fcstenatmosph\u00e4re zu erleben.<\/p><\/div><\/div>\t\t\t\t<\/div>\n\t\t\t\t<\/div>\n\t\t\t\t<\/div>\n\t\t\t\t<\/div>\n\t\t<div class=\"elementor-element elementor-element-dedc743 e-con-full e-flex e-con e-parent\" data-id=\"dedc743\" data-element_type=\"container\" data-e-type=\"container\">\n\t\t<div class=\"elementor-element elementor-element-2f23bb3 e-con-full e-flex e-con e-child\" data-id=\"2f23bb3\" data-element_type=\"container\" data-e-type=\"container\">\n\t\t<div class=\"elementor-element elementor-element-2b3656c e-con-full e-flex e-con e-child\" data-id=\"2b3656c\" data-element_type=\"container\" data-e-type=\"container\">\n\t\t\t\t<div class=\"elementor-element elementor-element-24ae924 elementor-widget elementor-widget-image\" data-id=\"24ae924\" data-element_type=\"widget\" data-e-type=\"widget\" data-widget_type=\"image.default\">\n\t\t\t\t\t\t\t\t\t\t\t\t\t\t\t<img decoding=\"async\" width=\"680\" height=\"510\" src=\"https:\/\/russian.deserthorsetrips.com\/wp-content\/uploads\/2026\/02\/unnamed-13.webp\" class=\"attachment-full size-full wp-image-1355\" alt=\"\" srcset=\"https:\/\/russian.deserthorsetrips.com\/wp-content\/uploads\/2026\/02\/unnamed-13.webp 680w, https:\/\/russian.deserthorsetrips.com\/wp-content\/uploads\/2026\/02\/unnamed-13-300x225.webp 300w\" sizes=\"(max-width: 680px) 100vw, 680px\" \/>\t\t\t\t\t\t\t\t\t\t\t\t\t\t\t<\/div>\n\t\t\t\t<div class=\"elementor-element elementor-element-e2b118b elementor-invisible elementor-widget elementor-widget-image-box\" data-id=\"e2b118b\" data-element_type=\"widget\" data-e-type=\"widget\" data-settings=\"{&quot;_animation&quot;:&quot;fadeInDown&quot;}\" data-widget_type=\"image-box.default\">\n\t\t\t\t\t<div class=\"elementor-image-box-wrapper\"><div class=\"elementor-image-box-content\"><h4 class=\"elementor-image-box-title\"><a href=\"\/de\/siwa\/\">Shiva<\/a><\/h4><p class=\"elementor-image-box-description\">3 Tage\/2 N\u00e4chte Tag 1: Ankunft Morgen: Abfahrt vom Treffpunkt mit dem Auto (die Fahrt dauert ca. 8-9 Stunden). Ankunft und Ruhe: Ankunft in Siwa am Nachmittag, Einchecken im Hotel, Einchecken in die Zimmer und Ruhe. Asr: Schneller Abstieg, um den Sonnenuntergang von der Insel Fatnas aus zu beobachten, dem sch\u00f6nsten Ort, um den Sonnenuntergang zu beobachten. Abend: R\u00fcckkehr zum Hotel, Abendessen und Genie\u00dfen der ruhigen Beduinenatmosph\u00e4re.<\/p><\/div><\/div>\t\t\t\t<\/div>\n\t\t\t\t<\/div>\n\t\t<div class=\"elementor-element elementor-element-066eb26 e-con-full e-flex e-con e-child\" data-id=\"066eb26\" data-element_type=\"container\" data-e-type=\"container\">\n\t\t\t\t<div class=\"elementor-element elementor-element-6dbe319 elementor-widget elementor-widget-image\" data-id=\"6dbe319\" data-element_type=\"widget\" data-e-type=\"widget\" data-widget_type=\"image.default\">\n\t\t\t\t\t\t\t\t\t\t\t\t\t\t\t<img loading=\"lazy\" decoding=\"async\" width=\"1230\" height=\"834\" src=\"https:\/\/russian.deserthorsetrips.com\/wp-content\/uploads\/2026\/02\/post-1_image0-28.webp\" class=\"attachment-full size-full wp-image-1353\" alt=\"\" srcset=\"https:\/\/russian.deserthorsetrips.com\/wp-content\/uploads\/2026\/02\/post-1_image0-28.webp 1230w, https:\/\/russian.deserthorsetrips.com\/wp-content\/uploads\/2026\/02\/post-1_image0-28-300x203.webp 300w, https:\/\/russian.deserthorsetrips.com\/wp-content\/uploads\/2026\/02\/post-1_image0-28-1024x694.webp 1024w, https:\/\/russian.deserthorsetrips.com\/wp-content\/uploads\/2026\/02\/post-1_image0-28-768x521.webp 768w\" sizes=\"(max-width: 1230px) 100vw, 1230px\" \/>\t\t\t\t\t\t\t\t\t\t\t\t\t\t\t<\/div>\n\t\t\t\t<div class=\"elementor-element elementor-element-e8b2ff0 elementor-invisible elementor-widget elementor-widget-image-box\" data-id=\"e8b2ff0\" data-element_type=\"widget\" data-e-type=\"widget\" data-settings=\"{&quot;_animation&quot;:&quot;fadeInDown&quot;}\" data-widget_type=\"image-box.default\">\n\t\t\t\t\t<div class=\"elementor-image-box-wrapper\"><div class=\"elementor-image-box-content\"><h4 class=\"elementor-image-box-title\"><a href=\"\/de\/\u044d\u043a\u0441\u043a\u0443\u0440\u0441\u0438\u0438-\u0432-\u0445\u0443\u0440\u0433\u0430\u0434\u0443\/\">Hurghada<\/a><\/h4><p class=\"elementor-image-box-description\">3 Tage\/2 N\u00e4chte 1 Tag: Ankunft und Treffen auf See Ankunft und Check-in: Ankunft in Hurghada, Check-in im Hotel, Zimmerbezug, Mittagessen und schnelle Abfahrt zum Meer oder Pool zur Entspannung. Abends: Gehen Sie nach einer Pause zur Touristenpromenade oder zum Yachthafen von Hurghada, schlendern Sie entlang, trinken Sie etwas in einem der Caf\u00e9s und stellen Sie sich die Atmosph\u00e4re des n\u00e4chtlichen Meeres vor.<\/p><\/div><\/div>\t\t\t\t<\/div>\n\t\t\t\t<\/div>\n\t\t\t\t<\/div>\n\t\t\t\t<\/div>\n\t\t<div class=\"elementor-element elementor-element-85e6b3a e-con-full e-flex e-con e-parent\" data-id=\"85e6b3a\" data-element_type=\"container\" data-e-type=\"container\">\n\t\t<div class=\"elementor-element elementor-element-9053078 e-con-full e-flex e-con e-child\" data-id=\"9053078\" data-element_type=\"container\" data-e-type=\"container\">\n\t\t<div class=\"elementor-element elementor-element-a9a62d8 e-con-full e-flex e-con e-child\" data-id=\"a9a62d8\" data-element_type=\"container\" data-e-type=\"container\">\n\t\t\t\t<div class=\"elementor-element elementor-element-d563e02 elementor-widget elementor-widget-image\" data-id=\"d563e02\" data-element_type=\"widget\" data-e-type=\"widget\" data-widget_type=\"image.default\">\n\t\t\t\t\t\t\t\t\t\t\t\t\t\t\t<img loading=\"lazy\" decoding=\"async\" width=\"680\" height=\"510\" src=\"https:\/\/russian.deserthorsetrips.com\/wp-content\/uploads\/2026\/02\/unnamed-12.webp\" class=\"attachment-full size-full wp-image-1354\" alt=\"\" srcset=\"https:\/\/russian.deserthorsetrips.com\/wp-content\/uploads\/2026\/02\/unnamed-12.webp 680w, https:\/\/russian.deserthorsetrips.com\/wp-content\/uploads\/2026\/02\/unnamed-12-300x225.webp 300w\" sizes=\"(max-width: 680px) 100vw, 680px\" \/>\t\t\t\t\t\t\t\t\t\t\t\t\t\t\t<\/div>\n\t\t\t\t<div class=\"elementor-element elementor-element-c41871d elementor-invisible elementor-widget elementor-widget-image-box\" data-id=\"c41871d\" data-element_type=\"widget\" data-e-type=\"widget\" data-settings=\"{&quot;_animation&quot;:&quot;fadeInDown&quot;}\" data-widget_type=\"image-box.default\">\n\t\t\t\t\t<div class=\"elementor-image-box-wrapper\"><div class=\"elementor-image-box-content\"><h4 class=\"elementor-image-box-title\"><a href=\"\/de\/aswan\/\">Assuan<\/a><\/h4><p class=\"elementor-image-box-description\">4 Tage\/3 N\u00e4chte Tag 1 (Ankunft Luxor \u2013 Ostufer): Ankunft in Luxor und Beginn der Tour vom \u00f6stlichen Land aus. Besuchen Sie den Luxor-Tempel und den Widderweg. Besuchen Sie den Karnak-Tempel (den gr\u00f6\u00dften Tempel der Welt) und erkunden Sie die Gro\u00dfe S\u00e4ulenhalle. Unterkunft im Luxor Hotel. Abends: Kostenlose Besichtigung des Luxor-Marktes oder optionaler Besuch der Licht- und Tonshow von Karnak.<\/p><\/div><\/div>\t\t\t\t<\/div>\n\t\t\t\t<\/div>\n\t\t<div class=\"elementor-element elementor-element-9bda144 e-con-full e-flex e-con e-child\" data-id=\"9bda144\" data-element_type=\"container\" data-e-type=\"container\">\n\t\t\t\t<div class=\"elementor-element elementor-element-ffc7d54 elementor-widget elementor-widget-image\" data-id=\"ffc7d54\" data-element_type=\"widget\" data-e-type=\"widget\" data-widget_type=\"image.default\">\n\t\t\t\t\t\t\t\t\t\t\t\t\t\t\t<img loading=\"lazy\" decoding=\"async\" width=\"677\" height=\"510\" src=\"https:\/\/russian.deserthorsetrips.com\/wp-content\/uploads\/2026\/02\/unnamed-14.webp\" class=\"attachment-full size-full wp-image-1356\" alt=\"\" srcset=\"https:\/\/russian.deserthorsetrips.com\/wp-content\/uploads\/2026\/02\/unnamed-14.webp 677w, https:\/\/russian.deserthorsetrips.com\/wp-content\/uploads\/2026\/02\/unnamed-14-300x226.webp 300w\" sizes=\"(max-width: 677px) 100vw, 677px\" \/>\t\t\t\t\t\t\t\t\t\t\t\t\t\t\t<\/div>\n\t\t\t\t<div class=\"elementor-element elementor-element-bff8cd4 elementor-invisible elementor-widget elementor-widget-image-box\" data-id=\"bff8cd4\" data-element_type=\"widget\" data-e-type=\"widget\" data-settings=\"{&quot;_animation&quot;:&quot;fadeInDown&quot;}\" data-widget_type=\"image-box.default\">\n\t\t\t\t\t<div class=\"elementor-image-box-wrapper\"><div class=\"elementor-image-box-content\"><h4 class=\"elementor-image-box-title\"><a href=\"\/de\/alex\/\">Alexandria<\/a><\/h4><p class=\"elementor-image-box-description\">3 Tage \/ 2 N\u00e4chte Erster Tag (Transfer und Abreise) 5 Uhr morgens: Treffen am Abdel Moneim Riad-Platz (Kairo) und Fahrt nach Assiut (3,5 Stunden). \u2022 Ankunft: Besuch der Qaitbay-Zitadelle (fr\u00fch, bevor die Menschenmassen auftauchen). \u2022 Anschlie\u00dfend: Besuch der griechischen Kathedrale in Mansha (vorbehaltlich der Genehmigung). \u2022 Nachmittag: Besuch der Bibliothek von Alexandria (F\u00fchrung + Lesesaal + Sadat-Museum + Planetarium). \u2022 Abend: \u00dcbernachten Sie im Cleopatra Hotel (3 Sterne) mit Blick auf das Meer und den Sonnenuntergang. \u2022 Nach dem Abendessen: Nehmen Sie an einer Klang- und Lichtzeremonie in der Qaitbay-Zitadelle teil.<\/p><\/div><\/div>\t\t\t\t<\/div>\n\t\t\t\t<\/div>\n\t\t\t\t<\/div>\n\t\t\t\t<\/div>\n\t\t<div class=\"elementor-element elementor-element-9898094 e-con-full e-flex e-con e-parent\" data-id=\"9898094\" data-element_type=\"container\" data-e-type=\"container\">\n\t\t<div class=\"elementor-element elementor-element-cecf2d5 e-con-full e-flex e-con e-child\" data-id=\"cecf2d5\" data-element_type=\"container\" data-e-type=\"container\">\n\t\t<div class=\"elementor-element elementor-element-10c0075 e-con-full e-flex e-con e-child\" data-id=\"10c0075\" data-element_type=\"container\" data-e-type=\"container\">\n\t\t\t\t<div class=\"elementor-element elementor-element-51efb82 elementor-widget elementor-widget-image\" data-id=\"51efb82\" data-element_type=\"widget\" data-e-type=\"widget\" data-widget_type=\"image.default\">\n\t\t\t\t\t\t\t\t\t\t\t\t\t\t\t<img loading=\"lazy\" decoding=\"async\" width=\"1600\" height=\"1067\" src=\"https:\/\/russian.deserthorsetrips.com\/wp-content\/uploads\/2026\/02\/WhatsApp-Image-2026-02-09-at-20.36.50-1.jpeg\" class=\"attachment-full size-full wp-image-987\" alt=\"\" srcset=\"https:\/\/russian.deserthorsetrips.com\/wp-content\/uploads\/2026\/02\/WhatsApp-Image-2026-02-09-at-20.36.50-1.jpeg 1600w, https:\/\/russian.deserthorsetrips.com\/wp-content\/uploads\/2026\/02\/WhatsApp-Image-2026-02-09-at-20.36.50-1-300x200.jpeg 300w, https:\/\/russian.deserthorsetrips.com\/wp-content\/uploads\/2026\/02\/WhatsApp-Image-2026-02-09-at-20.36.50-1-1024x683.jpeg 1024w, https:\/\/russian.deserthorsetrips.com\/wp-content\/uploads\/2026\/02\/WhatsApp-Image-2026-02-09-at-20.36.50-1-768x512.jpeg 768w, https:\/\/russian.deserthorsetrips.com\/wp-content\/uploads\/2026\/02\/WhatsApp-Image-2026-02-09-at-20.36.50-1-1536x1024.jpeg 1536w\" sizes=\"(max-width: 1600px) 100vw, 1600px\" \/>\t\t\t\t\t\t\t\t\t\t\t\t\t\t\t<\/div>\n\t\t\t\t<div class=\"elementor-element elementor-element-fbc399d elementor-invisible elementor-widget elementor-widget-image-box\" data-id=\"fbc399d\" data-element_type=\"widget\" data-e-type=\"widget\" data-settings=\"{&quot;_animation&quot;:&quot;fadeInDown&quot;}\" data-widget_type=\"image-box.default\">\n\t\t\t\t\t<div class=\"elementor-image-box-wrapper\"><div class=\"elementor-image-box-content\"><h4 class=\"elementor-image-box-title\"><a href=\"\/de\/luxor\/\">Luxor<\/a><\/h4><p class=\"elementor-image-box-description\">4 Tage\/3 N\u00e4chte Tag 1 (Ankunft \u2013 Ostufer): Ankunft in Luxor, ausgehend vom Ostufer. Besuchen Sie den Luxor-Tempel und den Widderweg. Besuchen Sie den Karnak-Tempel (den gr\u00f6\u00dften Tempel der Welt) und erkunden Sie die Gro\u00dfe S\u00e4ulenhalle. Unterbringung im Al Sainte Hotel (oder einem gleichwertigen Hotel). Abend: Kostenlose Besichtigung des Luxor-Marktes, optionaler Ausflug zur Bananeninsel oder optionaler Besuch der Ton- und Lichtshow in Karnak.<\/p><\/div><\/div>\t\t\t\t<\/div>\n\t\t\t\t<\/div>\n\t\t<div class=\"elementor-element elementor-element-8d34e0c e-con-full e-flex e-con e-child\" data-id=\"8d34e0c\" data-element_type=\"container\" data-e-type=\"container\">\n\t\t\t\t<div class=\"elementor-element elementor-element-6ecb023 elementor-widget elementor-widget-image\" data-id=\"6ecb023\" data-element_type=\"widget\" data-e-type=\"widget\" data-widget_type=\"image.default\">\n\t\t\t\t\t\t\t\t\t\t\t\t\t\t\t<img loading=\"lazy\" decoding=\"async\" width=\"680\" height=\"382\" src=\"https:\/\/russian.deserthorsetrips.com\/wp-content\/uploads\/2026\/02\/unnamed-15.webp\" class=\"attachment-full size-full wp-image-1357\" alt=\"\" srcset=\"https:\/\/russian.deserthorsetrips.com\/wp-content\/uploads\/2026\/02\/unnamed-15.webp 680w, https:\/\/russian.deserthorsetrips.com\/wp-content\/uploads\/2026\/02\/unnamed-15-300x169.webp 300w\" sizes=\"(max-width: 680px) 100vw, 680px\" \/>\t\t\t\t\t\t\t\t\t\t\t\t\t\t\t<\/div>\n\t\t\t\t<div class=\"elementor-element elementor-element-7ce1a90 elementor-invisible elementor-widget elementor-widget-image-box\" data-id=\"7ce1a90\" data-element_type=\"widget\" data-e-type=\"widget\" data-settings=\"{&quot;_animation&quot;:&quot;fadeInDown&quot;}\" data-widget_type=\"image-box.default\">\n\t\t\t\t\t<div class=\"elementor-image-box-wrapper\"><div class=\"elementor-image-box-content\"><h4 class=\"elementor-image-box-title\"><a href=\"\/de\/ain\/\">Ain Suchna<\/a><\/h4><p class=\"elementor-image-box-description\">3 Tage\/2 N\u00e4chte Tag 1 (Ankunft und Ruhe): Ankunft in Ain Sokhna am Morgen oder Nachmittag. Check-in im Hotel (Check-in-Zeit ist normalerweise 14:00 Uhr). Gehen Sie zum Privatstrand oder zum Hotelpool. Genie\u00dfen Sie den goldenen Sand und das t\u00fcrkisfarbene Wasser. Abend: Abendessen im Hotel und ruhiger Abendausflug.<\/p><\/div><\/div>\t\t\t\t<\/div>\n\t\t\t\t<\/div>\n\t\t\t\t<\/div>\n\t\t\t\t<\/div>\n\t\t\t\t<\/div>","protected":false},"excerpt":{"rendered":"<p>\u041d\u0430\u0448\u0438 \u043f\u043e\u0435\u0437\u0434\u043a\u0438 \u0434\u0430\u0439\u0432\u0438\u043d\u0433\u0430 4 \u0434\u043d\u044f\/3 \u043d\u043e\u0447\u0438 \u0414\u0435\u043d\u044c 1: (\u041f\u0440\u0438\u0431\u044b\u0442\u0438\u0435 \u0432 \u0425\u0443\u0440\u0433\u0430\u0434\u0443 \u2013 \u0437\u043d\u0430\u043a\u043e\u043c\u0441\u0442\u0432\u043e \u0441 \u0433\u043e\u0440\u043e\u0434\u043e\u043c) \u041f\u0440\u0438\u0431\u044b\u0442\u0438\u0435 \u0438 \u0440\u0435\u0433\u0438\u0441\u0442\u0440\u0430\u0446\u0438\u044f: \u041f\u0440\u0438\u0431\u044b\u0442\u0438\u0435 \u0432 \u043c\u0435\u0436\u0434\u0443\u043d\u0430\u0440\u043e\u0434\u043d\u044b\u0439 \u0430\u044d\u0440\u043e\u043f\u043e\u0440\u0442 \u0425\u0443\u0440\u0433\u0430\u0434\u044b \u0438 \u0442\u0440\u0430\u043d\u0441\u0444\u0435\u0440 \u0432 \u043e\u0442\u0435\u043b\u044c. \u041c\u044b \u0440\u0435\u043a\u043e\u043c\u0435\u043d\u0434\u0443\u0435\u043c \u043e\u0441\u0442\u0430\u043d\u043e\u0432\u0438\u0442\u044c\u0441\u044f \u0432 \u0440\u0430\u0439\u043e\u043d\u0435 \u0421\u0430\u0445\u043b \u0425\u0430\u0448\u0438\u0448 \u0438\u043b\u0438 \u0410\u043b\u044c-\u041c\u0430\u043c\u0448\u0430, \u0442\u0430\u043a \u043a\u0430\u043a \u043e\u043d\u0438 \u043d\u0430\u0445\u043e\u0434\u044f\u0442\u0441\u044f \u043d\u0435\u0434\u0430\u043b\u0435\u043a\u043e \u043e\u0442 \u0434\u0430\u0439\u0432\u0438\u043d\u0433-\u0446\u0435\u043d\u0442\u0440\u043e\u0432 \u0438 \u0440\u0430\u0437\u0432\u043b\u0435\u0447\u0435\u043d\u0438\u0439. \u0412\u0435\u0447\u0435\u0440\u043d\u0435\u0435 \u0437\u0430\u043d\u044f\u0442\u0438\u0435: \u041f\u043e\u0441\u043b\u0435 \u0440\u0430\u0437\u043c\u0435\u0449\u0435\u043d\u0438\u044f \u0441\u043e\u0432\u0435\u0440\u0448\u0438\u0442\u0435 \u0431\u0435\u0441\u043f\u043b\u0430\u0442\u043d\u0443\u044e \u044d\u043a\u0441\u043a\u0443\u0440\u0441\u0438\u044e \u043f\u043e \u043d\u0430\u0431\u0435\u0440\u0435\u0436\u043d\u043e\u0439 \u0425\u0443\u0440\u0433\u0430\u0434\u044b [&hellip;]<\/p>\n","protected":false},"author":1,"featured_media":0,"parent":0,"menu_order":0,"comment_status":"closed","ping_status":"closed","template":"elementor_header_footer","meta":{"footnotes":""},"class_list":["post-648","page","type-page","status-publish","hentry"],"blocksy_meta":[],"_links":{"self":[{"href":"https:\/\/russian.deserthorsetrips.com\/de\/wp-json\/wp\/v2\/pages\/648","targetHints":{"allow":["GET"]}}],"collection":[{"href":"https:\/\/russian.deserthorsetrips.com\/de\/wp-json\/wp\/v2\/pages"}],"about":[{"href":"https:\/\/russian.deserthorsetrips.com\/de\/wp-json\/wp\/v2\/types\/page"}],"author":[{"embeddable":true,"href":"https:\/\/russian.deserthorsetrips.com\/de\/wp-json\/wp\/v2\/users\/1"}],"replies":[{"embeddable":true,"href":"https:\/\/russian.deserthorsetrips.com\/de\/wp-json\/wp\/v2\/comments?post=648"}],"version-history":[{"count":72,"href":"https:\/\/russian.deserthorsetrips.com\/de\/wp-json\/wp\/v2\/pages\/648\/revisions"}],"predecessor-version":[{"id":1662,"href":"https:\/\/russian.deserthorsetrips.com\/de\/wp-json\/wp\/v2\/pages\/648\/revisions\/1662"}],"wp:attachment":[{"href":"https:\/\/russian.deserthorsetrips.com\/de\/wp-json\/wp\/v2\/media?parent=648"}],"curies":[{"name":"wp","href":"https:\/\/api.w.org\/{rel}","templated":true}]}}