{"id":1810,"date":"2026-03-30T20:32:29","date_gmt":"2026-03-30T20:32:29","guid":{"rendered":"https:\/\/russian.deserthorsetrips.com\/?page_id=1810"},"modified":"2026-04-10T01:08:47","modified_gmt":"2026-04-10T01:08:47","slug":"%d0%bf%d0%b5%d1%80%d0%b5%d0%b4%d0%b0%d1%87%d0%b0","status":"publish","type":"page","link":"https:\/\/russian.deserthorsetrips.com\/de\/%d0%bf%d0%b5%d1%80%d0%b5%d0%b4%d0%b0%d1%87%d0%b0\/","title":{"rendered":"\u043f\u0435\u0440\u0435\u0434\u0430\u0447\u0430"},"content":{"rendered":"<div data-elementor-type=\"wp-page\" data-elementor-id=\"1810\" class=\"elementor elementor-1810\" data-elementor-post-type=\"page\">\n\t\t\t\t\t\t<section class=\"elementor-section elementor-top-section elementor-element elementor-element-33b3f2a4 ct-section-stretched elementor-section-boxed elementor-section-height-default elementor-section-height-default\" data-id=\"33b3f2a4\" data-element_type=\"section\" data-e-type=\"section\" data-settings=\"{&quot;background_background&quot;:&quot;classic&quot;}\">\n\t\t\t\t\t\t\t<div class=\"elementor-background-overlay\"><\/div>\n\t\t\t\t\t\t\t<div class=\"elementor-container elementor-column-gap-default\">\n\t\t\t\t\t<div class=\"elementor-column elementor-col-100 elementor-top-column elementor-element elementor-element-1fbdba45\" data-id=\"1fbdba45\" data-element_type=\"column\" data-e-type=\"column\">\n\t\t\t<div class=\"elementor-widget-wrap elementor-element-populated\">\n\t\t\t\t\t\t<div class=\"elementor-element elementor-element-28a7cbb0 elementor-widget elementor-widget-heading\" data-id=\"28a7cbb0\" data-element_type=\"widget\" data-e-type=\"widget\" data-widget_type=\"heading.default\">\n\t\t\t\t\t<h2 class=\"elementor-heading-title elementor-size-default\">Transfer<\/h2>\t\t\t\t<\/div>\n\t\t\t\t\t<\/div>\n\t\t<\/div>\n\t\t\t\t\t<\/div>\n\t\t<\/section>\n\t\t<div class=\"elementor-element elementor-element-75b0012a e-con-full e-flex e-con e-parent\" data-id=\"75b0012a\" data-element_type=\"container\" data-e-type=\"container\">\n\t\t<div class=\"elementor-element elementor-element-70bbc771 e-con-full e-flex e-con e-child\" data-id=\"70bbc771\" data-element_type=\"container\" data-e-type=\"container\">\n\t\t<div class=\"elementor-element elementor-element-4f85cb34 e-con-full e-flex e-con e-child\" data-id=\"4f85cb34\" data-element_type=\"container\" data-e-type=\"container\">\n\t\t\t\t<div class=\"elementor-element elementor-element-457b3ff7 elementor-widget elementor-widget-image\" data-id=\"457b3ff7\" data-element_type=\"widget\" data-e-type=\"widget\" data-widget_type=\"image.default\">\n\t\t\t\t\t\t\t\t\t\t\t\t\t\t\t<img fetchpriority=\"high\" decoding=\"async\" width=\"740\" height=\"465\" src=\"https:\/\/russian.deserthorsetrips.com\/wp-content\/uploads\/2026\/03\/elegant-limousine-waiting-outside-hotel_1079150-240554.jpg\" class=\"attachment-full size-full wp-image-1812\" alt=\"\" srcset=\"https:\/\/russian.deserthorsetrips.com\/wp-content\/uploads\/2026\/03\/elegant-limousine-waiting-outside-hotel_1079150-240554.jpg 740w, https:\/\/russian.deserthorsetrips.com\/wp-content\/uploads\/2026\/03\/elegant-limousine-waiting-outside-hotel_1079150-240554-300x189.jpg 300w, https:\/\/russian.deserthorsetrips.com\/wp-content\/uploads\/2026\/03\/elegant-limousine-waiting-outside-hotel_1079150-240554-18x12.jpg 18w\" sizes=\"(max-width: 740px) 100vw, 740px\" \/>\t\t\t\t\t\t\t\t\t\t\t\t\t\t\t<\/div>\n\t\t\t\t<div class=\"elementor-element elementor-element-614bcc93 elementor-invisible elementor-widget elementor-widget-image-box\" data-id=\"614bcc93\" data-element_type=\"widget\" data-e-type=\"widget\" data-settings=\"{&quot;_animation&quot;:&quot;fadeInDown&quot;}\" data-widget_type=\"image-box.default\">\n\t\t\t\t\t<div class=\"elementor-image-box-wrapper\"><div class=\"elementor-image-box-content\"><h4 class=\"elementor-image-box-title\"><a href=\"https:\/\/russian.deserthorsetrips.com\/de\/%d0%b0%d0%b2%d1%82%d0%be%d0%bf%d0%b5%d1%80%d0%b5%d0%b2%d0%be%d0%b7%d0%ba%d0%b8-%d0%b2-%d1%85%d1%83%d1%80%d0%b3%d0%b0%d0%b4%d1%83\/\">Limousine<\/a><\/h4><p class=\"elementor-image-box-description\">Premium-Transportdienst, der maximalen Komfort und Privatsph\u00e4re in einem modernen klimatisierten Fahrzeug bietet, ideal f\u00fcr Einzelreisen oder Paare.\nWir bieten Abholung vom Flughafen, Transfer zum Hotel oder zu jedem Punkt der Stadt mit professionellen Fahrern, die eine sichere und entspannte Fahrt zu jeder Zeit gew\u00e4hrleisten.<\/p><\/div><\/div>\t\t\t\t<\/div>\n\t\t\t\t<\/div>\n\t\t<div class=\"elementor-element elementor-element-d3db78f e-con-full e-flex e-con e-child\" data-id=\"d3db78f\" data-element_type=\"container\" data-e-type=\"container\">\n\t\t\t\t<div class=\"elementor-element elementor-element-2d32fa54 elementor-widget elementor-widget-image\" data-id=\"2d32fa54\" data-element_type=\"widget\" data-e-type=\"widget\" data-widget_type=\"image.default\">\n\t\t\t\t\t\t\t\t\t\t\t\t\t\t\t<img decoding=\"async\" width=\"188\" height=\"188\" src=\"https:\/\/russian.deserthorsetrips.com\/wp-content\/uploads\/2026\/04\/WhatsApp-Image-2026-04-09-at-1.19.22-AM.jpeg\" class=\"attachment-full size-full wp-image-1873\" alt=\"\" srcset=\"https:\/\/russian.deserthorsetrips.com\/wp-content\/uploads\/2026\/04\/WhatsApp-Image-2026-04-09-at-1.19.22-AM.jpeg 188w, https:\/\/russian.deserthorsetrips.com\/wp-content\/uploads\/2026\/04\/WhatsApp-Image-2026-04-09-at-1.19.22-AM-150x150.jpeg 150w, https:\/\/russian.deserthorsetrips.com\/wp-content\/uploads\/2026\/04\/WhatsApp-Image-2026-04-09-at-1.19.22-AM-12x12.jpeg 12w\" sizes=\"(max-width: 188px) 100vw, 188px\" \/>\t\t\t\t\t\t\t\t\t\t\t\t\t\t\t<\/div>\n\t\t\t\t<div class=\"elementor-element elementor-element-1c8820dc elementor-invisible elementor-widget elementor-widget-image-box\" data-id=\"1c8820dc\" data-element_type=\"widget\" data-e-type=\"widget\" data-settings=\"{&quot;_animation&quot;:&quot;fadeInDown&quot;}\" data-widget_type=\"image-box.default\">\n\t\t\t\t\t<div class=\"elementor-image-box-wrapper\"><div class=\"elementor-image-box-content\"><h4 class=\"elementor-image-box-title\"><a href=\"https:\/\/russian.deserthorsetrips.com\/de\/%d0%b0%d0%b2%d1%82%d0%be%d0%bf%d0%b5%d1%80%d0%b5%d0%b2%d0%be%d0%b7%d0%ba%d0%b8-%d0%b2-%d1%85%d1%83%d1%80%d0%b3%d0%b0%d0%b4%d1%83\/\">Transfer f\u00fcr die Familie<\/a><\/h4><p class=\"elementor-image-box-description\">Bequemer touristischer Transportdienst, ideal f\u00fcr Familien und kleine Gruppen. Das moderne klimatisierte Fahrzeug bietet Platz und Komfort w\u00e4hrend der gesamten Fahrt.\nWir bieten Abholung vom Flughafen, Transfer zum Hotel oder zu jedem Punkt der Stadt mit professionellen Fahrern, die eine sichere und organisierte Fahrt gew\u00e4hrleisten<\/p><\/div><\/div>\t\t\t\t<\/div>\n\t\t\t\t<\/div>\n\t\t\t\t<\/div>\n\t\t\t\t<\/div>\n\t\t<div class=\"elementor-element elementor-element-dedc743 e-con-full e-flex e-con e-parent\" data-id=\"dedc743\" data-element_type=\"container\" data-e-type=\"container\">\n\t\t<div class=\"elementor-element elementor-element-2f23bb3 e-con-full e-flex e-con e-child\" data-id=\"2f23bb3\" data-element_type=\"container\" data-e-type=\"container\">\n\t\t<div class=\"elementor-element elementor-element-2b3656c e-con-full e-flex e-con e-child\" data-id=\"2b3656c\" data-element_type=\"container\" data-e-type=\"container\">\n\t\t\t\t<div class=\"elementor-element elementor-element-24ae924 elementor-widget elementor-widget-image\" data-id=\"24ae924\" data-element_type=\"widget\" data-e-type=\"widget\" data-widget_type=\"image.default\">\n\t\t\t\t\t\t\t\t\t\t\t\t\t\t\t<img decoding=\"async\" width=\"188\" height=\"145\" src=\"https:\/\/russian.deserthorsetrips.com\/wp-content\/uploads\/2026\/04\/WhatsApp-Image-2026-04-09-at-1.19.21-AM.jpeg\" class=\"attachment-full size-full wp-image-1874\" alt=\"\" srcset=\"https:\/\/russian.deserthorsetrips.com\/wp-content\/uploads\/2026\/04\/WhatsApp-Image-2026-04-09-at-1.19.21-AM.jpeg 188w, https:\/\/russian.deserthorsetrips.com\/wp-content\/uploads\/2026\/04\/WhatsApp-Image-2026-04-09-at-1.19.21-AM-16x12.jpeg 16w\" sizes=\"(max-width: 188px) 100vw, 188px\" \/>\t\t\t\t\t\t\t\t\t\t\t\t\t\t\t<\/div>\n\t\t\t\t<div class=\"elementor-element elementor-element-e2b118b elementor-invisible elementor-widget elementor-widget-image-box\" data-id=\"e2b118b\" data-element_type=\"widget\" data-e-type=\"widget\" data-settings=\"{&quot;_animation&quot;:&quot;fadeInDown&quot;}\" data-widget_type=\"image-box.default\">\n\t\t\t\t\t<div class=\"elementor-image-box-wrapper\"><div class=\"elementor-image-box-content\"><h4 class=\"elementor-image-box-title\"><a href=\"https:\/\/russian.deserthorsetrips.com\/de\/%d0%b0%d0%b2%d1%82%d0%be%d0%bf%d0%b5%d1%80%d0%b5%d0%b2%d0%be%d0%b7%d0%ba%d0%b8-%d0%b2-%d1%85%d1%83%d1%80%d0%b3%d0%b0%d0%b4%d1%83\/\">K\u00fcstenschiff<\/a><\/h4><p class=\"elementor-image-box-description\">Komfortabler Coaster (bis zu 15 Personen)\nIdeal f\u00fcr gro\u00dfe Gruppen. Wir bieten einen modernen klimatisierten Coaster-Minibus, der Platz und Komfort w\u00e4hrend der gesamten Fahrt bietet.\nWir bieten Abholung vom Flughafen, Transfer zum Hotel oder zu jedem touristischen Ziel mit professionellen Fahrern, die eine sichere und organisierte Fahrt jederzeit gew\u00e4hrleisten.<\/p><\/div><\/div>\t\t\t\t<\/div>\n\t\t\t\t<\/div>\n\t\t\t\t<\/div>\n\t\t\t\t<\/div>\n\t\t\t\t<\/div>","protected":false},"excerpt":{"rendered":"<p>\u0442\u0440\u0430\u043d\u0441\u0444\u0435\u0440 \u041b\u0438\u043c\u0443\u0437\u0438\u043d \u041f\u0440\u0435\u043c\u0438\u0430\u043b\u044c\u043d\u0430\u044f \u0442\u0440\u0430\u043d\u0441\u043f\u043e\u0440\u0442\u043d\u0430\u044f \u0443\u0441\u043b\u0443\u0433\u0430, \u043e\u0431\u0435\u0441\u043f\u0435\u0447\u0438\u0432\u0430\u044e\u0449\u0430\u044f \u043c\u0430\u043a\u0441\u0438\u043c\u0430\u043b\u044c\u043d\u044b\u0439 \u043a\u043e\u043c\u0444\u043e\u0440\u0442 \u0438 \u043f\u0440\u0438\u0432\u0430\u0442\u043d\u043e\u0441\u0442\u044c \u0432 \u0441\u043e\u0432\u0440\u0435\u043c\u0435\u043d\u043d\u043e\u0439 \u043a\u043e\u043d\u0434\u0438\u0446\u0438\u043e\u043d\u0438\u0440\u043e\u0432\u0430\u043d\u043d\u043e\u0439 \u043c\u0430\u0448\u0438\u043d\u0435, \u0438\u0434\u0435\u0430\u043b\u044c\u043d\u043e \u043f\u043e\u0434\u0445\u043e\u0434\u0438\u0442 \u0434\u043b\u044f \u0438\u043d\u0434\u0438\u0432\u0438\u0434\u0443\u0430\u043b\u044c\u043d\u044b\u0445 \u043f\u043e\u0435\u0437\u0434\u043e\u043a \u0438\u043b\u0438 \u043f\u0430\u0440. \u041c\u044b \u043f\u0440\u0435\u0434\u043e\u0441\u0442\u0430\u0432\u043b\u044f\u0435\u043c \u0432\u0441\u0442\u0440\u0435\u0447\u0443 \u0432 \u0430\u044d\u0440\u043e\u043f\u043e\u0440\u0442\u0443, \u0442\u0440\u0430\u043d\u0441\u0444\u0435\u0440 \u0432 \u043e\u0442\u0435\u043b\u044c \u0438\u043b\u0438 \u0432 \u043b\u044e\u0431\u0443\u044e \u0442\u043e\u0447\u043a\u0443 \u0433\u043e\u0440\u043e\u0434\u0430 \u0441 \u043f\u0440\u043e\u0444\u0435\u0441\u0441\u0438\u043e\u043d\u0430\u043b\u044c\u043d\u044b\u043c\u0438 \u0432\u043e\u0434\u0438\u0442\u0435\u043b\u044f\u043c\u0438, \u043a\u043e\u0442\u043e\u0440\u044b\u0435 \u0433\u0430\u0440\u0430\u043d\u0442\u0438\u0440\u0443\u044e\u0442 \u0431\u0435\u0437\u043e\u043f\u0430\u0441\u043d\u0443\u044e \u0438 \u0441\u043f\u043e\u043a\u043e\u0439\u043d\u0443\u044e \u043f\u043e\u0435\u0437\u0434\u043a\u0443 \u0432 \u043b\u044e\u0431\u043e\u0435 \u0432\u0440\u0435\u043c\u044f. \u0422\u0440\u0430\u043d\u0441\u0444\u0435\u0440 \u0434\u043b\u044f \u0441\u0435\u043c\u044c\u0438 \u041a\u043e\u043c\u0444\u043e\u0440\u0442\u043d\u0430\u044f \u0442\u0443\u0440\u0438\u0441\u0442\u0438\u0447\u0435\u0441\u043a\u0430\u044f \u0442\u0440\u0430\u043d\u0441\u043f\u043e\u0440\u0442\u043d\u0430\u044f \u0443\u0441\u043b\u0443\u0433\u0430, \u0438\u0434\u0435\u0430\u043b\u044c\u043d\u043e \u043f\u043e\u0434\u0445\u043e\u0434\u044f\u0449\u0430\u044f [&hellip;]<\/p>\n","protected":false},"author":1,"featured_media":0,"parent":0,"menu_order":0,"comment_status":"closed","ping_status":"closed","template":"elementor_header_footer","meta":{"footnotes":""},"class_list":["post-1810","page","type-page","status-publish","hentry"],"blocksy_meta":[],"_links":{"self":[{"href":"https:\/\/russian.deserthorsetrips.com\/de\/wp-json\/wp\/v2\/pages\/1810","targetHints":{"allow":["GET"]}}],"collection":[{"href":"https:\/\/russian.deserthorsetrips.com\/de\/wp-json\/wp\/v2\/pages"}],"about":[{"href":"https:\/\/russian.deserthorsetrips.com\/de\/wp-json\/wp\/v2\/types\/page"}],"author":[{"embeddable":true,"href":"https:\/\/russian.deserthorsetrips.com\/de\/wp-json\/wp\/v2\/users\/1"}],"replies":[{"embeddable":true,"href":"https:\/\/russian.deserthorsetrips.com\/de\/wp-json\/wp\/v2\/comments?post=1810"}],"version-history":[{"count":19,"href":"https:\/\/russian.deserthorsetrips.com\/de\/wp-json\/wp\/v2\/pages\/1810\/revisions"}],"predecessor-version":[{"id":1907,"href":"https:\/\/russian.deserthorsetrips.com\/de\/wp-json\/wp\/v2\/pages\/1810\/revisions\/1907"}],"wp:attachment":[{"href":"https:\/\/russian.deserthorsetrips.com\/de\/wp-json\/wp\/v2\/media?parent=1810"}],"curies":[{"name":"wp","href":"https:\/\/api.w.org\/{rel}","templated":true}]}}