{"id":1796,"date":"2026-03-30T20:12:57","date_gmt":"2026-03-30T20:12:57","guid":{"rendered":"https:\/\/russian.deserthorsetrips.com\/?page_id=1796"},"modified":"2026-04-15T13:02:54","modified_gmt":"2026-04-15T13:02:54","slug":"%d0%be%d0%b4%d0%b8%d0%bd-%d0%b4%d0%b5%d0%bd%d1%8c","status":"publish","type":"page","link":"https:\/\/russian.deserthorsetrips.com\/de\/%d0%be%d0%b4%d0%b8%d0%bd-%d0%b4%d0%b5%d0%bd%d1%8c\/","title":{"rendered":"Einmal"},"content":{"rendered":"<div data-elementor-type=\"wp-page\" data-elementor-id=\"1796\" class=\"elementor elementor-1796\" data-elementor-post-type=\"page\">\n\t\t\t\t\t\t<section class=\"elementor-section elementor-top-section elementor-element elementor-element-33b3f2a4 ct-section-stretched elementor-section-boxed elementor-section-height-default elementor-section-height-default\" data-id=\"33b3f2a4\" data-element_type=\"section\" data-e-type=\"section\" data-settings=\"{&quot;background_background&quot;:&quot;classic&quot;}\">\n\t\t\t\t\t\t\t<div class=\"elementor-background-overlay\"><\/div>\n\t\t\t\t\t\t\t<div class=\"elementor-container elementor-column-gap-default\">\n\t\t\t\t\t<div class=\"elementor-column elementor-col-100 elementor-top-column elementor-element elementor-element-1fbdba45\" data-id=\"1fbdba45\" data-element_type=\"column\" data-e-type=\"column\">\n\t\t\t<div class=\"elementor-widget-wrap elementor-element-populated\">\n\t\t\t\t\t\t<div class=\"elementor-element elementor-element-28a7cbb0 elementor-widget elementor-widget-heading\" data-id=\"28a7cbb0\" data-element_type=\"widget\" data-e-type=\"widget\" data-widget_type=\"heading.default\">\n\t\t\t\t\t<h2 class=\"elementor-heading-title elementor-size-default\">Einmal<\/h2>\t\t\t\t<\/div>\n\t\t\t\t\t<\/div>\n\t\t<\/div>\n\t\t\t\t\t<\/div>\n\t\t<\/section>\n\t\t<div class=\"elementor-element elementor-element-75b0012a e-con-full e-flex e-con e-parent\" data-id=\"75b0012a\" data-element_type=\"container\" data-e-type=\"container\">\n\t\t<div class=\"elementor-element elementor-element-70bbc771 e-con-full e-flex e-con e-child\" data-id=\"70bbc771\" data-element_type=\"container\" data-e-type=\"container\">\n\t\t<div class=\"elementor-element elementor-element-4f85cb34 e-con-full e-flex e-con e-child\" data-id=\"4f85cb34\" data-element_type=\"container\" data-e-type=\"container\">\n\t\t\t\t<div class=\"elementor-element elementor-element-457b3ff7 elementor-widget elementor-widget-image\" data-id=\"457b3ff7\" data-element_type=\"widget\" data-e-type=\"widget\" data-widget_type=\"image.default\">\n\t\t\t\t\t\t\t\t\t\t\t\t\t\t\t<img fetchpriority=\"high\" decoding=\"async\" width=\"1500\" height=\"997\" src=\"https:\/\/russian.deserthorsetrips.com\/wp-content\/uploads\/2026\/03\/44493-1.jpg\" class=\"attachment-full size-full wp-image-1800\" alt=\"\" srcset=\"https:\/\/russian.deserthorsetrips.com\/wp-content\/uploads\/2026\/03\/44493-1.jpg 1500w, https:\/\/russian.deserthorsetrips.com\/wp-content\/uploads\/2026\/03\/44493-1-300x199.jpg 300w, https:\/\/russian.deserthorsetrips.com\/wp-content\/uploads\/2026\/03\/44493-1-1024x681.jpg 1024w, https:\/\/russian.deserthorsetrips.com\/wp-content\/uploads\/2026\/03\/44493-1-768x510.jpg 768w, https:\/\/russian.deserthorsetrips.com\/wp-content\/uploads\/2026\/03\/44493-1-18x12.jpg 18w\" sizes=\"(max-width: 1500px) 100vw, 1500px\" \/>\t\t\t\t\t\t\t\t\t\t\t\t\t\t\t<\/div>\n\t\t\t\t<div class=\"elementor-element elementor-element-614bcc93 elementor-invisible elementor-widget elementor-widget-image-box\" data-id=\"614bcc93\" data-element_type=\"widget\" data-e-type=\"widget\" data-settings=\"{&quot;_animation&quot;:&quot;fadeInDown&quot;}\" data-widget_type=\"image-box.default\">\n\t\t\t\t\t<div class=\"elementor-image-box-wrapper\"><div class=\"elementor-image-box-content\"><h4 class=\"elementor-image-box-title\"><a href=\"https:\/\/russian.deserthorsetrips.com\/de\/luxor\/\">Von Hurghada nach Luxor<\/a><\/h4><p class=\"elementor-image-box-description\">Tagesausflug nach Luxor \ud83c\udf1f Tagesausflug von Hurghada nach Luxor \ud83c\udf1f \u2728 Freuen Sie sich auf einen Tag voller pharaonischer Geschichte und Wunder! \ud83d\udd58 Abfahrt: Sonnenaufgang ab Hurghada (4-5 Uhr) \ud83d\ude8d Westliches Festland: Tal der K\u00f6nige (3 Gr\u00e4ber), Tempel der K\u00f6nigin Hatschepsut, Memnonkolosse Mittagessen und Pause: in einem lokalen Restaurant in Luxor \ud83c\udf7d \u00d6stliches Festland: Karnak-Tempel, Luxor-Tempel, Freizeit zum Fotografieren und Einkaufen \ud83c\udffa\n<\/p><\/div><\/div>\t\t\t\t<\/div>\n\t\t\t\t<\/div>\n\t\t<div class=\"elementor-element elementor-element-d3db78f e-con-full e-flex e-con e-child\" data-id=\"d3db78f\" data-element_type=\"container\" data-e-type=\"container\">\n\t\t\t\t<div class=\"elementor-element elementor-element-2d32fa54 elementor-widget elementor-widget-image\" data-id=\"2d32fa54\" data-element_type=\"widget\" data-e-type=\"widget\" data-widget_type=\"image.default\">\n\t\t\t\t\t\t\t\t\t\t\t\t\t\t\t<img decoding=\"async\" width=\"740\" height=\"493\" src=\"https:\/\/russian.deserthorsetrips.com\/wp-content\/uploads\/2026\/03\/view-cairo-tower-gezira-island-nile-egypt_400112-711.jpg\" class=\"attachment-full size-full wp-image-1799\" alt=\"\" srcset=\"https:\/\/russian.deserthorsetrips.com\/wp-content\/uploads\/2026\/03\/view-cairo-tower-gezira-island-nile-egypt_400112-711.jpg 740w, https:\/\/russian.deserthorsetrips.com\/wp-content\/uploads\/2026\/03\/view-cairo-tower-gezira-island-nile-egypt_400112-711-300x200.jpg 300w, https:\/\/russian.deserthorsetrips.com\/wp-content\/uploads\/2026\/03\/view-cairo-tower-gezira-island-nile-egypt_400112-711-18x12.jpg 18w\" sizes=\"(max-width: 740px) 100vw, 740px\" \/>\t\t\t\t\t\t\t\t\t\t\t\t\t\t\t<\/div>\n\t\t\t\t<div class=\"elementor-element elementor-element-1c8820dc elementor-invisible elementor-widget elementor-widget-image-box\" data-id=\"1c8820dc\" data-element_type=\"widget\" data-e-type=\"widget\" data-settings=\"{&quot;_animation&quot;:&quot;fadeInDown&quot;}\" data-widget_type=\"image-box.default\">\n\t\t\t\t\t<div class=\"elementor-image-box-wrapper\"><div class=\"elementor-image-box-content\"><h4 class=\"elementor-image-box-title\"><a href=\"https:\/\/russian.deserthorsetrips.com\/de\/luxor\/\">Von Hurghada nach Kairo<\/a><\/h4><p class=\"elementor-image-box-description\">Tagesausflug von Hurghada zu den Pyramiden von Gizeh und dem \u00c4gyptischen Museum. Begleiten Sie uns auf einer faszinierenden Reise vom Herzen des Roten Meeres nach Kairo. Dort erwarten Sie Meisterwerke der alt\u00e4gyptischen Zivilisation und die ber\u00fchmtesten Sehensw\u00fcrdigkeiten der Welt! \ud83c\udfdc\ufe0f Gizeh-Plateau und Pyramiden der Ewigkeit \ud83d\udd38 Erleben Sie die Sieben Weltwunder \ud83d\udd38 Besuchen Sie die Pyramiden von Cheops, Chephren und Mykerinos \ud83d\udd38 Entdecken Sie die Geheimnisse zeitloser pharaonischer Baukunst und Ingenieurskunst.<\/p><\/div><\/div>\t\t\t\t<\/div>\n\t\t\t\t<\/div>\n\t\t\t\t<\/div>\n\t\t\t\t<\/div>\n\t\t\t\t<\/div>","protected":false},"excerpt":{"rendered":"<p>\u041e\u0434\u0438\u043d \u0434\u0435\u043d\u044c \u0418\u0437 \u0425\u0443\u0440\u0433\u0430\u0434\u044b \u0432 \u041b\u0443\u043a\u0441\u043e\u0440 \u041e\u0434\u043d\u043e\u0434\u043d\u0435\u0432\u043d\u0430\u044f \u043f\u043e\u0435\u0437\u0434\u043a\u0430 \u0432 \u041b\u0443\u043a\u0441\u043e\u0440 \ud83c\udf1f \u041e\u0434\u043d\u043e\u0434\u043d\u0435\u0432\u043d\u0430\u044f \u043f\u043e\u0435\u0437\u0434\u043a\u0430 \u0432 \u041b\u0443\u043a\u0441\u043e\u0440 \u0438\u0437 \u0425\u0443\u0440\u0433\u0430\u0434\u044b \ud83c\udf1f \u2728 \u041f\u0440\u0438\u0433\u043e\u0442\u043e\u0432\u044c\u0442\u0435\u0441\u044c \u043a \u0434\u043d\u044e, \u043f\u043e\u043b\u043d\u043e\u043c\u0443 \u0444\u0430\u0440\u0430\u043e\u043d\u0441\u043a\u043e\u0439 \u0438\u0441\u0442\u043e\u0440\u0438\u0438 \u0438 \u0447\u0443\u0434\u0435\u0441! \ud83d\udd58 \u041e\u0442\u043f\u0440\u0430\u0432\u043b\u0435\u043d\u0438\u0435: \u043d\u0430 \u0440\u0430\u0441\u0441\u0432\u0435\u0442\u0435 \u0438\u0437 \u0425\u0443\u0440\u0433\u0430\u0434\u044b (4-5 \u0443\u0442\u0440\u0430) \ud83d\ude8d \u0417\u0430\u043f\u0430\u0434\u043d\u0430\u044f \u0447\u0430\u0441\u0442\u044c \u043c\u0430\u0442\u0435\u0440\u0438\u043a\u0430: \u0414\u043e\u043b\u0438\u043d\u0430 \u0446\u0430\u0440\u0435\u0439 (3 \u0433\u0440\u043e\u0431\u043d\u0438\u0446\u044b), \u0425\u0440\u0430\u043c \u0446\u0430\u0440\u0438\u0446\u044b \u0425\u0430\u0442\u0448\u0435\u043f\u0441\u0443\u0442, \u041a\u043e\u043b\u043e\u0441\u0441\u044b \u041c\u0435\u043c\u043d\u043e\u043d\u0430 \u041e\u0431\u0435\u0434 \u0438 \u043f\u0435\u0440\u0435\u0440\u044b\u0432: \u0432 \u043c\u0435\u0441\u0442\u043d\u043e\u043c \u0440\u0435\u0441\u0442\u043e\u0440\u0430\u043d\u0435 \u0432 [&hellip;]<\/p>\n","protected":false},"author":1,"featured_media":0,"parent":0,"menu_order":0,"comment_status":"closed","ping_status":"closed","template":"elementor_header_footer","meta":{"footnotes":""},"class_list":["post-1796","page","type-page","status-publish","hentry"],"blocksy_meta":[],"_links":{"self":[{"href":"https:\/\/russian.deserthorsetrips.com\/de\/wp-json\/wp\/v2\/pages\/1796","targetHints":{"allow":["GET"]}}],"collection":[{"href":"https:\/\/russian.deserthorsetrips.com\/de\/wp-json\/wp\/v2\/pages"}],"about":[{"href":"https:\/\/russian.deserthorsetrips.com\/de\/wp-json\/wp\/v2\/types\/page"}],"author":[{"embeddable":true,"href":"https:\/\/russian.deserthorsetrips.com\/de\/wp-json\/wp\/v2\/users\/1"}],"replies":[{"embeddable":true,"href":"https:\/\/russian.deserthorsetrips.com\/de\/wp-json\/wp\/v2\/comments?post=1796"}],"version-history":[{"count":16,"href":"https:\/\/russian.deserthorsetrips.com\/de\/wp-json\/wp\/v2\/pages\/1796\/revisions"}],"predecessor-version":[{"id":2006,"href":"https:\/\/russian.deserthorsetrips.com\/de\/wp-json\/wp\/v2\/pages\/1796\/revisions\/2006"}],"wp:attachment":[{"href":"https:\/\/russian.deserthorsetrips.com\/de\/wp-json\/wp\/v2\/media?parent=1796"}],"curies":[{"name":"wp","href":"https:\/\/api.w.org\/{rel}","templated":true}]}}