{"id":1776,"date":"2026-03-30T19:41:51","date_gmt":"2026-03-30T19:41:51","guid":{"rendered":"https:\/\/russian.deserthorsetrips.com\/?page_id=1776"},"modified":"2026-04-20T20:34:34","modified_gmt":"2026-04-20T20:34:34","slug":"%d1%81%d0%b0%d1%84%d0%b0%d1%80%d0%b8-2","status":"publish","type":"page","link":"https:\/\/russian.deserthorsetrips.com\/de\/%d1%81%d0%b0%d1%84%d0%b0%d1%80%d0%b8-2\/","title":{"rendered":"Safari"},"content":{"rendered":"<div data-elementor-type=\"wp-page\" data-elementor-id=\"1776\" class=\"elementor elementor-1776\" data-elementor-post-type=\"page\">\n\t\t\t\t\t\t<section class=\"elementor-section elementor-top-section elementor-element elementor-element-33b3f2a4 ct-section-stretched elementor-section-boxed elementor-section-height-default elementor-section-height-default\" data-id=\"33b3f2a4\" data-element_type=\"section\" data-e-type=\"section\" data-settings=\"{&quot;background_background&quot;:&quot;classic&quot;}\">\n\t\t\t\t\t\t\t<div class=\"elementor-background-overlay\"><\/div>\n\t\t\t\t\t\t\t<div class=\"elementor-container elementor-column-gap-default\">\n\t\t\t\t\t<div class=\"elementor-column elementor-col-100 elementor-top-column elementor-element elementor-element-1fbdba45\" data-id=\"1fbdba45\" data-element_type=\"column\" data-e-type=\"column\">\n\t\t\t<div class=\"elementor-widget-wrap elementor-element-populated\">\n\t\t\t\t\t\t<div class=\"elementor-element elementor-element-28a7cbb0 elementor-widget elementor-widget-heading\" data-id=\"28a7cbb0\" data-element_type=\"widget\" data-e-type=\"widget\" data-widget_type=\"heading.default\">\n\t\t\t\t\t<h2 class=\"elementor-heading-title elementor-size-default\"><a href=\"https:\/\/russian.deserthorsetrips.com\/de\/%D1%81%D0%B0%D1%84%D0%B0%D1%80%D0%B8\/\">Safari<\/a><\/h2>\t\t\t\t<\/div>\n\t\t\t\t\t<\/div>\n\t\t<\/div>\n\t\t\t\t\t<\/div>\n\t\t<\/section>\n\t\t<div class=\"elementor-element elementor-element-75b0012a e-con-full e-flex e-con e-parent\" data-id=\"75b0012a\" data-element_type=\"container\" data-e-type=\"container\">\n\t\t<div class=\"elementor-element elementor-element-70bbc771 e-con-full e-flex e-con e-child\" data-id=\"70bbc771\" data-element_type=\"container\" data-e-type=\"container\">\n\t\t<div class=\"elementor-element elementor-element-4f85cb34 e-con-full e-flex e-con e-child\" data-id=\"4f85cb34\" data-element_type=\"container\" data-e-type=\"container\">\n\t\t\t\t<div class=\"elementor-element elementor-element-457b3ff7 elementor-widget elementor-widget-image\" data-id=\"457b3ff7\" data-element_type=\"widget\" data-e-type=\"widget\" data-widget_type=\"image.default\">\n\t\t\t\t\t\t\t\t\t\t\t\t\t\t\t<img fetchpriority=\"high\" decoding=\"async\" width=\"740\" height=\"493\" src=\"https:\/\/russian.deserthorsetrips.com\/wp-content\/uploads\/2026\/03\/camel-rides-erg-chebbi-morocco_53876-145037.avif\" class=\"attachment-full size-full wp-image-1779\" alt=\"\" srcset=\"https:\/\/russian.deserthorsetrips.com\/wp-content\/uploads\/2026\/03\/camel-rides-erg-chebbi-morocco_53876-145037.avif 740w, https:\/\/russian.deserthorsetrips.com\/wp-content\/uploads\/2026\/03\/camel-rides-erg-chebbi-morocco_53876-145037-300x200.avif 300w, https:\/\/russian.deserthorsetrips.com\/wp-content\/uploads\/2026\/03\/camel-rides-erg-chebbi-morocco_53876-145037-18x12.avif 18w\" sizes=\"(max-width: 740px) 100vw, 740px\" \/>\t\t\t\t\t\t\t\t\t\t\t\t\t\t\t<\/div>\n\t\t\t\t<div class=\"elementor-element elementor-element-614bcc93 elementor-invisible elementor-widget elementor-widget-image-box\" data-id=\"614bcc93\" data-element_type=\"widget\" data-e-type=\"widget\" data-settings=\"{&quot;_animation&quot;:&quot;fadeInDown&quot;}\" data-widget_type=\"image-box.default\">\n\t\t\t\t\t<div class=\"elementor-image-box-wrapper\"><div class=\"elementor-image-box-content\"><h4 class=\"elementor-image-box-title\"><a href=\"https:\/\/russian.deserthorsetrips.com\/de\/%d1%81%d0%b0%d1%84%d0%b0%d1%80%d0%b8\/\">Super Safari<\/a><\/h4><p class=\"elementor-image-box-description\">\ud83d\udd25 Lebe das Abenteuer, bevor es entgleitet! \ud83d\ude99\ud83c\udf0d\n\n\ud83d\udd25 Angebot \"Super Safari\"\nEin komplettes Abenteuer im Herzen der W\u00fcste, das Adrenalin, Genuss und Natur in einem unvergesslichen Tag vereint \ud83c\udfdc\ufe0f\u2728\n\n\ud83c\udf89 Inklusive: Beduinen-Abendessen + Nachtparty + Folklore-Shows\n\n\u23f0 Dauer: 5-6 Stunden\n\n\ud83d\udea8 Buche jetzt und genie\u00dfe das spannendste Safari-Abenteuer, solange Pl\u00e4tze verf\u00fcgbar sind!<\/p><\/div><\/div>\t\t\t\t<\/div>\n\t\t\t\t<\/div>\n\t\t<div class=\"elementor-element elementor-element-d3db78f e-con-full e-flex e-con e-child\" data-id=\"d3db78f\" data-element_type=\"container\" data-e-type=\"container\">\n\t\t\t\t<div class=\"elementor-element elementor-element-2d32fa54 elementor-widget elementor-widget-image\" data-id=\"2d32fa54\" data-element_type=\"widget\" data-e-type=\"widget\" data-widget_type=\"image.default\">\n\t\t\t\t\t\t\t\t\t\t\t\t\t\t\t<img decoding=\"async\" width=\"626\" height=\"416\" src=\"https:\/\/russian.deserthorsetrips.com\/wp-content\/uploads\/2026\/03\/two-men-helmets-ride-atv-action-view_266732-29387.avif\" class=\"attachment-full size-full wp-image-1780\" alt=\"\" srcset=\"https:\/\/russian.deserthorsetrips.com\/wp-content\/uploads\/2026\/03\/two-men-helmets-ride-atv-action-view_266732-29387.avif 626w, https:\/\/russian.deserthorsetrips.com\/wp-content\/uploads\/2026\/03\/two-men-helmets-ride-atv-action-view_266732-29387-300x199.avif 300w, https:\/\/russian.deserthorsetrips.com\/wp-content\/uploads\/2026\/03\/two-men-helmets-ride-atv-action-view_266732-29387-18x12.avif 18w\" sizes=\"(max-width: 626px) 100vw, 626px\" \/>\t\t\t\t\t\t\t\t\t\t\t\t\t\t\t<\/div>\n\t\t\t\t<div class=\"elementor-element elementor-element-1c8820dc elementor-invisible elementor-widget elementor-widget-image-box\" data-id=\"1c8820dc\" data-element_type=\"widget\" data-e-type=\"widget\" data-settings=\"{&quot;_animation&quot;:&quot;fadeInDown&quot;}\" data-widget_type=\"image-box.default\">\n\t\t\t\t\t<div class=\"elementor-image-box-wrapper\"><div class=\"elementor-image-box-content\"><h4 class=\"elementor-image-box-title\"><a href=\"https:\/\/russian.deserthorsetrips.com\/de\/%d1%81%d0%b0%d1%84%d0%b0%d1%80%d0%b82\/\">\"Normales Safari\"<\/a><\/h4><p class=\"elementor-image-box-description\">\ud83d\udd25 Lebe das Abenteuer, bevor es entgleitet! \ud83d\ude99\ud83c\udf0d\n\n\ud83d\udd25 Normale Safari\nEin spannendes Abenteuer im Herzen der W\u00fcste, das Adrenalin und Natur in einem kurzen und angenehmen Format vereint \ud83c\udfdc\ufe0f\u2728\n\n\u274c Kein Abendessen und keine Abendparty \u2014 nur das Tagesprogramm\n\n\u23f0 Dauer: 3-4 Stunden\n\n\ud83d\udea8 Buche jetzt und genie\u00dfe das Safari-Abenteuer, solange Pl\u00e4tze verf\u00fcgbar sind!<\/p><\/div><\/div>\t\t\t\t<\/div>\n\t\t\t\t<\/div>\n\t\t\t\t<\/div>\n\t\t\t\t<\/div>\n\t\t\t\t<\/div>","protected":false},"excerpt":{"rendered":"<p>\u0421\u0430\u0444\u0430\u0440\u0438 \u0421\u0443\u043f\u0435\u0440 \u0441\u0430\u0444\u0430\u0440\u0438 \ud83d\udd25 \u0416\u0438\u0432\u0438 \u043f\u0440\u0438\u043a\u043b\u044e\u0447\u0435\u043d\u0438\u0435\u043c, \u043f\u043e\u043a\u0430 \u043d\u0435 \u0443\u043f\u0443\u0441\u0442\u0438\u043b \u0435\u0433\u043e! \ud83d\ude99\ud83c\udf0d \ud83d\udd25 \u041f\u0440\u0435\u0434\u043b\u043e\u0436\u0435\u043d\u0438\u0435 \u00ab\u0421\u0443\u043f\u0435\u0440 \u0421\u0430\u0444\u0430\u0440\u0438\u00bb \u041f\u043e\u043b\u043d\u043e\u0435 \u043f\u0440\u0438\u043a\u043b\u044e\u0447\u0435\u043d\u0438\u0435 \u0432 \u0441\u0435\u0440\u0434\u0446\u0435 \u043f\u0443\u0441\u0442\u044b\u043d\u0438, \u043a\u043e\u0442\u043e\u0440\u043e\u0435 \u043e\u0431\u044a\u0435\u0434\u0438\u043d\u044f\u0435\u0442 \u0430\u0434\u0440\u0435\u043d\u0430\u043b\u0438\u043d, \u0443\u0434\u043e\u0432\u043e\u043b\u044c\u0441\u0442\u0432\u0438\u0435 \u0438 \u043f\u0440\u0438\u0440\u043e\u0434\u0443 \u0432 \u043e\u0434\u0438\u043d \u043d\u0435\u0437\u0430\u0431\u044b\u0432\u0430\u0435\u043c\u044b\u0439 \u0434\u0435\u043d\u044c \ud83c\udfdc\ufe0f\u2728 \ud83c\udf89 \u0412\u043a\u043b\u044e\u0447\u0430\u0435\u0442: \u0431\u0435\u0434\u0443\u0438\u043d\u0441\u043a\u0438\u0439 \u0443\u0436\u0438\u043d + \u043d\u043e\u0447\u043d\u0430\u044f \u0432\u0435\u0447\u0435\u0440\u0438\u043d\u043a\u0430 + \u0444\u043e\u043b\u044c\u043a\u043b\u043e\u0440\u043d\u044b\u0435 \u0448\u043e\u0443 \u23f0 \u041f\u0440\u043e\u0434\u043e\u043b\u0436\u0438\u0442\u0435\u043b\u044c\u043d\u043e\u0441\u0442\u044c: 5\u20136 \u0447\u0430\u0441\u043e\u0432 \ud83d\udea8 \u0411\u0440\u043e\u043d\u0438\u0440\u0443\u0439 \u0441\u0435\u0439\u0447\u0430\u0441 \u0438 \u043d\u0430\u0441\u043b\u0430\u0436\u0434\u0430\u0439\u0441\u044f \u0441\u0430\u043c\u044b\u043c \u0437\u0430\u0445\u0432\u0430\u0442\u044b\u0432\u0430\u044e\u0449\u0438\u043c \u0441\u0430\u0444\u0430\u0440\u0438-\u043f\u0440\u0438\u043a\u043b\u044e\u0447\u0435\u043d\u0438\u0435\u043c, \u043f\u043e\u043a\u0430 \u0435\u0441\u0442\u044c [&hellip;]<\/p>\n","protected":false},"author":1,"featured_media":0,"parent":0,"menu_order":0,"comment_status":"closed","ping_status":"closed","template":"elementor_header_footer","meta":{"footnotes":""},"class_list":["post-1776","page","type-page","status-publish","hentry"],"blocksy_meta":[],"_links":{"self":[{"href":"https:\/\/russian.deserthorsetrips.com\/de\/wp-json\/wp\/v2\/pages\/1776","targetHints":{"allow":["GET"]}}],"collection":[{"href":"https:\/\/russian.deserthorsetrips.com\/de\/wp-json\/wp\/v2\/pages"}],"about":[{"href":"https:\/\/russian.deserthorsetrips.com\/de\/wp-json\/wp\/v2\/types\/page"}],"author":[{"embeddable":true,"href":"https:\/\/russian.deserthorsetrips.com\/de\/wp-json\/wp\/v2\/users\/1"}],"replies":[{"embeddable":true,"href":"https:\/\/russian.deserthorsetrips.com\/de\/wp-json\/wp\/v2\/comments?post=1776"}],"version-history":[{"count":31,"href":"https:\/\/russian.deserthorsetrips.com\/de\/wp-json\/wp\/v2\/pages\/1776\/revisions"}],"predecessor-version":[{"id":2243,"href":"https:\/\/russian.deserthorsetrips.com\/de\/wp-json\/wp\/v2\/pages\/1776\/revisions\/2243"}],"wp:attachment":[{"href":"https:\/\/russian.deserthorsetrips.com\/de\/wp-json\/wp\/v2\/media?parent=1776"}],"curies":[{"name":"wp","href":"https:\/\/api.w.org\/{rel}","templated":true}]}}