{"id":1751,"date":"2026-03-30T19:01:04","date_gmt":"2026-03-30T19:01:04","guid":{"rendered":"https:\/\/russian.deserthorsetrips.com\/?page_id=1751"},"modified":"2026-04-17T14:33:48","modified_gmt":"2026-04-17T14:33:48","slug":"%d1%8d%d0%ba%d1%81%d0%ba%d1%83%d1%80%d1%81%d0%b8%d0%b8-%d0%b2-%d1%85%d1%83%d1%80%d0%b3%d0%b0%d0%b4%d1%83-2","status":"publish","type":"page","link":"https:\/\/russian.deserthorsetrips.com\/de\/%d1%8d%d0%ba%d1%81%d0%ba%d1%83%d1%80%d1%81%d0%b8%d0%b8-%d0%b2-%d1%85%d1%83%d1%80%d0%b3%d0%b0%d0%b4%d1%83-2\/","title":{"rendered":"Ausfl\u00fcge nach Hurghada"},"content":{"rendered":"<div data-elementor-type=\"wp-page\" data-elementor-id=\"1751\" class=\"elementor elementor-1751\" data-elementor-post-type=\"page\">\n\t\t\t\t\t\t<section class=\"elementor-section elementor-top-section elementor-element elementor-element-33b3f2a4 ct-section-stretched elementor-section-boxed elementor-section-height-default elementor-section-height-default\" data-id=\"33b3f2a4\" data-element_type=\"section\" data-e-type=\"section\" data-settings=\"{&quot;background_background&quot;:&quot;classic&quot;}\">\n\t\t\t\t\t\t\t<div class=\"elementor-background-overlay\"><\/div>\n\t\t\t\t\t\t\t<div class=\"elementor-container elementor-column-gap-default\">\n\t\t\t\t\t<div class=\"elementor-column elementor-col-100 elementor-top-column elementor-element elementor-element-1fbdba45\" data-id=\"1fbdba45\" data-element_type=\"column\" data-e-type=\"column\">\n\t\t\t<div class=\"elementor-widget-wrap elementor-element-populated\">\n\t\t\t\t\t\t<div class=\"elementor-element elementor-element-28a7cbb0 elementor-widget elementor-widget-heading\" data-id=\"28a7cbb0\" data-element_type=\"widget\" data-e-type=\"widget\" data-widget_type=\"heading.default\">\n\t\t\t\t\t<h2 class=\"elementor-heading-title elementor-size-default\">\"Entdecken Sie den perfekten Ort: Teilen Sie die beste Reise Ihres Lebens!\"<\/h2>\t\t\t\t<\/div>\n\t\t\t\t\t<\/div>\n\t\t<\/div>\n\t\t\t\t\t<\/div>\n\t\t<\/section>\n\t\t<div class=\"elementor-element elementor-element-75b0012a e-con-full e-flex e-con e-parent\" data-id=\"75b0012a\" data-element_type=\"container\" data-e-type=\"container\">\n\t\t<div class=\"elementor-element elementor-element-70bbc771 e-con-full e-flex e-con e-child\" data-id=\"70bbc771\" data-element_type=\"container\" data-e-type=\"container\">\n\t\t<div class=\"elementor-element elementor-element-4f85cb34 e-con-full e-flex e-con e-child\" data-id=\"4f85cb34\" data-element_type=\"container\" data-e-type=\"container\">\n\t\t\t\t<div class=\"elementor-element elementor-element-457b3ff7 elementor-widget elementor-widget-image\" data-id=\"457b3ff7\" data-element_type=\"widget\" data-e-type=\"widget\" data-widget_type=\"image.default\">\n\t\t\t\t\t\t\t\t\t\t\t\t\t\t\t<img fetchpriority=\"high\" decoding=\"async\" width=\"626\" height=\"417\" src=\"https:\/\/russian.deserthorsetrips.com\/wp-content\/uploads\/2026\/03\/man-driving-red-quad-bike-sandy-desert-dunes-extreme-sports-leisure-activity-tourism_199620-14988.avif\" class=\"attachment-full size-full wp-image-1762\" alt=\"\" srcset=\"https:\/\/russian.deserthorsetrips.com\/wp-content\/uploads\/2026\/03\/man-driving-red-quad-bike-sandy-desert-dunes-extreme-sports-leisure-activity-tourism_199620-14988.avif 626w, https:\/\/russian.deserthorsetrips.com\/wp-content\/uploads\/2026\/03\/man-driving-red-quad-bike-sandy-desert-dunes-extreme-sports-leisure-activity-tourism_199620-14988-300x200.avif 300w, https:\/\/russian.deserthorsetrips.com\/wp-content\/uploads\/2026\/03\/man-driving-red-quad-bike-sandy-desert-dunes-extreme-sports-leisure-activity-tourism_199620-14988-18x12.avif 18w\" sizes=\"(max-width: 626px) 100vw, 626px\" \/>\t\t\t\t\t\t\t\t\t\t\t\t\t\t\t<\/div>\n\t\t\t\t<div class=\"elementor-element elementor-element-614bcc93 elementor-invisible elementor-widget elementor-widget-image-box\" data-id=\"614bcc93\" data-element_type=\"widget\" data-e-type=\"widget\" data-settings=\"{&quot;_animation&quot;:&quot;fadeInDown&quot;}\" data-widget_type=\"image-box.default\">\n\t\t\t\t\t<div class=\"elementor-image-box-wrapper\"><div class=\"elementor-image-box-content\"><h4 class=\"elementor-image-box-title\"><a href=\"\/de\/\u0441\u0430\u0444\u0430\u0440\u0438-2\/\">Safari<\/a><\/h4><p class=\"elementor-image-box-description\">\u23f0 Dauer: 5-6 Stunden \ud83d\udd52 Uhrzeit: Nach dem Mittagessen \ud83d\udccd Transfer: Von Ihrem Hotel \ud83c\udfdc Programm: Abholung von Ihrem Hotel mit einem Gel\u00e4ndewagen (4x4 SUV) Quad-Fahrt Fahrt mit einem Spider Car\/Buggy Besuch eines Beduinendorfes Kamelritt \ud83d\udc2a Beduinentee Sonnenuntergang \ud83c\udf05 Beduinen-Abendessen (Grill)<\/p><\/div><\/div>\t\t\t\t<\/div>\n\t\t\t\t<\/div>\n\t\t<div class=\"elementor-element elementor-element-d3db78f e-con-full e-flex e-con e-child\" data-id=\"d3db78f\" data-element_type=\"container\" data-e-type=\"container\">\n\t\t\t\t<div class=\"elementor-element elementor-element-2d32fa54 elementor-widget elementor-widget-image\" data-id=\"2d32fa54\" data-element_type=\"widget\" data-e-type=\"widget\" data-widget_type=\"image.default\">\n\t\t\t\t\t\t\t\t\t\t\t\t\t\t\t<img decoding=\"async\" width=\"1024\" height=\"768\" src=\"https:\/\/russian.deserthorsetrips.com\/wp-content\/uploads\/2026\/03\/6044057856916524130-1-1024x768-1.jpg\" class=\"attachment-full size-full wp-image-1728\" alt=\"\" srcset=\"https:\/\/russian.deserthorsetrips.com\/wp-content\/uploads\/2026\/03\/6044057856916524130-1-1024x768-1.jpg 1024w, https:\/\/russian.deserthorsetrips.com\/wp-content\/uploads\/2026\/03\/6044057856916524130-1-1024x768-1-300x225.jpg 300w, https:\/\/russian.deserthorsetrips.com\/wp-content\/uploads\/2026\/03\/6044057856916524130-1-1024x768-1-768x576.jpg 768w\" sizes=\"(max-width: 1024px) 100vw, 1024px\" \/>\t\t\t\t\t\t\t\t\t\t\t\t\t\t\t<\/div>\n\t\t\t\t<div class=\"elementor-element elementor-element-1c8820dc elementor-invisible elementor-widget elementor-widget-image-box\" data-id=\"1c8820dc\" data-element_type=\"widget\" data-e-type=\"widget\" data-settings=\"{&quot;_animation&quot;:&quot;fadeInDown&quot;}\" data-widget_type=\"image-box.default\">\n\t\t\t\t\t<div class=\"elementor-image-box-wrapper\"><div class=\"elementor-image-box-content\"><h4 class=\"elementor-image-box-title\"><a href=\"\/de\/\u043c\u043e\u0440\u0435\/\">Meer<\/a><\/h4><p class=\"elementor-image-box-description\">\ud83c\udf0a Erleben Sie ein unvergessliches Unterwasserabenteuer im Herzen des Roten Meeres \ud83c\udf0a Genie\u00dfen Sie eine einzigartige Kreuzfahrt auf einem voll ausgestatteten Schiff, inklusive zweier Tauchg\u00e4nge an zwei der sch\u00f6nsten Tauchpl\u00e4tze Hurghadas und einem k\u00f6stlichen Mittagessen an Bord. Ob Anf\u00e4nger oder erfahrener Taucher \u2013 dieser Ausflug ist f\u00fcr alle geeignet.<\/p><\/div><\/div>\t\t\t\t<\/div>\n\t\t\t\t<\/div>\n\t\t\t\t<\/div>\n\t\t\t\t<\/div>\n\t\t<div class=\"elementor-element elementor-element-dedc743 e-con-full e-flex e-con e-parent\" data-id=\"dedc743\" data-element_type=\"container\" data-e-type=\"container\">\n\t\t<div class=\"elementor-element elementor-element-2f23bb3 e-con-full e-flex e-con e-child\" data-id=\"2f23bb3\" data-element_type=\"container\" data-e-type=\"container\">\n\t\t<div class=\"elementor-element elementor-element-2b3656c e-con-full e-flex e-con e-child\" data-id=\"2b3656c\" data-element_type=\"container\" data-e-type=\"container\">\n\t\t\t\t<div class=\"elementor-element elementor-element-24ae924 elementor-widget elementor-widget-image\" data-id=\"24ae924\" data-element_type=\"widget\" data-e-type=\"widget\" data-widget_type=\"image.default\">\n\t\t\t\t\t\t\t\t\t\t\t\t\t\t\t<img decoding=\"async\" width=\"1500\" height=\"1000\" src=\"https:\/\/russian.deserthorsetrips.com\/wp-content\/uploads\/2026\/03\/2151617109.jpg\" class=\"attachment-full size-full wp-image-1806\" alt=\"\" srcset=\"https:\/\/russian.deserthorsetrips.com\/wp-content\/uploads\/2026\/03\/2151617109.jpg 1500w, https:\/\/russian.deserthorsetrips.com\/wp-content\/uploads\/2026\/03\/2151617109-300x200.jpg 300w, https:\/\/russian.deserthorsetrips.com\/wp-content\/uploads\/2026\/03\/2151617109-1024x683.jpg 1024w, https:\/\/russian.deserthorsetrips.com\/wp-content\/uploads\/2026\/03\/2151617109-768x512.jpg 768w, https:\/\/russian.deserthorsetrips.com\/wp-content\/uploads\/2026\/03\/2151617109-18x12.jpg 18w\" sizes=\"(max-width: 1500px) 100vw, 1500px\" \/>\t\t\t\t\t\t\t\t\t\t\t\t\t\t\t<\/div>\n\t\t\t\t<div class=\"elementor-element elementor-element-e2b118b elementor-invisible elementor-widget elementor-widget-image-box\" data-id=\"e2b118b\" data-element_type=\"widget\" data-e-type=\"widget\" data-settings=\"{&quot;_animation&quot;:&quot;fadeInDown&quot;}\" data-widget_type=\"image-box.default\">\n\t\t\t\t\t<div class=\"elementor-image-box-wrapper\"><div class=\"elementor-image-box-content\"><h4 class=\"elementor-image-box-title\"><a href=\"\/de\/\u043e\u0434\u0438\u043d-\u0434\u0435\u043d\u044c\/\">Sehensw\u00fcrdigkeiten von Luxor und Kairo<\/a><\/h4><p class=\"elementor-image-box-description\">\n\ud83c\udf34 Luxor \u2013 das gr\u00f6\u00dfte Freilichtmuseum. Luxor gilt als eine der geschichtstr\u00e4chtigsten St\u00e4dte \u00c4gyptens. Hier k\u00f6nnen Sie Folgendes besichtigen: den Karnak-Tempel \u2013 eine der gr\u00f6\u00dften Tempelanlagen der Welt; den Luxor-Tempel \u2013 ein pr\u00e4chtiges Zeugnis einer alten Zivilisation; das Tal der K\u00f6nige \u2013 die Grabst\u00e4tte der Pharaonen; die Memnonkolosse \u2013 gewaltige antike Statuen. Luxor ist eine Reise in die Tiefen der \u00e4gyptischen Geschichte. \ud83c\udfd9\ufe0fKairo \u2013 die Hauptstadt der Geschichte und Zivilisation. Kairo vereint Antike und Moderne. Zu den Hauptattraktionen z\u00e4hlen: die Pyramiden von Gizeh \u2013 eines der Sieben Weltwunder der Antike; die Sphinx \u2013 ein Symbol \u00c4gyptens und antiker Macht; das \u00c4gyptische Museum mit Sch\u00e4tzen der Pharaonen und Mumien; Alt-Kairo mit seinen historischen Kirchen und islamischer Architektur. Kairo ist eine Stadt, in der Geschichte auf modernes Leben trifft. \u2b50 Warum Sie diese St\u00e4dte besuchen sollten: Einzigartige Monumente des alten \u00c4gypten; unvergessliche Ausflugserlebnisse; die M\u00f6glichkeit, die Weltwunder zu sehen; gro\u00dfartige Fotos und intensive Eindr\u00fccke.<\/p><\/div><\/div>\t\t\t\t<\/div>\n\t\t\t\t<\/div>\n\t\t<div class=\"elementor-element elementor-element-066eb26 e-con-full e-flex e-con e-child\" data-id=\"066eb26\" data-element_type=\"container\" data-e-type=\"container\">\n\t\t\t\t<div class=\"elementor-element elementor-element-6dbe319 elementor-widget elementor-widget-image\" data-id=\"6dbe319\" data-element_type=\"widget\" data-e-type=\"widget\" data-widget_type=\"image.default\">\n\t\t\t\t\t\t\t\t\t\t\t\t\t\t\t<img loading=\"lazy\" decoding=\"async\" width=\"740\" height=\"493\" src=\"https:\/\/russian.deserthorsetrips.com\/wp-content\/uploads\/2026\/03\/buses-parking-lot-city_140916-51382.jpg\" class=\"attachment-full size-full wp-image-1772\" alt=\"\" srcset=\"https:\/\/russian.deserthorsetrips.com\/wp-content\/uploads\/2026\/03\/buses-parking-lot-city_140916-51382.jpg 740w, https:\/\/russian.deserthorsetrips.com\/wp-content\/uploads\/2026\/03\/buses-parking-lot-city_140916-51382-300x200.jpg 300w, https:\/\/russian.deserthorsetrips.com\/wp-content\/uploads\/2026\/03\/buses-parking-lot-city_140916-51382-18x12.jpg 18w\" sizes=\"(max-width: 740px) 100vw, 740px\" \/>\t\t\t\t\t\t\t\t\t\t\t\t\t\t\t<\/div>\n\t\t\t\t<div class=\"elementor-element elementor-element-e8b2ff0 elementor-invisible elementor-widget elementor-widget-image-box\" data-id=\"e8b2ff0\" data-element_type=\"widget\" data-e-type=\"widget\" data-settings=\"{&quot;_animation&quot;:&quot;fadeInDown&quot;}\" data-widget_type=\"image-box.default\">\n\t\t\t\t\t<div class=\"elementor-image-box-wrapper\"><div class=\"elementor-image-box-content\"><h4 class=\"elementor-image-box-title\"><a href=\"\/de\/\u043f\u0435\u0440\u0435\u0434\u0430\u0447\u0430\/\">Touristische Transferdienste<\/a><\/h4><p class=\"elementor-image-box-description\">\ud83d\ude90 Komfortabler Transfer in \u00c4gypten \u2013 stressfrei und ohne Wartezeiten. Vergessen Sie Taxis und die Suche nach einem Transportmittel! Wir organisieren einen zuverl\u00e4ssigen und komfortablen Transfer vom Flughafen zu Ihrem Hotel und zur\u00fcck \u2013 schnell, sicher und zum besten Preis.<\/p><\/div><\/div>\t\t\t\t<\/div>\n\t\t\t\t<\/div>\n\t\t\t\t<\/div>\n\t\t\t\t<\/div>\n\t\t\t\t<\/div>","protected":false},"excerpt":{"rendered":"<p>&#8220;\u041e\u0442\u043a\u0440\u043e\u0439\u0442\u0435 \u0434\u043b\u044f \u0441\u0435\u0431\u044f \u0438\u0434\u0435\u0430\u043b\u044c\u043d\u043e\u0435 \u043c\u0435\u0441\u0442\u043e: \u043f\u043e\u0434\u0435\u043b\u0438\u0442\u0435\u0441\u044c \u043b\u0443\u0447\u0448\u0438\u043c \u043f\u0443\u0442\u0435\u0448\u0435\u0441\u0442\u0432\u0438\u0435\u043c \u0432 \u0432\u0430\u0448\u0435\u0439 \u0436\u0438\u0437\u043d\u0438!&#8221; \u0421\u0430\u0444\u0430\u0440\u0438 \u23f0 \u041f\u0440\u043e\u0434\u043e\u043b\u0436\u0438\u0442\u0435\u043b\u044c\u043d\u043e\u0441\u0442\u044c: 5-6 \u0447\u0430\u0441\u043e\u0432 \ud83d\udd52 \u0412\u0440\u0435\u043c\u044f: \u043f\u043e\u0441\u043b\u0435 \u043e\u0431\u0435\u0434\u0430 \ud83d\udccd \u0422\u0440\u0430\u043d\u0441\u0444\u0435\u0440: \u0438\u0437 \u043e\u0442\u0435\u043b\u044f \ud83c\udfdc \u0414\u0435\u0442\u0430\u043b\u0438 \u043f\u0440\u043e\u0433\u0440\u0430\u043c\u043c\u044b: \u0412\u0441\u0442\u0440\u0435\u0447\u0430 \u0432 \u043e\u0442\u0435\u043b\u0435 \u043d\u0430 \u0432\u043d\u0435\u0434\u043e\u0440\u043e\u0436\u043d\u0438\u043a\u0435 4\u00d74 \u041f\u043e\u0435\u0437\u0434\u043a\u0430 \u043d\u0430 \u043a\u0432\u0430\u0434\u0440\u043e\u0446\u0438\u043a\u043b\u0435 \u041f\u043e\u0435\u0437\u0434\u043a\u0430 \u043d\u0430 \u0430\u0432\u0442\u043e\u043c\u043e\u0431\u0438\u043b\u0435 Spider Car\/\u0431\u0430\u0433\u0433\u0438 \u041f\u043e\u0441\u0435\u0449\u0435\u043d\u0438\u0435 \u0431\u0435\u0434\u0443\u0438\u043d\u0441\u043a\u043e\u0439 \u0434\u0435\u0440\u0435\u0432\u043d\u0438 \u041a\u0430\u0442\u0430\u043d\u0438\u0435 \u043d\u0430 \u0432\u0435\u0440\u0431\u043b\u044e\u0434\u0430\u0445 \ud83d\udc2a \u0411\u0435\u0434\u0443\u0438\u043d\u0441\u043a\u0438\u0439 \u0447\u0430\u0439 \u041d\u0430\u0431\u043b\u044e\u0434\u0435\u043d\u0438\u0435 \u0437\u0430 \u0437\u0430\u043a\u0430\u0442\u043e\u043c \ud83c\udf05 \u0411\u0435\u0434\u0443\u0438\u043d\u0441\u043a\u0438\u0439 [&hellip;]<\/p>\n","protected":false},"author":1,"featured_media":0,"parent":0,"menu_order":0,"comment_status":"closed","ping_status":"closed","template":"elementor_header_footer","meta":{"footnotes":""},"class_list":["post-1751","page","type-page","status-publish","hentry"],"blocksy_meta":[],"_links":{"self":[{"href":"https:\/\/russian.deserthorsetrips.com\/de\/wp-json\/wp\/v2\/pages\/1751","targetHints":{"allow":["GET"]}}],"collection":[{"href":"https:\/\/russian.deserthorsetrips.com\/de\/wp-json\/wp\/v2\/pages"}],"about":[{"href":"https:\/\/russian.deserthorsetrips.com\/de\/wp-json\/wp\/v2\/types\/page"}],"author":[{"embeddable":true,"href":"https:\/\/russian.deserthorsetrips.com\/de\/wp-json\/wp\/v2\/users\/1"}],"replies":[{"embeddable":true,"href":"https:\/\/russian.deserthorsetrips.com\/de\/wp-json\/wp\/v2\/comments?post=1751"}],"version-history":[{"count":36,"href":"https:\/\/russian.deserthorsetrips.com\/de\/wp-json\/wp\/v2\/pages\/1751\/revisions"}],"predecessor-version":[{"id":2128,"href":"https:\/\/russian.deserthorsetrips.com\/de\/wp-json\/wp\/v2\/pages\/1751\/revisions\/2128"}],"wp:attachment":[{"href":"https:\/\/russian.deserthorsetrips.com\/de\/wp-json\/wp\/v2\/media?parent=1751"}],"curies":[{"name":"wp","href":"https:\/\/api.w.org\/{rel}","templated":true}]}}