{"id":1750,"date":"2026-03-30T18:48:54","date_gmt":"2026-03-30T18:48:54","guid":{"rendered":"https:\/\/russian.deserthorsetrips.com\/?page_id=1750"},"modified":"2026-04-17T21:09:12","modified_gmt":"2026-04-17T21:09:12","slug":"%d0%be%d1%82%d0%b5%d0%bb%d0%b8-2","status":"publish","type":"page","link":"https:\/\/russian.deserthorsetrips.com\/de\/%d0%be%d1%82%d0%b5%d0%bb%d0%b8-2\/","title":{"rendered":"Hotels"},"content":{"rendered":"<div data-elementor-type=\"wp-page\" data-elementor-id=\"1750\" class=\"elementor elementor-1750\" data-elementor-post-type=\"page\">\n\t\t\t\t\t\t<section class=\"elementor-section elementor-top-section elementor-element elementor-element-33b3f2a4 ct-section-stretched elementor-section-boxed elementor-section-height-default elementor-section-height-default\" data-id=\"33b3f2a4\" data-element_type=\"section\" data-e-type=\"section\" data-settings=\"{&quot;background_background&quot;:&quot;classic&quot;}\">\n\t\t\t\t\t\t\t<div class=\"elementor-background-overlay\"><\/div>\n\t\t\t\t\t\t\t<div class=\"elementor-container elementor-column-gap-default\">\n\t\t\t\t\t<div class=\"elementor-column elementor-col-100 elementor-top-column elementor-element elementor-element-1fbdba45\" data-id=\"1fbdba45\" data-element_type=\"column\" data-e-type=\"column\">\n\t\t\t<div class=\"elementor-widget-wrap elementor-element-populated\">\n\t\t\t\t\t\t<div class=\"elementor-element elementor-element-28a7cbb0 elementor-widget elementor-widget-heading\" data-id=\"28a7cbb0\" data-element_type=\"widget\" data-e-type=\"widget\" data-widget_type=\"heading.default\">\n\t\t\t\t\t<h2 class=\"elementor-heading-title elementor-size-default\">Hotels<\/h2>\t\t\t\t<\/div>\n\t\t\t\t\t<\/div>\n\t\t<\/div>\n\t\t\t\t\t<\/div>\n\t\t<\/section>\n\t\t<div class=\"elementor-element elementor-element-75b0012a e-con-full e-flex e-con e-parent\" data-id=\"75b0012a\" data-element_type=\"container\" data-e-type=\"container\">\n\t\t<div class=\"elementor-element elementor-element-70bbc771 e-con-full e-flex e-con e-child\" data-id=\"70bbc771\" data-element_type=\"container\" data-e-type=\"container\">\n\t\t<div class=\"elementor-element elementor-element-d3db78f e-con-full e-flex e-con e-child\" data-id=\"d3db78f\" data-element_type=\"container\" data-e-type=\"container\">\n\t\t\t\t<div class=\"elementor-element elementor-element-2d32fa54 elementor-widget elementor-widget-image\" data-id=\"2d32fa54\" data-element_type=\"widget\" data-e-type=\"widget\" data-widget_type=\"image.default\">\n\t\t\t\t\t\t\t\t\t\t\t\t\t\t\t<img fetchpriority=\"high\" decoding=\"async\" width=\"1024\" height=\"717\" src=\"https:\/\/russian.deserthorsetrips.com\/wp-content\/uploads\/2026\/03\/63745513-webp.webp\" class=\"attachment-full size-full wp-image-1828\" alt=\"\" srcset=\"https:\/\/russian.deserthorsetrips.com\/wp-content\/uploads\/2026\/03\/63745513-webp.webp 1024w, https:\/\/russian.deserthorsetrips.com\/wp-content\/uploads\/2026\/03\/63745513-webp-300x210.webp 300w, https:\/\/russian.deserthorsetrips.com\/wp-content\/uploads\/2026\/03\/63745513-webp-768x538.webp 768w, https:\/\/russian.deserthorsetrips.com\/wp-content\/uploads\/2026\/03\/63745513-webp-18x12.webp 18w\" sizes=\"(max-width: 1024px) 100vw, 1024px\" \/>\t\t\t\t\t\t\t\t\t\t\t\t\t\t\t<\/div>\n\t\t\t\t<div class=\"elementor-element elementor-element-1c8820dc elementor-invisible elementor-widget elementor-widget-image-box\" data-id=\"1c8820dc\" data-element_type=\"widget\" data-e-type=\"widget\" data-settings=\"{&quot;_animation&quot;:&quot;fadeInDown&quot;}\" data-widget_type=\"image-box.default\">\n\t\t\t\t\t<div class=\"elementor-image-box-wrapper\"><div class=\"elementor-image-box-content\"><h4 class=\"elementor-image-box-title\"><a href=\"\/de\/\u0430\u043b\u044c\u0431\u0430\u0442\u0440\u043e\u0441\/\">Urlaub in Makadi Bay<\/a><\/h4><p class=\"elementor-image-box-description\">\ud83c\udf34 Makadi Bay \u2013 Ruhe des Meeres und Zauber der Natur\nInmitten der Klarheit des Roten Meeres und der unber\u00fchrten Natur pr\u00e4sentiert sich Makadi Bay als eines der sch\u00f6nsten und ruhigsten Reiseziele in der N\u00e4he von Hurghada \u2013 der perfekte Ort f\u00fcr echte Entspannung.\n\n\u2728 Ideale Lage:\nNur 30 km vom internationalen Flughafen Hurghada entfernt (ca. 30 Minuten)\n\n\u2728 Unvergessliches Erlebnis in den Hotels von Makadi:\n\u2714 Ruhige Sandstr\u00e4nde und t\u00fcrkisfarbenes, klares Wasser\n\u2714 Luxuri\u00f6se Unterk\u00fcnfte in 4\u2605- und 5\u2605-All-Inclusive-Hotels\n\u2714 Atemberaubende Korallenriffe f\u00fcr Taucher und Schnorchler\n\u2714 Perfekte Atmosph\u00e4re zum Entspannen fern vom Stadtl\u00e4rm\n\u2714 Ideales Reiseziel f\u00fcr Familien und Paare\n\n\ud83c\udfdd In Makadi bekommt Ruhe eine neue Bedeutung\n\n\ud83d\udce9 Jetzt buchen und ein erstklassiges Erlebnis am Roten Meer genie\u00dfen<\/p><\/div><\/div>\t\t\t\t<\/div>\n\t\t\t\t<div class=\"elementor-element elementor-element-50a3592 elementor-widget elementor-widget-button\" data-id=\"50a3592\" data-element_type=\"widget\" data-e-type=\"widget\" data-widget_type=\"button.default\">\n\t\t\t\t\t\t\t\t\t\t<a class=\"elementor-button elementor-button-link elementor-size-sm\" href=\"https:\/\/russian.deserthorsetrips.com\/de\/%D0%B0%D0%BB%D1%8C%D0%B1%D0%B0%D1%82%D1%80%D0%BE%D1%81\/\">\n\t\t\t\t\t\t<span class=\"elementor-button-content-wrapper\">\n\t\t\t\t\t\t\t\t\t<span class=\"elementor-button-text\">mehr<\/span>\n\t\t\t\t\t<\/span>\n\t\t\t\t\t<\/a>\n\t\t\t\t\t\t\t\t<\/div>\n\t\t\t\t<\/div>\n\t\t<div class=\"elementor-element elementor-element-e7e1d74 e-con-full e-flex e-con e-child\" data-id=\"e7e1d74\" data-element_type=\"container\" data-e-type=\"container\">\n\t\t\t\t<div class=\"elementor-element elementor-element-3e2d6a8 elementor-widget elementor-widget-image\" data-id=\"3e2d6a8\" data-element_type=\"widget\" data-e-type=\"widget\" data-widget_type=\"image.default\">\n\t\t\t\t\t\t\t\t\t\t\t\t\t\t\t<img decoding=\"async\" width=\"1024\" height=\"626\" src=\"https:\/\/russian.deserthorsetrips.com\/wp-content\/uploads\/2026\/03\/149740662.jpg\" class=\"attachment-full size-full wp-image-1830\" alt=\"\" srcset=\"https:\/\/russian.deserthorsetrips.com\/wp-content\/uploads\/2026\/03\/149740662.jpg 1024w, https:\/\/russian.deserthorsetrips.com\/wp-content\/uploads\/2026\/03\/149740662-300x183.jpg 300w, https:\/\/russian.deserthorsetrips.com\/wp-content\/uploads\/2026\/03\/149740662-768x470.jpg 768w, https:\/\/russian.deserthorsetrips.com\/wp-content\/uploads\/2026\/03\/149740662-18x12.jpg 18w\" sizes=\"(max-width: 1024px) 100vw, 1024px\" \/>\t\t\t\t\t\t\t\t\t\t\t\t\t\t\t<\/div>\n\t\t\t\t<div class=\"elementor-element elementor-element-be2e6e3 elementor-invisible elementor-widget elementor-widget-image-box\" data-id=\"be2e6e3\" data-element_type=\"widget\" data-e-type=\"widget\" data-settings=\"{&quot;_animation&quot;:&quot;fadeInDown&quot;}\" data-widget_type=\"image-box.default\">\n\t\t\t\t\t<div class=\"elementor-image-box-wrapper\"><div class=\"elementor-image-box-content\"><h4 class=\"elementor-image-box-title\"><a href=\"\/de\/\u0432\u043e\u0441\u0445\u043e\u0434\/\"> \ud83c\udfd9 Hotels im Zentrum von Hurghada<\/a><\/h4><p class=\"elementor-image-box-description\">\ud83c\udfd9 Hotels im Zentrum von Hurghada \u2013 Top-Lage und nah an allem\nGenie\u00dfen Sie einen komfortablen Aufenthalt in Hotels im Zentrum von Hurghada, wo Sie eine lebendige Lage und einfachen Zugang zu allen touristischen Attraktionen haben.\n\n\u2728 Lage und Entfernung:\nDie Hotels im Zentrum von Hurghada liegen etwa 10\u201315 km vom internationalen Flughafen Hurghada entfernt\n(ca. 15\u201325 Minuten mit dem Auto)\n\n\u2728 Vorteile der Hotels im Stadtzentrum von Hurghada:\n\u2714 Zentrale Lage in der N\u00e4he von M\u00e4rkten und Restaurants\n\u2714 Einfacher Zugang zu \u00f6ffentlichen und privaten Str\u00e4nden\n\u2714 Hotels f\u00fcr jedes Budget geeignet\n\u2714 Lebendiges Nachtleben in der N\u00e4he\n\u2714 Ideal f\u00fcr g\u00fcnstigen und mittelklassigen Tourismus\n\n\ud83c\udfdd Zentrum von Hurghada = Komfort + Top-Lage + fairer Preis\n\n\ud83d\udce9 Jetzt buchen und einen besonderen Aufenthalt im Herzen der Stadt genie\u00dfen<\/p><\/div><\/div>\t\t\t\t<\/div>\n\t\t\t\t<div class=\"elementor-element elementor-element-3b20cb8 elementor-widget elementor-widget-button\" data-id=\"3b20cb8\" data-element_type=\"widget\" data-e-type=\"widget\" data-widget_type=\"button.default\">\n\t\t\t\t\t\t\t\t\t\t<a class=\"elementor-button elementor-button-link elementor-size-sm\" href=\"https:\/\/russian.deserthorsetrips.com\/de\/%D0%B2%D0%BE%D1%81%D1%85%D0%BE%D0%B4\/\">\n\t\t\t\t\t\t<span class=\"elementor-button-content-wrapper\">\n\t\t\t\t\t\t\t\t\t<span class=\"elementor-button-text\">mehr<\/span>\n\t\t\t\t\t<\/span>\n\t\t\t\t\t<\/a>\n\t\t\t\t\t\t\t\t<\/div>\n\t\t\t\t<\/div>\n\t\t\t\t<\/div>\n\t\t\t\t<\/div>\n\t\t<div class=\"elementor-element elementor-element-dedc743 e-con-full e-flex e-con e-parent\" data-id=\"dedc743\" data-element_type=\"container\" data-e-type=\"container\">\n\t\t<div class=\"elementor-element elementor-element-2f23bb3 e-con-full e-flex e-con e-child\" data-id=\"2f23bb3\" data-element_type=\"container\" data-e-type=\"container\">\n\t\t<div class=\"elementor-element elementor-element-000295d e-con-full e-flex e-con e-child\" data-id=\"000295d\" data-element_type=\"container\" data-e-type=\"container\">\n\t\t\t\t<div class=\"elementor-element elementor-element-8005df7 elementor-widget elementor-widget-image\" data-id=\"8005df7\" data-element_type=\"widget\" data-e-type=\"widget\" data-widget_type=\"image.default\">\n\t\t\t\t\t\t\t\t\t\t\t\t\t\t\t<img decoding=\"async\" width=\"1024\" height=\"767\" src=\"https:\/\/russian.deserthorsetrips.com\/wp-content\/uploads\/2026\/03\/461499277.webp\" class=\"attachment-full size-full wp-image-1833\" alt=\"\" srcset=\"https:\/\/russian.deserthorsetrips.com\/wp-content\/uploads\/2026\/03\/461499277.webp 1024w, https:\/\/russian.deserthorsetrips.com\/wp-content\/uploads\/2026\/03\/461499277-300x225.webp 300w, https:\/\/russian.deserthorsetrips.com\/wp-content\/uploads\/2026\/03\/461499277-768x575.webp 768w, https:\/\/russian.deserthorsetrips.com\/wp-content\/uploads\/2026\/03\/461499277-16x12.webp 16w\" sizes=\"(max-width: 1024px) 100vw, 1024px\" \/>\t\t\t\t\t\t\t\t\t\t\t\t\t\t\t<\/div>\n\t\t\t\t<div class=\"elementor-element elementor-element-65cb943 elementor-invisible elementor-widget elementor-widget-image-box\" data-id=\"65cb943\" data-element_type=\"widget\" data-e-type=\"widget\" data-settings=\"{&quot;_animation&quot;:&quot;fadeInDown&quot;}\" data-widget_type=\"image-box.default\">\n\t\t\t\t\t<div class=\"elementor-image-box-wrapper\"><div class=\"elementor-image-box-content\"><h4 class=\"elementor-image-box-title\"><a href=\"\/de\/\u044d\u043b\u044c-\u0433\u0443\u043d\u0430\/\">El-Guna <\/a><\/h4><p class=\"elementor-image-box-description\">\ud83c\udf34 \u042d\u043b\u044c-\u0413\u0443\u043d\u0430 \u2013 \u0440\u0430\u0439 \u043d\u0430 \u041a\u0440\u0430\u0441\u043d\u043e\u043c \u043c\u043e\u0440\u0435 \u0440\u044f\u0434\u043e\u043c \u0441 \u0432\u0430\u043c\u0438 \u041e\u0442\u043a\u0440\u043e\u0439\u0442\u0435 \u0434\u043b\u044f \u0441\u0435\u0431\u044f \u042d\u043b\u044c-\u0413\u0443\u043d\u0443 \u2014 \u043e\u0434\u0438\u043d \u0438\u0437 \u0441\u0430\u043c\u044b\u0445 \u043f\u0440\u0435\u0441\u0442\u0438\u0436\u043d\u044b\u0445 \u0438 \u043a\u0440\u0430\u0441\u0438\u0432\u044b\u0445 \u043a\u0443\u0440\u043e\u0440\u0442\u043e\u0432 \u0432 \u0425\u0443\u0440\u0433\u0430\u0434\u0435. \u0423\u043d\u0438\u043a\u0430\u043b\u044c\u043d\u044b\u0439 \u0433\u043e\u0440\u043e\u0434, \u043f\u043e\u0441\u0442\u0440\u043e\u0435\u043d\u043d\u044b\u0439 \u0441\u0440\u0435\u0434\u0438 \u043b\u0430\u0433\u0443\u043d \u0438 \u043e\u0441\u0442\u0440\u043e\u0432\u043e\u0432, \u0433\u0434\u0435 \u0441\u043e\u0447\u0435\u0442\u0430\u044e\u0442\u0441\u044f \u043a\u043e\u043c\u0444\u043e\u0440\u0442, \u0440\u043e\u0441\u043a\u043e\u0448\u044c \u0438 \u043f\u0440\u0438\u0440\u043e\u0434\u0430. \u2728 \u0418\u0434\u0435\u0430\u043b\u044c\u043d\u043e\u0435 \u0440\u0430\u0441\u043f\u043e\u043b\u043e\u0436\u0435\u043d\u0438\u0435: \u0412\u0441\u0435\u0433\u043e 25 \u043a\u043c \u043e\u0442 \u041c\u0435\u0436\u0434\u0443\u043d\u0430\u0440\u043e\u0434\u043d\u043e\u0433\u043e \u0430\u044d\u0440\u043e\u043f\u043e\u0440\u0442\u0430 \u0425\u0443\u0440\u0433\u0430\u0434\u044b (\u043e\u043a\u043e\u043b\u043e 20 \u043c\u0438\u043d\u0443\u0442 \u043d\u0430 \u0430\u0432\u0442\u043e\u043c\u043e\u0431\u0438\u043b\u0435) \u2728 \u041f\u0440\u0435\u0438\u043c\u0443\u0449\u0435\u0441\u0442\u0432\u0430 \u042d\u043b\u044c-\u0413\u0443\u043d\u044b: \u2714 \u0427\u0430\u0441\u0442\u043d\u044b\u0435 \u043f\u043b\u044f\u0436\u0438 \u0438 \u043a\u0440\u0438\u0441\u0442\u0430\u043b\u044c\u043d\u043e \u0447\u0438\u0441\u0442\u043e\u0435 \u043c\u043e\u0440\u0435 \u2714 \u041e\u0442\u0435\u043b\u0438 \u0438 \u0440\u0435\u0437\u043e\u0440\u0442\u044b \u043c\u0438\u0440\u043e\u0432\u043e\u0433\u043e \u0443\u0440\u043e\u0432\u043d\u044f \u2714 \u042d\u043b\u0438\u0442\u043d\u0430\u044f \u043c\u0430\u0440\u0438\u043d\u0430, \u0440\u0435\u0441\u0442\u043e\u0440\u0430\u043d\u044b \u0438 \u043a\u0430\u0444\u0435 \u2714 \u041c\u043e\u0440\u0441\u043a\u0438\u0435 \u0440\u0430\u0437\u0432\u043b\u0435\u0447\u0435\u043d\u0438\u044f: \u0434\u0430\u0439\u0432\u0438\u043d\u0433, \u0441\u043d\u043e\u0440\u043a\u043b\u0438\u043d\u0433, \u044f\u0445\u0442\u044b \u2714 \u0422\u0438\u0445\u0430\u044f, \u0431\u0435\u0437\u043e\u043f\u0430\u0441\u043d\u0430\u044f \u0438 \u0443\u044e\u0442\u043d\u0430\u044f \u0430\u0442\u043c\u043e\u0441\u0444\u0435\u0440\u0430 \ud83c\udfdd \u042d\u043b\u044c-\u0413\u0443\u043d\u0430 \u2014 \u0438\u0434\u0435\u0430\u043b\u044c\u043d\u043e\u0435 \u043c\u0435\u0441\u0442\u043e \u0434\u043b\u044f \u043e\u0442\u0434\u044b\u0445\u0430, \u0440\u0435\u043b\u0430\u043a\u0441\u0430 \u0438 \u043d\u0435\u0437\u0430\u0431\u044b\u0432\u0430\u0435\u043c\u044b\u0445 \u0432\u043f\u0435\u0447\u0430\u0442\u043b\u0435\u043d\u0438\u0439 \ud83d\udce9 \u0411\u0440\u043e\u043d\u0438\u0440\u0443\u0439\u0442\u0435 \u0441\u0435\u0439\u0447\u0430\u0441! \u041c\u044b \u043f\u0440\u0435\u0434\u043b\u0430\u0433\u0430\u0435\u043c \u043b\u0443\u0447\u0448\u0438\u0435 \u0432\u0430\u0440\u0438\u0430\u043d\u0442\u044b \u043f\u0440\u043e\u0436\u0438\u0432\u0430\u043d\u0438\u044f \u0438 \u043f\u043e\u043b\u043d\u044b\u0439 \u0442\u0443\u0440\u0438\u0441\u0442\u0438\u0447\u0435\u0441\u043a\u0438\u0439 \u0441\u0435\u0440\u0432\u0438\u0441<\/p><\/div><\/div>\t\t\t\t<\/div>\n\t\t\t\t<div class=\"elementor-element elementor-element-a93cf33 elementor-widget elementor-widget-button\" data-id=\"a93cf33\" data-element_type=\"widget\" data-e-type=\"widget\" data-widget_type=\"button.default\">\n\t\t\t\t\t\t\t\t\t\t<a class=\"elementor-button elementor-button-link elementor-size-sm\" href=\"https:\/\/russian.deserthorsetrips.com\/de\/%D1%8D%D0%BB%D1%8C-%D0%B3%D1%83%D0%BD%D0%B0\/\">\n\t\t\t\t\t\t<span class=\"elementor-button-content-wrapper\">\n\t\t\t\t\t\t\t\t\t<span class=\"elementor-button-text\">mehr<\/span>\n\t\t\t\t\t<\/span>\n\t\t\t\t\t<\/a>\n\t\t\t\t\t\t\t\t<\/div>\n\t\t\t\t<\/div>\n\t\t<div class=\"elementor-element elementor-element-066eb26 e-con-full e-flex e-con e-child\" data-id=\"066eb26\" data-element_type=\"container\" data-e-type=\"container\">\n\t\t\t\t<div class=\"elementor-element elementor-element-6dbe319 elementor-widget elementor-widget-image\" data-id=\"6dbe319\" data-element_type=\"widget\" data-e-type=\"widget\" data-widget_type=\"image.default\">\n\t\t\t\t\t\t\t\t\t\t\t\t\t\t\t<img loading=\"lazy\" decoding=\"async\" width=\"800\" height=\"439\" src=\"https:\/\/russian.deserthorsetrips.com\/wp-content\/uploads\/2026\/03\/765563896-\u0641\u0646\u062f\u0642-\u0647\u064a\u0644\u062a\u0648\u0646-\u0644\u0648\u0646\u062c-\u0628\u064a\u062a\u0634-\u0627\u0644\u063a\u0631\u062f\u0642\u0629-.jpg\" class=\"attachment-full size-full wp-image-1832\" alt=\"\" srcset=\"https:\/\/russian.deserthorsetrips.com\/wp-content\/uploads\/2026\/03\/765563896-\u0641\u0646\u062f\u0642-\u0647\u064a\u0644\u062a\u0648\u0646-\u0644\u0648\u0646\u062c-\u0628\u064a\u062a\u0634-\u0627\u0644\u063a\u0631\u062f\u0642\u0629-.jpg 800w, https:\/\/russian.deserthorsetrips.com\/wp-content\/uploads\/2026\/03\/765563896-\u0641\u0646\u062f\u0642-\u0647\u064a\u0644\u062a\u0648\u0646-\u0644\u0648\u0646\u062c-\u0628\u064a\u062a\u0634-\u0627\u0644\u063a\u0631\u062f\u0642\u0629--300x165.jpg 300w, https:\/\/russian.deserthorsetrips.com\/wp-content\/uploads\/2026\/03\/765563896-\u0641\u0646\u062f\u0642-\u0647\u064a\u0644\u062a\u0648\u0646-\u0644\u0648\u0646\u062c-\u0628\u064a\u062a\u0634-\u0627\u0644\u063a\u0631\u062f\u0642\u0629--768x421.jpg 768w, https:\/\/russian.deserthorsetrips.com\/wp-content\/uploads\/2026\/03\/765563896-\u0641\u0646\u062f\u0642-\u0647\u064a\u0644\u062a\u0648\u0646-\u0644\u0648\u0646\u062c-\u0628\u064a\u062a\u0634-\u0627\u0644\u063a\u0631\u062f\u0642\u0629--18x10.jpg 18w\" sizes=\"(max-width: 800px) 100vw, 800px\" \/>\t\t\t\t\t\t\t\t\t\t\t\t\t\t\t<\/div>\n\t\t\t\t<div class=\"elementor-element elementor-element-e8b2ff0 elementor-invisible elementor-widget elementor-widget-image-box\" data-id=\"e8b2ff0\" data-element_type=\"widget\" data-e-type=\"widget\" data-settings=\"{&quot;_animation&quot;:&quot;fadeInDown&quot;}\" data-widget_type=\"image-box.default\">\n\t\t\t\t\t<div class=\"elementor-image-box-wrapper\"><div class=\"elementor-image-box-content\"><h4 class=\"elementor-image-box-title\"><a href=\"\/de\/\u043b\u043e\u043d\u0433-\u0431\u0438\u0447\/\">Resort Sahl Hasheesh<\/a><\/h4><p class=\"elementor-image-box-description\">\ud83c\udfdd Sahl Hasheesh \u2013 eine Welt luxuri\u00f6ser Ruhe am Roten Meer\nGenie\u00dfen Sie einen einzigartigen Aufenthalt in Sahl Hasheesh \u2013 einem der elegantesten und am besten geplanten Resorts an der K\u00fcste des Roten Meeres, wo modernes Design mit Ruhe und Privatsph\u00e4re verschmilzt.\n\n\u2728 Lage und Entfernung:\nSahl Hasheesh liegt etwa 18\u201320 km vom internationalen Flughafen Hurghada entfernt\n(ca. 20 Minuten mit dem Auto)\n\n\u2728 Warum ist Sahl Hasheesh besonders?\n\u2714 Modernes und hervorragend geplantes Resort\n\u2714 Elegante Promenade mit Meerblick\n\u2714 Sehr ruhige und entspannte Atmosph\u00e4re\n\u2714 Hohes Ma\u00df an Privatsph\u00e4re und Komfort\n\u2714 Luxushotels mit erstklassigem Service\n\u2714 Echter \u201eLuxury Escape\u201c-Lifestyle\n\n\ud83c\udfdd Sahl Hasheesh = stilvolle Ruhe + Luxus + einzigartiger Urlaub\n\n\ud83d\udce9 Jetzt buchen und einen Premium-Urlaub am Roten Meer genie\u00dfen<\/p><\/div><\/div>\t\t\t\t<\/div>\n\t\t\t\t<div class=\"elementor-element elementor-element-509dc0b elementor-widget elementor-widget-button\" data-id=\"509dc0b\" data-element_type=\"widget\" data-e-type=\"widget\" data-widget_type=\"button.default\">\n\t\t\t\t\t\t\t\t\t\t<a class=\"elementor-button elementor-button-link elementor-size-sm\" href=\"https:\/\/russian.deserthorsetrips.com\/de\/%D0%BB%D0%BE%D0%BD%D0%B3-%D0%B1%D0%B8%D1%87\/\">\n\t\t\t\t\t\t<span class=\"elementor-button-content-wrapper\">\n\t\t\t\t\t\t\t\t\t<span class=\"elementor-button-text\">mehr<\/span>\n\t\t\t\t\t<\/span>\n\t\t\t\t\t<\/a>\n\t\t\t\t\t\t\t\t<\/div>\n\t\t\t\t<\/div>\n\t\t\t\t<\/div>\n\t\t\t\t<\/div>\n\t\t\t\t<\/div>","protected":false},"excerpt":{"rendered":"<p>\u041e\u0442\u0435\u043b\u0438 \u043e\u0442\u0434\u044b\u0445 \u0432 \u041c\u0430\u043a\u0430\u0434\u0438 \u0411\u044d\u0439 \ud83c\udf34 \u041c\u0430\u043a\u0430\u0434\u0438 \u0411\u044d\u0439 \u2013 \u0442\u0438\u0448\u0438\u043d\u0430 \u043c\u043e\u0440\u044f \u0438 \u043e\u0447\u0430\u0440\u043e\u0432\u0430\u043d\u0438\u0435 \u043f\u0440\u0438\u0440\u043e\u0434\u044b \u0421\u0440\u0435\u0434\u0438 \u0447\u0438\u0441\u0442\u043e\u0442\u044b \u041a\u0440\u0430\u0441\u043d\u043e\u0433\u043e \u043c\u043e\u0440\u044f \u0438 \u043f\u0435\u0440\u0432\u043e\u0437\u0434\u0430\u043d\u043d\u043e\u0439 \u043f\u0440\u0438\u0440\u043e\u0434\u044b \u041c\u0430\u043a\u0430\u0434\u0438 \u0411\u044d\u0439 \u0432\u044b\u0434\u0435\u043b\u044f\u0435\u0442\u0441\u044f \u043a\u0430\u043a \u043e\u0434\u043d\u043e \u0438\u0437 \u0441\u0430\u043c\u044b\u0445 \u043a\u0440\u0430\u0441\u0438\u0432\u044b\u0445 \u0438 \u0441\u043f\u043e\u043a\u043e\u0439\u043d\u044b\u0445 \u0442\u0443\u0440\u0438\u0441\u0442\u0438\u0447\u0435\u0441\u043a\u0438\u0445 \u043d\u0430\u043f\u0440\u0430\u0432\u043b\u0435\u043d\u0438\u0439 \u0440\u044f\u0434\u043e\u043c \u0441 \u0425\u0443\u0440\u0433\u0430\u0434\u043e\u0439 \u2014 \u043c\u0435\u0441\u0442\u043e, \u0433\u0434\u0435 \u043d\u0430\u0447\u0438\u043d\u0430\u0435\u0442\u0441\u044f \u043d\u0430\u0441\u0442\u043e\u044f\u0449\u0435\u0435 \u0440\u0430\u0441\u0441\u043b\u0430\u0431\u043b\u0435\u043d\u0438\u0435. \u2728 \u0418\u0434\u0435\u0430\u043b\u044c\u043d\u043e\u0435 \u0440\u0430\u0441\u043f\u043e\u043b\u043e\u0436\u0435\u043d\u0438\u0435: \u0412\u0441\u0435\u0433\u043e \u0432 30 \u043a\u043c \u043e\u0442 \u043c\u0435\u0436\u0434\u0443\u043d\u0430\u0440\u043e\u0434\u043d\u043e\u0433\u043e \u0430\u044d\u0440\u043e\u043f\u043e\u0440\u0442\u0430 \u0425\u0443\u0440\u0433\u0430\u0434\u044b (\u043e\u043a\u043e\u043b\u043e 30 [&hellip;]<\/p>\n","protected":false},"author":1,"featured_media":0,"parent":0,"menu_order":0,"comment_status":"closed","ping_status":"closed","template":"elementor_header_footer","meta":{"footnotes":""},"class_list":["post-1750","page","type-page","status-publish","hentry"],"blocksy_meta":[],"_links":{"self":[{"href":"https:\/\/russian.deserthorsetrips.com\/de\/wp-json\/wp\/v2\/pages\/1750","targetHints":{"allow":["GET"]}}],"collection":[{"href":"https:\/\/russian.deserthorsetrips.com\/de\/wp-json\/wp\/v2\/pages"}],"about":[{"href":"https:\/\/russian.deserthorsetrips.com\/de\/wp-json\/wp\/v2\/types\/page"}],"author":[{"embeddable":true,"href":"https:\/\/russian.deserthorsetrips.com\/de\/wp-json\/wp\/v2\/users\/1"}],"replies":[{"embeddable":true,"href":"https:\/\/russian.deserthorsetrips.com\/de\/wp-json\/wp\/v2\/comments?post=1750"}],"version-history":[{"count":40,"href":"https:\/\/russian.deserthorsetrips.com\/de\/wp-json\/wp\/v2\/pages\/1750\/revisions"}],"predecessor-version":[{"id":2181,"href":"https:\/\/russian.deserthorsetrips.com\/de\/wp-json\/wp\/v2\/pages\/1750\/revisions\/2181"}],"wp:attachment":[{"href":"https:\/\/russian.deserthorsetrips.com\/de\/wp-json\/wp\/v2\/media?parent=1750"}],"curies":[{"name":"wp","href":"https:\/\/api.w.org\/{rel}","templated":true}]}}